{"id":13,"date":"2022-11-23T09:08:01","date_gmt":"2022-11-23T09:08:01","guid":{"rendered":"https:\/\/andaluciamejorconciencia.fundaciondescubre.es\/vermi-la-lombriz-es-increible\/agentes-y-entidades-que-colaboran\/"},"modified":"2022-11-24T09:52:10","modified_gmt":"2022-11-24T09:52:10","slug":"agentes-y-entidades-que-colaboran","status":"publish","type":"page","link":"https:\/\/andaluciamejorconciencia.fundaciondescubre.es\/vermi-la-lombriz-es-increible\/es\/agentes-y-entidades-que-colaboran\/","title":{"rendered":"Agentes y entidades que colaboran"},"content":{"rendered":"<ul>\n<li><span style=\"font-weight: 400\">IES H\u00edspalis.<\/span><\/li>\n<li>Diputaci\u00f3n de Sevilla.<\/li>\n<li>Distrito Norte del Ayuntamiento de Sevilla.<\/li>\n<li>Itziar Aguirre Jim\u00e9nez (Asesora cient\u00edfica). Profesora Titular Escuela T\u00e9cnica Superior de Ingenier\u00eda Agron\u00f3mica.<\/li>\n<li>Javier Cort\u00e9s, educador ambiental.<\/li>\n<li>Asociaci\u00f3n de hortelanos \u201cHuerta Las Moreras\u201d,\u00a0 parque de Miraflores.<\/li>\n<\/ul>\n","protected":false},"excerpt":{"rendered":"<p>IES H\u00edspalis. Diputaci\u00f3n de Sevilla. Distrito Norte del Ayuntamiento de Sevilla. Itziar Aguirre Jim\u00e9nez (Asesora cient\u00edfica). Profesora Titular Escuela T\u00e9cnica Superior de Ingenier\u00eda Agron\u00f3mica. Javier Cort\u00e9s, educador ambiental. Asociaci\u00f3n de hortelanos \u201cHuerta Las Moreras\u201d,\u00a0 parque de Miraflores.<\/p>\n","protected":false},"author":1,"featured_media":0,"parent":0,"menu_order":0,"comment_status":"closed","ping_status":"closed","template":"","meta":[],"yoast_head":"<!-- This site is optimized with the Yoast SEO plugin v16.4 - https:\/\/yoast.com\/wordpress\/plugins\/seo\/ -->\n<title>Agentes y entidades que colaboran - Para un mundo m\u00e1s sostenible: Vermi la lombriz es incre\u00edble<\/title>\n<meta name=\"robots\" content=\"index, follow, max-snippet:-1, max-image-preview:large, max-video-preview:-1\" \/>\n<link rel=\"canonical\" href=\"https:\/\/andaluciamejorconciencia.fundaciondescubre.es\/vermi-la-lombriz-es-increible\/es\/agentes-y-entidades-que-colaboran\/\" \/>\n<meta property=\"og:locale\" content=\"es_ES\" \/>\n<meta property=\"og:type\" content=\"article\" \/>\n<meta property=\"og:title\" content=\"Agentes y entidades que colaboran - Para un mundo m\u00e1s sostenible: Vermi la lombriz es incre\u00edble\" \/>\n<meta property=\"og:description\" content=\"IES H\u00edspalis. Diputaci\u00f3n de Sevilla. Distrito Norte del Ayuntamiento de Sevilla. Itziar Aguirre Jim\u00e9nez (Asesora cient\u00edfica). Profesora Titular Escuela T\u00e9cnica Superior de Ingenier\u00eda Agron\u00f3mica. Javier Cort\u00e9s, educador ambiental. Asociaci\u00f3n de hortelanos \u201cHuerta Las Moreras\u201d,\u00a0 parque de Miraflores.\" \/>\n<meta property=\"og:url\" content=\"https:\/\/andaluciamejorconciencia.fundaciondescubre.es\/vermi-la-lombriz-es-increible\/es\/agentes-y-entidades-que-colaboran\/\" \/>\n<meta property=\"og:site_name\" content=\"Para un mundo m\u00e1s sostenible: Vermi la lombriz es incre\u00edble\" \/>\n<meta property=\"article:modified_time\" content=\"2022-11-24T09:52:10+00:00\" \/>\n<meta name=\"twitter:card\" content=\"summary_large_image\" \/>\n<meta name=\"twitter:label1\" content=\"Tiempo de lectura\" \/>\n\t<meta name=\"twitter:data1\" content=\"1 minuto\" \/>\n<script type=\"application\/ld+json\" class=\"yoast-schema-graph\">{\"@context\":\"https:\/\/schema.org\",\"@graph\":[{\"@type\":\"WebSite\",\"@id\":\"https:\/\/andaluciamejorconciencia.fundaciondescubre.es\/vermi-la-lombriz-es-increible\/#website\",\"url\":\"https:\/\/andaluciamejorconciencia.fundaciondescubre.es\/vermi-la-lombriz-es-increible\/\",\"name\":\"Para un mundo m\\u00e1s sostenible: Vermi la lombriz es incre\\u00edble\",\"description\":\"Andaluc\\u00eda mejor con ciencia\",\"potentialAction\":[{\"@type\":\"SearchAction\",\"target\":\"https:\/\/andaluciamejorconciencia.fundaciondescubre.es\/vermi-la-lombriz-es-increible\/?s={search_term_string}\",\"query-input\":\"required name=search_term_string\"}],\"inLanguage\":\"es\"},{\"@type\":\"WebPage\",\"@id\":\"https:\/\/andaluciamejorconciencia.fundaciondescubre.es\/vermi-la-lombriz-es-increible\/es\/agentes-y-entidades-que-colaboran\/#webpage\",\"url\":\"https:\/\/andaluciamejorconciencia.fundaciondescubre.es\/vermi-la-lombriz-es-increible\/es\/agentes-y-entidades-que-colaboran\/\",\"name\":\"Agentes y entidades que colaboran - Para un mundo m\\u00e1s sostenible: Vermi la lombriz es incre\\u00edble\",\"isPartOf\":{\"@id\":\"https:\/\/andaluciamejorconciencia.fundaciondescubre.es\/vermi-la-lombriz-es-increible\/#website\"},\"datePublished\":\"2022-11-23T09:08:01+00:00\",\"dateModified\":\"2022-11-24T09:52:10+00:00\",\"breadcrumb\":{\"@id\":\"https:\/\/andaluciamejorconciencia.fundaciondescubre.es\/vermi-la-lombriz-es-increible\/es\/agentes-y-entidades-que-colaboran\/#breadcrumb\"},\"inLanguage\":\"es\",\"potentialAction\":[{\"@type\":\"ReadAction\",\"target\":[\"https:\/\/andaluciamejorconciencia.fundaciondescubre.es\/vermi-la-lombriz-es-increible\/es\/agentes-y-entidades-que-colaboran\/\"]}]},{\"@type\":\"BreadcrumbList\",\"@id\":\"https:\/\/andaluciamejorconciencia.fundaciondescubre.es\/vermi-la-lombriz-es-increible\/es\/agentes-y-entidades-que-colaboran\/#breadcrumb\",\"itemListElement\":[{\"@type\":\"ListItem\",\"position\":1,\"item\":{\"@type\":\"WebPage\",\"@id\":\"https:\/\/andaluciamejorconciencia.fundaciondescubre.es\/vermi-la-lombriz-es-increible\/\",\"url\":\"https:\/\/andaluciamejorconciencia.fundaciondescubre.es\/vermi-la-lombriz-es-increible\/\",\"name\":\"Portada\"}},{\"@type\":\"ListItem\",\"position\":2,\"item\":{\"@id\":\"https:\/\/andaluciamejorconciencia.fundaciondescubre.es\/vermi-la-lombriz-es-increible\/es\/agentes-y-entidades-que-colaboran\/#webpage\"}}]}]}<\/script>\n<!-- \/ Yoast SEO plugin. -->","_links":{"self":[{"href":"https:\/\/andaluciamejorconciencia.fundaciondescubre.es\/vermi-la-lombriz-es-increible\/wp-json\/wp\/v2\/pages\/13"}],"collection":[{"href":"https:\/\/andaluciamejorconciencia.fundaciondescubre.es\/vermi-la-lombriz-es-increible\/wp-json\/wp\/v2\/pages"}],"about":[{"href":"https:\/\/andaluciamejorconciencia.fundaciondescubre.es\/vermi-la-lombriz-es-increible\/wp-json\/wp\/v2\/types\/page"}],"author":[{"embeddable":true,"href":"https:\/\/andaluciamejorconciencia.fundaciondescubre.es\/vermi-la-lombriz-es-increible\/wp-json\/wp\/v2\/users\/1"}],"replies":[{"embeddable":true,"href":"https:\/\/andaluciamejorconciencia.fundaciondescubre.es\/vermi-la-lombriz-es-increible\/wp-json\/wp\/v2\/comments?post=13"}],"version-history":[{"count":2,"href":"https:\/\/andaluciamejorconciencia.fundaciondescubre.es\/vermi-la-lombriz-es-increible\/wp-json\/wp\/v2\/pages\/13\/revisions"}],"predecessor-version":[{"id":40,"href":"https:\/\/andaluciamejorconciencia.fundaciondescubre.es\/vermi-la-lombriz-es-increible\/wp-json\/wp\/v2\/pages\/13\/revisions\/40"}],"wp:attachment":[{"href":"https:\/\/andaluciamejorconciencia.fundaciondescubre.es\/vermi-la-lombriz-es-increible\/wp-json\/wp\/v2\/media?parent=13"}],"curies":[{"name":"wp","href":"https:\/\/api.w.org\/{rel}","templated":true}]}}