{"id":40,"date":"2016-04-27T10:55:13","date_gmt":"2016-04-27T10:55:13","guid":{"rendered":"https:\/\/andaluciamejorconciencia.fundaciondescubre.es\/torreonalbolote\/?page_id=40"},"modified":"2016-04-27T10:55:13","modified_gmt":"2016-04-27T10:55:13","slug":"sobre-el-proyecto","status":"publish","type":"page","link":"https:\/\/andaluciamejorconciencia.fundaciondescubre.es\/torreonalbolote\/es\/sobre-el-proyecto\/","title":{"rendered":"Sobre el proyecto"},"content":{"rendered":"<p>Pulsamos el bot\u00f3n ON y\u2026 \u00a0\u00a1empezamos!<\/p>\n<p>Arranca nuestro proyecto hist\u00f3rico \u2013 ecol\u00f3gico sobre el Torre\u00f3n de Medina Elvira tambi\u00e9n conocido como el Torre\u00f3n de Albolote.<\/p>\n<p>Se trata de un proyecto cooperativo en el que est\u00e1n implicados varios centros educativos de Albolote: El CEIP San Isidro Labrador de El Chaparral, El CEIP Abad\u00eda, CDP Ave Mar\u00eda, el CEIP Tinar, el IES Aricel y el colegio CUME de Atarfe.<\/p>\n<p>A lo largo del proyecto, el alumnado de estos centros realizar\u00e1 una serie de tareas enfocadas por un lado al aprendizaje de la historia del Torre\u00f3n y por otro a concienciar de la importancia de respetar, preservar y mejorar nuestro entorno.<\/p>\n<p>Para que este proyecto sea una realidad contamos con varios agentes implicados, El Ayuntamiento de Albolote, La Fundaci\u00f3n Descubre, las familias y por supuesto toda la comunidad educativa.<\/p>\n<p>La idea es continuar el proyecto a lo largo de varios cursos y en cada uno trabajar un aspecto diferente de la zona. En este primer a\u00f1o nos vamos a centrar en la avifauna, es decir en el conjunto de aves que se pueden encontrar en la zona del Torre\u00f3n.<\/p>\n","protected":false},"excerpt":{"rendered":"<p>Pulsamos el bot\u00f3n ON y\u2026 \u00a0\u00a1empezamos! Arranca nuestro proyecto hist\u00f3rico \u2013 ecol\u00f3gico sobre el Torre\u00f3n de Medina Elvira tambi\u00e9n conocido como el Torre\u00f3n de Albolote. Se trata de un proyecto cooperativo en el que est\u00e1n implicados varios centros educativos de Albolote: El CEIP San Isidro Labrador de El Chaparral, El CEIP Abad\u00eda, CDP Ave Mar\u00eda, &hellip; <a href=\"https:\/\/andaluciamejorconciencia.fundaciondescubre.es\/torreonalbolote\/es\/sobre-el-proyecto\/\" class=\"more-link\">Continuar leyendo<span class=\"screen-reader-text\"> &#8220;Sobre el proyecto&#8221;<\/span><\/a><\/p>\n","protected":false},"author":1,"featured_media":0,"parent":0,"menu_order":0,"comment_status":"closed","ping_status":"closed","template":"","meta":[],"yoast_head":"<!-- This site is optimized with the Yoast SEO plugin v16.4 - https:\/\/yoast.com\/wordpress\/plugins\/seo\/ -->\n<title>Sobre el proyecto - Torre\u00f3n de Albolote<\/title>\n<meta name=\"robots\" content=\"index, follow, max-snippet:-1, max-image-preview:large, max-video-preview:-1\" \/>\n<link rel=\"canonical\" href=\"https:\/\/andaluciamejorconciencia.fundaciondescubre.es\/torreonalbolote\/es\/sobre-el-proyecto\/\" \/>\n<meta property=\"og:locale\" content=\"es_ES\" \/>\n<meta property=\"og:type\" content=\"article\" \/>\n<meta property=\"og:title\" content=\"Sobre el proyecto - Torre\u00f3n de Albolote\" \/>\n<meta property=\"og:description\" content=\"Pulsamos el bot\u00f3n ON y\u2026 \u00a0\u00a1empezamos! Arranca nuestro proyecto hist\u00f3rico \u2013 ecol\u00f3gico sobre el Torre\u00f3n de Medina Elvira tambi\u00e9n conocido como el Torre\u00f3n de Albolote. Se trata de un proyecto cooperativo en el que est\u00e1n implicados varios centros educativos de Albolote: El CEIP San Isidro Labrador de El Chaparral, El CEIP Abad\u00eda, CDP Ave Mar\u00eda, &hellip; Continuar leyendo &quot;Sobre el proyecto&quot;\" \/>\n<meta property=\"og:url\" content=\"https:\/\/andaluciamejorconciencia.fundaciondescubre.es\/torreonalbolote\/es\/sobre-el-proyecto\/\" \/>\n<meta property=\"og:site_name\" content=\"Torre\u00f3n de Albolote\" \/>\n<meta name=\"twitter:card\" content=\"summary\" \/>\n<meta name=\"twitter:label1\" content=\"Tiempo de lectura\" \/>\n\t<meta name=\"twitter:data1\" content=\"1 minuto\" \/>\n<script type=\"application\/ld+json\" class=\"yoast-schema-graph\">{\"@context\":\"https:\/\/schema.org\",\"@graph\":[{\"@type\":\"WebSite\",\"@id\":\"https:\/\/andaluciamejorconciencia.fundaciondescubre.es\/torreonalbolote\/#website\",\"url\":\"https:\/\/andaluciamejorconciencia.fundaciondescubre.es\/torreonalbolote\/\",\"name\":\"Torre\\u00f3n de Albolote\",\"description\":\"\",\"potentialAction\":[{\"@type\":\"SearchAction\",\"target\":\"https:\/\/andaluciamejorconciencia.fundaciondescubre.es\/torreonalbolote\/?s={search_term_string}\",\"query-input\":\"required name=search_term_string\"}],\"inLanguage\":\"es\"},{\"@type\":\"WebPage\",\"@id\":\"https:\/\/andaluciamejorconciencia.fundaciondescubre.es\/torreonalbolote\/es\/sobre-el-proyecto\/#webpage\",\"url\":\"https:\/\/andaluciamejorconciencia.fundaciondescubre.es\/torreonalbolote\/es\/sobre-el-proyecto\/\",\"name\":\"Sobre el proyecto - Torre\\u00f3n de Albolote\",\"isPartOf\":{\"@id\":\"https:\/\/andaluciamejorconciencia.fundaciondescubre.es\/torreonalbolote\/#website\"},\"datePublished\":\"2016-04-27T10:55:13+00:00\",\"dateModified\":\"2016-04-27T10:55:13+00:00\",\"breadcrumb\":{\"@id\":\"https:\/\/andaluciamejorconciencia.fundaciondescubre.es\/torreonalbolote\/es\/sobre-el-proyecto\/#breadcrumb\"},\"inLanguage\":\"es\",\"potentialAction\":[{\"@type\":\"ReadAction\",\"target\":[\"https:\/\/andaluciamejorconciencia.fundaciondescubre.es\/torreonalbolote\/es\/sobre-el-proyecto\/\"]}]},{\"@type\":\"BreadcrumbList\",\"@id\":\"https:\/\/andaluciamejorconciencia.fundaciondescubre.es\/torreonalbolote\/es\/sobre-el-proyecto\/#breadcrumb\",\"itemListElement\":[{\"@type\":\"ListItem\",\"position\":1,\"item\":{\"@type\":\"WebPage\",\"@id\":\"https:\/\/andaluciamejorconciencia.fundaciondescubre.es\/torreonalbolote\/\",\"url\":\"https:\/\/andaluciamejorconciencia.fundaciondescubre.es\/torreonalbolote\/\",\"name\":\"Portada\"}},{\"@type\":\"ListItem\",\"position\":2,\"item\":{\"@id\":\"https:\/\/andaluciamejorconciencia.fundaciondescubre.es\/torreonalbolote\/es\/sobre-el-proyecto\/#webpage\"}}]}]}<\/script>\n<!-- \/ Yoast SEO plugin. -->","_links":{"self":[{"href":"https:\/\/andaluciamejorconciencia.fundaciondescubre.es\/torreonalbolote\/wp-json\/wp\/v2\/pages\/40"}],"collection":[{"href":"https:\/\/andaluciamejorconciencia.fundaciondescubre.es\/torreonalbolote\/wp-json\/wp\/v2\/pages"}],"about":[{"href":"https:\/\/andaluciamejorconciencia.fundaciondescubre.es\/torreonalbolote\/wp-json\/wp\/v2\/types\/page"}],"author":[{"embeddable":true,"href":"https:\/\/andaluciamejorconciencia.fundaciondescubre.es\/torreonalbolote\/wp-json\/wp\/v2\/users\/1"}],"replies":[{"embeddable":true,"href":"https:\/\/andaluciamejorconciencia.fundaciondescubre.es\/torreonalbolote\/wp-json\/wp\/v2\/comments?post=40"}],"version-history":[{"count":1,"href":"https:\/\/andaluciamejorconciencia.fundaciondescubre.es\/torreonalbolote\/wp-json\/wp\/v2\/pages\/40\/revisions"}],"predecessor-version":[{"id":42,"href":"https:\/\/andaluciamejorconciencia.fundaciondescubre.es\/torreonalbolote\/wp-json\/wp\/v2\/pages\/40\/revisions\/42"}],"wp:attachment":[{"href":"https:\/\/andaluciamejorconciencia.fundaciondescubre.es\/torreonalbolote\/wp-json\/wp\/v2\/media?parent=40"}],"curies":[{"name":"wp","href":"https:\/\/api.w.org\/{rel}","templated":true}]}}