{"id":47,"date":"2016-04-27T10:53:53","date_gmt":"2016-04-27T10:53:53","guid":{"rendered":"https:\/\/andaluciamejorconciencia.fundaciondescubre.es\/sinruidoenmisoidos\/?page_id=47"},"modified":"2016-04-27T10:53:53","modified_gmt":"2016-04-27T10:53:53","slug":"sobre-el-proyecto","status":"publish","type":"page","link":"https:\/\/andaluciamejorconciencia.fundaciondescubre.es\/sinruidoenmisoidos\/es\/sobre-el-proyecto\/","title":{"rendered":"Sobre el proyecto"},"content":{"rendered":"<p>El proyecto \u2018SIN RUIDO EN MIS OIDOS\u2019 es un proyecto comunitario que se ha puesto en marcha en El Padul y nace como iniciativa para el estudio de la contaminaci\u00f3n ac\u00fastica en el municipio y la implementaci\u00f3n de medidas apoyadas en fundamentos cient\u00edficos que contribuyan a la mejora de la habitabilidad en nuestro entorno.<\/p>\n<p>Este proyecto involucra a la comunidad educativa de El Padul, as\u00ed como a diferentes agentes sociales y entidades colaboradoras para que de forma colaborativa se consiga identificar a trav\u00e9s de un mapa de ruidos los puntos cr\u00edticos de contaminaci\u00f3n ac\u00fastica de la localidad y establecer una serie de actuaciones para su mejora.<\/p>\n<p>Consideramos que este proyecto brinda una oportunidad para acercar a la comunidad educativa en particular y\u00a0a la municipal en general, el conocimiento de la f\u00edsica del sonido y de la importancia de la ciencia en el entorno y\u00a0en la calidad de vida de las personas, y c\u00f3mo a trav\u00e9s de ella podemos mejorar la habitabilidad de nuestros\u00a0espacios cotidianos, en los que transcurre la mayor parte de nuestro tiempo.<\/p>\n<p>Estamos convencidos de que se puede dar una sinergia entre las aportaciones de diferentes estamentos y\u00a0personas del municipio para conseguir una mejora real de la calidad de vida optimizando los resultados\u00a0obtenidos frente a los esfuerzos y costes que conlleva el proyecto. Al mismo tiempo la adquisici\u00f3n de\u00a0conocimientos implicar\u00eda una mayor concienciaci\u00f3n sobre los problemas que nos afectan y la posibilidad de\u00a0solucionarlos aplicando las capacidades adquiridas.<\/p>\n<p>Los objetivos de este proyecto son los siguientes:<\/p>\n<ol>\n<li>Participaci\u00f3n activa de la comunidad en un proceso de mejora de los niveles de ruido de su entorno a partir de un proyecto de car\u00e1cter cient\u00edfico.<\/li>\n<li>Fomento de la conciencia ac\u00fastica entre los agentes sociales de El Padul.<\/li>\n<li>Sensibilizaci\u00f3n de la comunidad respecto a las pr\u00e1cticas respetuosas hacia la calidad ac\u00fastica y habitabilidad del entorno especialmente en relaci\u00f3n a la problem\u00e1tica derivada de los elevados niveles de ruido en las zonas urbanas, as\u00ed como las enfermedades derivadas de dicha problem\u00e1tica.<\/li>\n<li>Mejora de la calidad ac\u00fastica en determinados puntos cr\u00edticos de la localidad y en determinados momentos de la jornada.<\/li>\n<li>Implicaci\u00f3n de diferentes sectores de la comunidad (tanto p\u00fablicos como privados) en un proyecto de divulgaci\u00f3n cient\u00edfica, y directamente relacionado con su entorno m\u00e1s pr\u00f3ximo.<\/li>\n<li>Desarrollo de las competencias b\u00e1sicas en ciencia y tecnolog\u00eda en una situaci\u00f3n real de aprendizaje y contextualizada en su entorno.<\/li>\n<li>Propiciar el desarrollo del sentido de la iniciativa y el esp\u00edritu emprendedor social.<\/li>\n<li>Desarrollo de las competencias en manejo de la informaci\u00f3n por medios digitales.<\/li>\n<li>Divulgaci\u00f3n y difusi\u00f3n del proyecto llevado a cabo por la comunidad en diferentes entornos (ferias de la ciencia: locales, provinciales y nacionales, jornadas y congresos de educaci\u00f3n, red de centros de formaci\u00f3n del profesorado, medios de comunicaci\u00f3n, blog del propio proyecto, etc.)<\/li>\n<li>Participaci\u00f3n de la comunidad en la propia difusi\u00f3n del proyecto y concienciaci\u00f3n ambiental de su entorno, trasladando su experiencia a trav\u00e9s de la realizaci\u00f3n de un audiovisual sobre el proyecto en s\u00ed mismo.<\/li>\n<\/ol>\n","protected":false},"excerpt":{"rendered":"<p>El proyecto \u2018SIN RUIDO EN MIS OIDOS\u2019 es un proyecto comunitario que se ha puesto en marcha en El Padul y nace como iniciativa para el estudio de la contaminaci\u00f3n ac\u00fastica en el municipio y la implementaci\u00f3n de medidas apoyadas en fundamentos cient\u00edficos que contribuyan a la mejora de la habitabilidad en nuestro entorno. Este &hellip; <a href=\"https:\/\/andaluciamejorconciencia.fundaciondescubre.es\/sinruidoenmisoidos\/es\/sobre-el-proyecto\/\" class=\"more-link\">Continuar leyendo<span class=\"screen-reader-text\"> &#8220;Sobre el proyecto&#8221;<\/span><\/a><\/p>\n","protected":false},"author":1,"featured_media":0,"parent":0,"menu_order":0,"comment_status":"closed","ping_status":"closed","template":"","meta":[],"yoast_head":"<!-- This site is optimized with the Yoast SEO plugin v16.4 - https:\/\/yoast.com\/wordpress\/plugins\/seo\/ -->\n<title>Sobre el proyecto - Sin ruido en mis oidos<\/title>\n<meta name=\"robots\" content=\"index, follow, max-snippet:-1, max-image-preview:large, max-video-preview:-1\" \/>\n<link rel=\"canonical\" href=\"https:\/\/andaluciamejorconciencia.fundaciondescubre.es\/sinruidoenmisoidos\/es\/sobre-el-proyecto\/\" \/>\n<meta property=\"og:locale\" content=\"es_ES\" \/>\n<meta property=\"og:type\" content=\"article\" \/>\n<meta property=\"og:title\" content=\"Sobre el proyecto - Sin ruido en mis oidos\" \/>\n<meta property=\"og:description\" content=\"El proyecto \u2018SIN RUIDO EN MIS OIDOS\u2019 es un proyecto comunitario que se ha puesto en marcha en El Padul y nace como iniciativa para el estudio de la contaminaci\u00f3n ac\u00fastica en el municipio y la implementaci\u00f3n de medidas apoyadas en fundamentos cient\u00edficos que contribuyan a la mejora de la habitabilidad en nuestro entorno. Este &hellip; Continuar leyendo &quot;Sobre el proyecto&quot;\" \/>\n<meta property=\"og:url\" content=\"https:\/\/andaluciamejorconciencia.fundaciondescubre.es\/sinruidoenmisoidos\/es\/sobre-el-proyecto\/\" \/>\n<meta property=\"og:site_name\" content=\"Sin ruido en mis oidos\" \/>\n<meta name=\"twitter:card\" content=\"summary\" \/>\n<meta name=\"twitter:label1\" content=\"Tiempo de lectura\" \/>\n\t<meta name=\"twitter:data1\" content=\"3 minutos\" \/>\n<script type=\"application\/ld+json\" class=\"yoast-schema-graph\">{\"@context\":\"https:\/\/schema.org\",\"@graph\":[{\"@type\":\"WebSite\",\"@id\":\"https:\/\/andaluciamejorconciencia.fundaciondescubre.es\/sinruidoenmisoidos\/#website\",\"url\":\"https:\/\/andaluciamejorconciencia.fundaciondescubre.es\/sinruidoenmisoidos\/\",\"name\":\"Sin ruido en mis oidos\",\"description\":\"\",\"potentialAction\":[{\"@type\":\"SearchAction\",\"target\":\"https:\/\/andaluciamejorconciencia.fundaciondescubre.es\/sinruidoenmisoidos\/?s={search_term_string}\",\"query-input\":\"required name=search_term_string\"}],\"inLanguage\":\"es\"},{\"@type\":\"WebPage\",\"@id\":\"https:\/\/andaluciamejorconciencia.fundaciondescubre.es\/sinruidoenmisoidos\/es\/sobre-el-proyecto\/#webpage\",\"url\":\"https:\/\/andaluciamejorconciencia.fundaciondescubre.es\/sinruidoenmisoidos\/es\/sobre-el-proyecto\/\",\"name\":\"Sobre el proyecto - Sin ruido en mis oidos\",\"isPartOf\":{\"@id\":\"https:\/\/andaluciamejorconciencia.fundaciondescubre.es\/sinruidoenmisoidos\/#website\"},\"datePublished\":\"2016-04-27T10:53:53+00:00\",\"dateModified\":\"2016-04-27T10:53:53+00:00\",\"breadcrumb\":{\"@id\":\"https:\/\/andaluciamejorconciencia.fundaciondescubre.es\/sinruidoenmisoidos\/es\/sobre-el-proyecto\/#breadcrumb\"},\"inLanguage\":\"es\",\"potentialAction\":[{\"@type\":\"ReadAction\",\"target\":[\"https:\/\/andaluciamejorconciencia.fundaciondescubre.es\/sinruidoenmisoidos\/es\/sobre-el-proyecto\/\"]}]},{\"@type\":\"BreadcrumbList\",\"@id\":\"https:\/\/andaluciamejorconciencia.fundaciondescubre.es\/sinruidoenmisoidos\/es\/sobre-el-proyecto\/#breadcrumb\",\"itemListElement\":[{\"@type\":\"ListItem\",\"position\":1,\"item\":{\"@type\":\"WebPage\",\"@id\":\"https:\/\/andaluciamejorconciencia.fundaciondescubre.es\/sinruidoenmisoidos\/\",\"url\":\"https:\/\/andaluciamejorconciencia.fundaciondescubre.es\/sinruidoenmisoidos\/\",\"name\":\"Portada\"}},{\"@type\":\"ListItem\",\"position\":2,\"item\":{\"@id\":\"https:\/\/andaluciamejorconciencia.fundaciondescubre.es\/sinruidoenmisoidos\/es\/sobre-el-proyecto\/#webpage\"}}]}]}<\/script>\n<!-- \/ Yoast SEO plugin. -->","_links":{"self":[{"href":"https:\/\/andaluciamejorconciencia.fundaciondescubre.es\/sinruidoenmisoidos\/wp-json\/wp\/v2\/pages\/47"}],"collection":[{"href":"https:\/\/andaluciamejorconciencia.fundaciondescubre.es\/sinruidoenmisoidos\/wp-json\/wp\/v2\/pages"}],"about":[{"href":"https:\/\/andaluciamejorconciencia.fundaciondescubre.es\/sinruidoenmisoidos\/wp-json\/wp\/v2\/types\/page"}],"author":[{"embeddable":true,"href":"https:\/\/andaluciamejorconciencia.fundaciondescubre.es\/sinruidoenmisoidos\/wp-json\/wp\/v2\/users\/1"}],"replies":[{"embeddable":true,"href":"https:\/\/andaluciamejorconciencia.fundaciondescubre.es\/sinruidoenmisoidos\/wp-json\/wp\/v2\/comments?post=47"}],"version-history":[{"count":1,"href":"https:\/\/andaluciamejorconciencia.fundaciondescubre.es\/sinruidoenmisoidos\/wp-json\/wp\/v2\/pages\/47\/revisions"}],"predecessor-version":[{"id":49,"href":"https:\/\/andaluciamejorconciencia.fundaciondescubre.es\/sinruidoenmisoidos\/wp-json\/wp\/v2\/pages\/47\/revisions\/49"}],"wp:attachment":[{"href":"https:\/\/andaluciamejorconciencia.fundaciondescubre.es\/sinruidoenmisoidos\/wp-json\/wp\/v2\/media?parent=47"}],"curies":[{"name":"wp","href":"https:\/\/api.w.org\/{rel}","templated":true}]}}