{"id":11,"date":"2016-04-19T10:35:23","date_gmt":"2016-04-19T10:35:23","guid":{"rendered":"https:\/\/andaluciamejorconciencia.fundaciondescubre.es\/sinruidoenmisoidos\/sobre-la-comunidad\/"},"modified":"2016-05-10T16:38:08","modified_gmt":"2016-05-10T16:38:08","slug":"sobre-la-comunidad","status":"publish","type":"page","link":"https:\/\/andaluciamejorconciencia.fundaciondescubre.es\/sinruidoenmisoidos\/es\/sobre-la-comunidad\/","title":{"rendered":"Sobre la comunidad"},"content":{"rendered":"<p><strong>AGENTES SOCIALES IMPLICADOS<\/strong><\/p>\n<p>IES La Laguna.<\/p>\n<p>Asociaci\u00f3n de Madres y Padres \u201cSan Isidro Labrador\u201d del IES La Laguna.<\/p>\n<p>Aula de Naturaleza.<\/p>\n<p>Excmo. Ayuntamiento de Padul.<\/p>\n<p><strong>ENTIDADES COLABORADORAS<\/strong><\/p>\n<p>Fundaci\u00f3n Descubre.<\/p>\n<p>D\u00e9caro Arquitectos.<\/p>\n<p>Insonora Ingenier\u00eda Ac\u00fastica.<\/p>\n<p>IPE Control.<\/p>\n<p>Universidad de Granada.<\/p>\n<p>Paravisa.<\/p>\n","protected":false},"excerpt":{"rendered":"<p>AGENTES SOCIALES IMPLICADOS IES La Laguna. Asociaci\u00f3n de Madres y Padres \u201cSan Isidro Labrador\u201d del IES La Laguna. Aula de Naturaleza. Excmo. Ayuntamiento de Padul. ENTIDADES COLABORADORAS Fundaci\u00f3n Descubre. D\u00e9caro Arquitectos. Insonora Ingenier\u00eda Ac\u00fastica. IPE Control. Universidad de Granada. Paravisa.<\/p>\n","protected":false},"author":1,"featured_media":0,"parent":0,"menu_order":0,"comment_status":"closed","ping_status":"closed","template":"","meta":[],"yoast_head":"<!-- This site is optimized with the Yoast SEO plugin v16.4 - https:\/\/yoast.com\/wordpress\/plugins\/seo\/ -->\n<title>Sobre la comunidad - Sin ruido en mis oidos<\/title>\n<meta name=\"robots\" content=\"index, follow, max-snippet:-1, max-image-preview:large, max-video-preview:-1\" \/>\n<link rel=\"canonical\" href=\"https:\/\/andaluciamejorconciencia.fundaciondescubre.es\/sinruidoenmisoidos\/es\/sobre-la-comunidad\/\" \/>\n<meta property=\"og:locale\" content=\"es_ES\" \/>\n<meta property=\"og:type\" content=\"article\" \/>\n<meta property=\"og:title\" content=\"Sobre la comunidad - Sin ruido en mis oidos\" \/>\n<meta property=\"og:description\" content=\"AGENTES SOCIALES IMPLICADOS IES La Laguna. Asociaci\u00f3n de Madres y Padres \u201cSan Isidro Labrador\u201d del IES La Laguna. Aula de Naturaleza. Excmo. Ayuntamiento de Padul. ENTIDADES COLABORADORAS Fundaci\u00f3n Descubre. D\u00e9caro Arquitectos. Insonora Ingenier\u00eda Ac\u00fastica. IPE Control. Universidad de Granada. Paravisa.\" \/>\n<meta property=\"og:url\" content=\"https:\/\/andaluciamejorconciencia.fundaciondescubre.es\/sinruidoenmisoidos\/es\/sobre-la-comunidad\/\" \/>\n<meta property=\"og:site_name\" content=\"Sin ruido en mis oidos\" \/>\n<meta property=\"article:modified_time\" content=\"2016-05-10T16:38:08+00:00\" \/>\n<meta name=\"twitter:card\" content=\"summary\" \/>\n<script type=\"application\/ld+json\" class=\"yoast-schema-graph\">{\"@context\":\"https:\/\/schema.org\",\"@graph\":[{\"@type\":\"WebSite\",\"@id\":\"https:\/\/andaluciamejorconciencia.fundaciondescubre.es\/sinruidoenmisoidos\/#website\",\"url\":\"https:\/\/andaluciamejorconciencia.fundaciondescubre.es\/sinruidoenmisoidos\/\",\"name\":\"Sin ruido en mis oidos\",\"description\":\"\",\"potentialAction\":[{\"@type\":\"SearchAction\",\"target\":\"https:\/\/andaluciamejorconciencia.fundaciondescubre.es\/sinruidoenmisoidos\/?s={search_term_string}\",\"query-input\":\"required name=search_term_string\"}],\"inLanguage\":\"es\"},{\"@type\":\"WebPage\",\"@id\":\"https:\/\/andaluciamejorconciencia.fundaciondescubre.es\/sinruidoenmisoidos\/es\/sobre-la-comunidad\/#webpage\",\"url\":\"https:\/\/andaluciamejorconciencia.fundaciondescubre.es\/sinruidoenmisoidos\/es\/sobre-la-comunidad\/\",\"name\":\"Sobre la comunidad - Sin ruido en mis oidos\",\"isPartOf\":{\"@id\":\"https:\/\/andaluciamejorconciencia.fundaciondescubre.es\/sinruidoenmisoidos\/#website\"},\"datePublished\":\"2016-04-19T10:35:23+00:00\",\"dateModified\":\"2016-05-10T16:38:08+00:00\",\"breadcrumb\":{\"@id\":\"https:\/\/andaluciamejorconciencia.fundaciondescubre.es\/sinruidoenmisoidos\/es\/sobre-la-comunidad\/#breadcrumb\"},\"inLanguage\":\"es\",\"potentialAction\":[{\"@type\":\"ReadAction\",\"target\":[\"https:\/\/andaluciamejorconciencia.fundaciondescubre.es\/sinruidoenmisoidos\/es\/sobre-la-comunidad\/\"]}]},{\"@type\":\"BreadcrumbList\",\"@id\":\"https:\/\/andaluciamejorconciencia.fundaciondescubre.es\/sinruidoenmisoidos\/es\/sobre-la-comunidad\/#breadcrumb\",\"itemListElement\":[{\"@type\":\"ListItem\",\"position\":1,\"item\":{\"@type\":\"WebPage\",\"@id\":\"https:\/\/andaluciamejorconciencia.fundaciondescubre.es\/sinruidoenmisoidos\/\",\"url\":\"https:\/\/andaluciamejorconciencia.fundaciondescubre.es\/sinruidoenmisoidos\/\",\"name\":\"Portada\"}},{\"@type\":\"ListItem\",\"position\":2,\"item\":{\"@id\":\"https:\/\/andaluciamejorconciencia.fundaciondescubre.es\/sinruidoenmisoidos\/es\/sobre-la-comunidad\/#webpage\"}}]}]}<\/script>\n<!-- \/ Yoast SEO plugin. -->","_links":{"self":[{"href":"https:\/\/andaluciamejorconciencia.fundaciondescubre.es\/sinruidoenmisoidos\/wp-json\/wp\/v2\/pages\/11"}],"collection":[{"href":"https:\/\/andaluciamejorconciencia.fundaciondescubre.es\/sinruidoenmisoidos\/wp-json\/wp\/v2\/pages"}],"about":[{"href":"https:\/\/andaluciamejorconciencia.fundaciondescubre.es\/sinruidoenmisoidos\/wp-json\/wp\/v2\/types\/page"}],"author":[{"embeddable":true,"href":"https:\/\/andaluciamejorconciencia.fundaciondescubre.es\/sinruidoenmisoidos\/wp-json\/wp\/v2\/users\/1"}],"replies":[{"embeddable":true,"href":"https:\/\/andaluciamejorconciencia.fundaciondescubre.es\/sinruidoenmisoidos\/wp-json\/wp\/v2\/comments?post=11"}],"version-history":[{"count":3,"href":"https:\/\/andaluciamejorconciencia.fundaciondescubre.es\/sinruidoenmisoidos\/wp-json\/wp\/v2\/pages\/11\/revisions"}],"predecessor-version":[{"id":116,"href":"https:\/\/andaluciamejorconciencia.fundaciondescubre.es\/sinruidoenmisoidos\/wp-json\/wp\/v2\/pages\/11\/revisions\/116"}],"wp:attachment":[{"href":"https:\/\/andaluciamejorconciencia.fundaciondescubre.es\/sinruidoenmisoidos\/wp-json\/wp\/v2\/media?parent=11"}],"curies":[{"name":"wp","href":"https:\/\/api.w.org\/{rel}","templated":true}]}}