{"id":52,"date":"2016-04-27T10:36:23","date_gmt":"2016-04-27T10:36:23","guid":{"rendered":"https:\/\/andaluciamejorconciencia.fundaciondescubre.es\/proyectocrece\/?page_id=52"},"modified":"2016-05-10T11:49:15","modified_gmt":"2016-05-10T11:49:15","slug":"sobre-el-proyecto","status":"publish","type":"page","link":"https:\/\/andaluciamejorconciencia.fundaciondescubre.es\/proyectocreece\/es\/sobre-el-proyecto\/","title":{"rendered":"Sobre el proyecto"},"content":{"rendered":"<p>El Proyecto CREECE\u00a0<em>(Comunidad para la Restauraci\u00f3n Ecol\u00f3gica del Estanque del Corredor verdE)<\/em>, es un proyecto Educativo de Innovaci\u00f3n que est\u00e1 dirigido a toda la comunidad de la localidad de Atarfe. El proyecto es un ejemplo de Trabajo por Proyectos y de divulgaci\u00f3n cient\u00edfica en una Comunidad de aprendizaje. Este proyecto implica no s\u00f3lo la participaci\u00f3n de todos los niveles educativos de la localidad, incluidas las familias (seis centros de Educaci\u00f3n Infantil y Primaria; dos centros de Educaci\u00f3n Secundaria y Bachillerato; y un centro de Educaci\u00f3n de adultos); sino que tambi\u00e9n implica al Ayuntamiento de Atarfe, la Universidad de Granada, el Centro de Profesorado de Granada y Entidades privadas sin \u00e1nimo de lucro.<\/p>\n<p><a href=\"http:\/\/andaluciamejorconciencia.fundaciondescubre.es\/proyectocrece\/wp-content\/uploads\/sites\/11\/2016\/04\/poquet.jpg\" rel=\"attachment wp-att-558\" data-rel=\"lightbox-image-0\" data-rl_title=\"\" data-rl_caption=\"\" title=\"\"><img loading=\"lazy\" class=\"alignnone size-full wp-image-558\" src=\"http:\/\/andaluciamejorconciencia.fundaciondescubre.es\/proyectocrece\/wp-content\/uploads\/sites\/11\/2016\/04\/poquet.jpg\" alt=\"poquet\" width=\"1944\" height=\"2896\" srcset=\"https:\/\/andaluciamejorconciencia.fundaciondescubre.es\/proyectocreece\/wp-content\/uploads\/sites\/11\/2016\/04\/poquet.jpg 1944w, https:\/\/andaluciamejorconciencia.fundaciondescubre.es\/proyectocreece\/wp-content\/uploads\/sites\/11\/2016\/04\/poquet-201x300.jpg 201w, https:\/\/andaluciamejorconciencia.fundaciondescubre.es\/proyectocreece\/wp-content\/uploads\/sites\/11\/2016\/04\/poquet-768x1144.jpg 768w, https:\/\/andaluciamejorconciencia.fundaciondescubre.es\/proyectocreece\/wp-content\/uploads\/sites\/11\/2016\/04\/poquet-687x1024.jpg 687w, https:\/\/andaluciamejorconciencia.fundaciondescubre.es\/proyectocreece\/wp-content\/uploads\/sites\/11\/2016\/04\/poquet-720x1073.jpg 720w, https:\/\/andaluciamejorconciencia.fundaciondescubre.es\/proyectocreece\/wp-content\/uploads\/sites\/11\/2016\/04\/poquet-1200x1788.jpg 1200w\" sizes=\"(max-width: 709px) 85vw, (max-width: 909px) 67vw, (max-width: 1362px) 62vw, 840px\" \/><\/a><\/p>\n<p><em>Sergio aprende la t\u00e9cnica de muestreo en el r\u00edo Fardes.<\/em><\/p>\n<p>El proyecto nace a partir de la celebraci\u00f3n de la V Feria de la ciencia de Atarfe (abril \u00a0de 2014), donde los talleres de biodiversidad han sido los mejor acogidos por el \u00a0alumnado y los que han suscitado mayor inter\u00e9s. Los cuatro talleres que se han \u00a0realizado a lo largo de la feria (Especies ex\u00f3ticas invasoras. Una responsabilidad de todos; el Proyecto Alper-Salamander; Insectos Sorprendentes y Cazadores de Cobras en el Sahara) han sentado las bases para un trabajo posterior con el alumnado en el que la sensibilizaci\u00f3n ambiental, la innovaci\u00f3n y la divulgaci\u00f3n de la ciencia cobran especial inter\u00e9s.<\/p>\n<p>El taller de investigaci\u00f3n realizado por alumnado de 1\u00ba de primaria del CEIP Atalaya durante la primera semana de abril \u201cQU\u00c9 GRANDE ES SER PEQUE\u00d1O\u201d, dirigido al conocimiento de las comunidades de los ecosistemas acu\u00e1ticos y sus redes tr\u00f3ficas, as\u00ed como la evaluaci\u00f3n del estado ecol\u00f3gico de los sistemas acu\u00e1ticos y en particular del estanque del Parque Arquitecto Ram\u00f3n Gald\u00f3n, nos ha servido como plataforma inicial de motivaci\u00f3n y divulgaci\u00f3n del proyecto entre la comunidad. Este grupo de alumnos es el impulsor del proyecto CREECE, ya que todos coincidieron en preguntar \u00bfY AHORA QU\u00c9?, haciendo referencia a que ahora que son conscientes de que el estado ecol\u00f3gico de los estanques de la localidad no es el adecuado, \u00bfc\u00f3mo podr\u00edan ayudar a solucionarlo? La respuesta a esa pregunta es el proyecto CREECE.<\/p>\n<p><a href=\"http:\/\/andaluciamejorconciencia.fundaciondescubre.es\/proyectocrece\/wp-content\/uploads\/sites\/11\/2016\/04\/cosa1.jpg\" rel=\"attachment wp-att-562\" data-rel=\"lightbox-image-1\" data-rl_title=\"\" data-rl_caption=\"\" title=\"\"><img loading=\"lazy\" class=\"alignnone size-full wp-image-562\" src=\"http:\/\/andaluciamejorconciencia.fundaciondescubre.es\/proyectocrece\/wp-content\/uploads\/sites\/11\/2016\/04\/cosa1.jpg\" alt=\"cosa1\" width=\"2896\" height=\"1944\" srcset=\"https:\/\/andaluciamejorconciencia.fundaciondescubre.es\/proyectocreece\/wp-content\/uploads\/sites\/11\/2016\/04\/cosa1.jpg 2896w, https:\/\/andaluciamejorconciencia.fundaciondescubre.es\/proyectocreece\/wp-content\/uploads\/sites\/11\/2016\/04\/cosa1-300x201.jpg 300w, https:\/\/andaluciamejorconciencia.fundaciondescubre.es\/proyectocreece\/wp-content\/uploads\/sites\/11\/2016\/04\/cosa1-768x516.jpg 768w, https:\/\/andaluciamejorconciencia.fundaciondescubre.es\/proyectocreece\/wp-content\/uploads\/sites\/11\/2016\/04\/cosa1-1024x687.jpg 1024w, https:\/\/andaluciamejorconciencia.fundaciondescubre.es\/proyectocreece\/wp-content\/uploads\/sites\/11\/2016\/04\/cosa1-285x190.jpg 285w, https:\/\/andaluciamejorconciencia.fundaciondescubre.es\/proyectocreece\/wp-content\/uploads\/sites\/11\/2016\/04\/cosa1-720x483.jpg 720w, https:\/\/andaluciamejorconciencia.fundaciondescubre.es\/proyectocreece\/wp-content\/uploads\/sites\/11\/2016\/04\/cosa1-1200x806.jpg 1200w\" sizes=\"(max-width: 709px) 85vw, (max-width: 909px) 67vw, (max-width: 1362px) 62vw, 840px\" \/><\/a><\/p>\n<p><em>Identificando macroinvertebrados con las familias<\/em><\/p>\n<p><a href=\"http:\/\/andaluciamejorconciencia.fundaciondescubre.es\/proyectocrece\/wp-content\/uploads\/sites\/11\/2016\/04\/cosa2.jpg\" rel=\"attachment wp-att-563\" data-rel=\"lightbox-image-2\" data-rl_title=\"\" data-rl_caption=\"\" title=\"\"><img loading=\"lazy\" class=\"alignnone size-full wp-image-563\" src=\"http:\/\/andaluciamejorconciencia.fundaciondescubre.es\/proyectocrece\/wp-content\/uploads\/sites\/11\/2016\/04\/cosa2.jpg\" alt=\"cosa2\" width=\"1944\" height=\"2896\" srcset=\"https:\/\/andaluciamejorconciencia.fundaciondescubre.es\/proyectocreece\/wp-content\/uploads\/sites\/11\/2016\/04\/cosa2.jpg 1944w, https:\/\/andaluciamejorconciencia.fundaciondescubre.es\/proyectocreece\/wp-content\/uploads\/sites\/11\/2016\/04\/cosa2-201x300.jpg 201w, https:\/\/andaluciamejorconciencia.fundaciondescubre.es\/proyectocreece\/wp-content\/uploads\/sites\/11\/2016\/04\/cosa2-768x1144.jpg 768w, https:\/\/andaluciamejorconciencia.fundaciondescubre.es\/proyectocreece\/wp-content\/uploads\/sites\/11\/2016\/04\/cosa2-687x1024.jpg 687w, https:\/\/andaluciamejorconciencia.fundaciondescubre.es\/proyectocreece\/wp-content\/uploads\/sites\/11\/2016\/04\/cosa2-720x1073.jpg 720w, https:\/\/andaluciamejorconciencia.fundaciondescubre.es\/proyectocreece\/wp-content\/uploads\/sites\/11\/2016\/04\/cosa2-1200x1788.jpg 1200w\" sizes=\"(max-width: 709px) 85vw, (max-width: 909px) 67vw, (max-width: 1362px) 62vw, 840px\" \/><\/a><\/p>\n<p><em>Seleccionando los macroinvertebrados en la bateas<\/em><\/p>\n<p><strong>Objetivos del proyecto<\/strong><\/p>\n<p>El proyecto CREECE pretende despertar la conciencia social en relaci\u00f3n a la ciencia y la ecolog\u00eda de los sistemas acu\u00e1ticos implicando a toda la comunidad en un proyecto de mejora de un elemento de su propio entorno, en este caso, el Estanque del Parque del Corredor Verde.<\/p>\n<p><a href=\"http:\/\/andaluciamejorconciencia.fundaciondescubre.es\/proyectocrece\/wp-content\/uploads\/sites\/11\/2016\/04\/cosa3.jpg\" rel=\"attachment wp-att-564\" data-rel=\"lightbox-image-3\" data-rl_title=\"\" data-rl_caption=\"\" title=\"\"><img loading=\"lazy\" class=\"alignnone size-full wp-image-564\" src=\"http:\/\/andaluciamejorconciencia.fundaciondescubre.es\/proyectocrece\/wp-content\/uploads\/sites\/11\/2016\/04\/cosa3.jpg\" alt=\"cosa3\" width=\"2896\" height=\"1944\" srcset=\"https:\/\/andaluciamejorconciencia.fundaciondescubre.es\/proyectocreece\/wp-content\/uploads\/sites\/11\/2016\/04\/cosa3.jpg 2896w, https:\/\/andaluciamejorconciencia.fundaciondescubre.es\/proyectocreece\/wp-content\/uploads\/sites\/11\/2016\/04\/cosa3-300x201.jpg 300w, https:\/\/andaluciamejorconciencia.fundaciondescubre.es\/proyectocreece\/wp-content\/uploads\/sites\/11\/2016\/04\/cosa3-768x516.jpg 768w, https:\/\/andaluciamejorconciencia.fundaciondescubre.es\/proyectocreece\/wp-content\/uploads\/sites\/11\/2016\/04\/cosa3-1024x687.jpg 1024w, https:\/\/andaluciamejorconciencia.fundaciondescubre.es\/proyectocreece\/wp-content\/uploads\/sites\/11\/2016\/04\/cosa3-285x190.jpg 285w, https:\/\/andaluciamejorconciencia.fundaciondescubre.es\/proyectocreece\/wp-content\/uploads\/sites\/11\/2016\/04\/cosa3-720x483.jpg 720w, https:\/\/andaluciamejorconciencia.fundaciondescubre.es\/proyectocreece\/wp-content\/uploads\/sites\/11\/2016\/04\/cosa3-1200x806.jpg 1200w\" sizes=\"(max-width: 709px) 85vw, (max-width: 909px) 67vw, (max-width: 1362px) 62vw, 840px\" \/><\/a><\/p>\n<p><em>Macroinvertebrados en la placa Petri<\/em><\/p>\n<p>Es por ello que se han planteado los siguientes objetivos generales y espec\u00edficos del proyecto.<\/p>\n<p>1.- Participaci\u00f3n activa del alumnado en un proceso de mejora y recuperaci\u00f3n de su entorno a partir de un proyecto de car\u00e1cter cient\u00edfico.<\/p>\n<p><a href=\"http:\/\/andaluciamejorconciencia.fundaciondescubre.es\/proyectocrece\/wp-content\/uploads\/sites\/11\/2016\/04\/cosa4.jpg\" rel=\"attachment wp-att-565\" data-rel=\"lightbox-image-4\" data-rl_title=\"\" data-rl_caption=\"\" title=\"\"><img loading=\"lazy\" class=\"alignnone size-full wp-image-565\" src=\"http:\/\/andaluciamejorconciencia.fundaciondescubre.es\/proyectocrece\/wp-content\/uploads\/sites\/11\/2016\/04\/cosa4.jpg\" alt=\"cosa4\" width=\"1488\" height=\"1984\" srcset=\"https:\/\/andaluciamejorconciencia.fundaciondescubre.es\/proyectocreece\/wp-content\/uploads\/sites\/11\/2016\/04\/cosa4.jpg 1488w, https:\/\/andaluciamejorconciencia.fundaciondescubre.es\/proyectocreece\/wp-content\/uploads\/sites\/11\/2016\/04\/cosa4-225x300.jpg 225w, https:\/\/andaluciamejorconciencia.fundaciondescubre.es\/proyectocreece\/wp-content\/uploads\/sites\/11\/2016\/04\/cosa4-768x1024.jpg 768w, https:\/\/andaluciamejorconciencia.fundaciondescubre.es\/proyectocreece\/wp-content\/uploads\/sites\/11\/2016\/04\/cosa4-720x960.jpg 720w, https:\/\/andaluciamejorconciencia.fundaciondescubre.es\/proyectocreece\/wp-content\/uploads\/sites\/11\/2016\/04\/cosa4-1200x1600.jpg 1200w\" sizes=\"(max-width: 709px) 85vw, (max-width: 909px) 67vw, (max-width: 1362px) 62vw, 840px\" \/><\/a><\/p>\n<p><em>Taller de maquetas de macroinvertebrados (V Feria de la Ciencia de Atarfe)<\/em><\/p>\n<p>2.- Fomento de la conciencia ambiental del alumnado as\u00ed como de su respeto hacia los<br \/>\necosistemas acu\u00e1ticos.<\/p>\n<p>3.- Sensibilizaci\u00f3n de la comunidad respecto a las pr\u00e1cticas respetuosas con el medio ambiente, especialmente en relaci\u00f3n a la problem\u00e1tica derivada de la liberaci\u00f3n de Especies Ex\u00f3ticas Invasoras en el medio natural.<\/p>\n<p>4.- Implicaci\u00f3n de diferentes sectores de la comunidad en un proyecto educativo de car\u00e1cter cient\u00edfico, y directamente relacionado con su entorno m\u00e1s pr\u00f3ximo.<\/p>\n<p>5.- Divulgaci\u00f3n y difusi\u00f3n del proyecto llevado a cabo por la comunidad en diferentes entornos (ferias de la ciencia: locales, provinciales y nacionales, jornadas y congresos de educaci\u00f3n, red de centros de formaci\u00f3n del profesorado, medios de comunicaci\u00f3n, etc.)<\/p>\n<p><a href=\"http:\/\/andaluciamejorconciencia.fundaciondescubre.es\/proyectocrece\/wp-content\/uploads\/sites\/11\/2016\/04\/cosa5.jpg\" rel=\"attachment wp-att-566\" data-rel=\"lightbox-image-5\" data-rl_title=\"\" data-rl_caption=\"\" title=\"\"><img loading=\"lazy\" class=\"alignnone size-full wp-image-566\" src=\"http:\/\/andaluciamejorconciencia.fundaciondescubre.es\/proyectocrece\/wp-content\/uploads\/sites\/11\/2016\/04\/cosa5.jpg\" alt=\"cosa5\" width=\"1984\" height=\"1488\" srcset=\"https:\/\/andaluciamejorconciencia.fundaciondescubre.es\/proyectocreece\/wp-content\/uploads\/sites\/11\/2016\/04\/cosa5.jpg 1984w, https:\/\/andaluciamejorconciencia.fundaciondescubre.es\/proyectocreece\/wp-content\/uploads\/sites\/11\/2016\/04\/cosa5-300x225.jpg 300w, https:\/\/andaluciamejorconciencia.fundaciondescubre.es\/proyectocreece\/wp-content\/uploads\/sites\/11\/2016\/04\/cosa5-768x576.jpg 768w, https:\/\/andaluciamejorconciencia.fundaciondescubre.es\/proyectocreece\/wp-content\/uploads\/sites\/11\/2016\/04\/cosa5-1024x768.jpg 1024w, https:\/\/andaluciamejorconciencia.fundaciondescubre.es\/proyectocreece\/wp-content\/uploads\/sites\/11\/2016\/04\/cosa5-720x540.jpg 720w, https:\/\/andaluciamejorconciencia.fundaciondescubre.es\/proyectocreece\/wp-content\/uploads\/sites\/11\/2016\/04\/cosa5-1200x900.jpg 1200w\" sizes=\"(max-width: 709px) 85vw, (max-width: 909px) 67vw, (max-width: 1362px) 62vw, 840px\" \/><\/a><\/p>\n<p><em>Taller de macroinvertebrados al microscopio<\/em><\/p>\n<p>6.- Participar en la propia difusi\u00f3n del proyecto y concienciaci\u00f3n ambiental de su entorno, trasladando su experiencia a trav\u00e9s de la realizaci\u00f3n de un documental sobre el proceso de restauraci\u00f3n completo.<\/p>\n<p><strong>Objetivos Espec\u00edficos:<\/strong><\/p>\n<p>1.\u00a0\u00a0\u00a0\u00a0\u00a0\u00a0\u00a0 Emplear la metodolog\u00eda \u201cAprendizaje basado en proyectos a partir de una comunidad de aprendizaje\u201d<\/p>\n<p>2.\u00a0\u00a0\u00a0\u00a0\u00a0\u00a0\u00a0 Familiarizar al alumnado con la din\u00e1mica y funcionamiento desde un punto de vista ecol\u00f3gico de los ecosistemas acu\u00e1ticos (biodiversidad, redes tr\u00f3ficas, ecolog\u00eda de comunidades, etc.).<\/p>\n<p>3.\u00a0\u00a0\u00a0\u00a0\u00a0\u00a0\u00a0 Iniciar al alumnado en el concepto, manejo y medici\u00f3n de distintos par\u00e1metros biol\u00f3gicos, f\u00edsicos y qu\u00edmicos indicativos del estado ecol\u00f3gico de un ecosistema acu\u00e1tico len\u00edtico.<\/p>\n<p>3.\u00a0\u00a0\u00a0\u00a0\u00a0\u00a0\u00a0 Posibilitar el manejo de instrumental de laboratorio adecuado.<\/p>\n<p>4.\u00a0\u00a0\u00a0\u00a0\u00a0\u00a0\u00a0 Demostrar el impacto del ser humano en el medio.<\/p>\n<p>5.\u00a0\u00a0\u00a0\u00a0\u00a0\u00a0\u00a0 Propiciar pr\u00e1cticas de mejora y recuperaci\u00f3n del entorno frente a los impactos del ser humano en el medio.<\/p>\n<p>6.\u00a0\u00a0\u00a0\u00a0\u00a0\u00a0\u00a0 Reforzar una din\u00e1mica de trabajo colaborativo, afianzando las comunidades de aprendizaje, y la integraci\u00f3n y toma de responsabilidad de padres y madres en el proceso formativo de sus hijos e hijas.<\/p>\n<p>7.\u00a0\u00a0\u00a0\u00a0\u00a0\u00a0\u00a0 Potenciar el uso de las nuevas tecnolog\u00edas mediante la consecuci\u00f3n de la tarea final del proyecto (documental).<\/p>\n<p><strong>Transversalidad del proyecto<\/strong><\/p>\n<p>Los contenidos que desarrolla el proyecto est\u00e1n vertebrados en el\u00a0curriculum\u00a0de los diferentes niveles educativos, especialmente dentro del \u00e1mbito de las Ciencias, aunque tambi\u00e9n en el resto de \u00e1reas, (desde la Lengua Castellana, necesaria para redactar el gui\u00f3n y el contenido textual del documental, al \u00e1rea de Educaci\u00f3n Art\u00edstica, que recoge tanto la fotograf\u00eda como la banda sonora del documental, pasando por las Ciencias Sociales y su importancia en el trabajo de concienciaci\u00f3n social sobre la tem\u00e1tica ambiental, la F\u00edsica y Qu\u00edmica, las Matem\u00e1ticas, y la Inform\u00e1tica como materias que nos permitir\u00e1n analizar objetivamente los datos de an\u00e1lisis, ya que los diferentes aspectos que trabajamos nos permiten enfocar las tareas desde cualquier \u00e1rea o \u00e1mbito curricular.<\/p>\n<p><strong>Participantes<\/strong><\/p>\n<p>Responsables implicados en el proyecto:<\/p>\n<p>La persona responsable principal del proyecto es D\u00aa Esther Di\u00e1nez Mu\u00f1oz, maestra de Educaci\u00f3n Primaria del CEIP Atalaya de Atarfe, centro que impulsa el proyecto, aunque la coordinaci\u00f3n con los diferentes centro educativos se llevar\u00e1 a cabo a trav\u00e9s de nuestro asesor cient\u00edfico, el doctor en Biolog\u00eda Jos\u00e9 Manuel Poquet y del orientador de Referencia de la zona de Atarfe (D. Juan de Dios Fern\u00e1ndez).<\/p>\n<p><strong>Instituciones implicadas en el proyecto:<\/strong><\/p>\n<p>-Ayuntamiento de Atarfe<\/p>\n<p>-Fundaci\u00f3n Descubre<\/p>\n<p>-Centro de Profesorado de Granada (CEP)<\/p>\n<p>-Universidad de Granada (Instituto del Agua)<\/p>\n<p>-Asociaci\u00f3n de mujeres de Atarfe<\/p>\n<p><strong>Centros donde se desarrolla el proyecto:<\/strong><\/p>\n<p>-C.E.I.P. Atalaya (Atarfe, Granada)<\/p>\n<p>-C.E.I.P. Dr. Jim\u00e9nez Rueda (Atarfe, Granada)<\/p>\n<p>-C.E.I.P. Clara Campoamor (Atarfe, Granada)<\/p>\n<p>-C.E.I.P. Medina Elvira (Atarfe, Granada)<\/p>\n<p>-Colegio Concertado SAFA \u2013 Ntra. Sra. del Rosario (Atarfe, Granada)<\/p>\n<p>-C.E.I.P. (18007502) Centro de nueva creaci\u00f3n en la localidad y a\u00fan sin nombre.<\/p>\n<p>-I.E.S. Iliberis (Atarfe, Granada)<\/p>\n<p>-I.E.S. Vega de Atarfe (Atarfe, Granada)<\/p>\n<p>-Centro P\u00fablico de Educaci\u00f3n Permanente de Adultos (Atarfe, Granada)<\/p>\n<p><strong>Centros colaboradores.<\/strong><\/p>\n<p>-I.E.S. Albayz\u00edn (realizaci\u00f3n del documental final)<\/p>\n","protected":false},"excerpt":{"rendered":"<p>El Proyecto CREECE\u00a0(Comunidad para la Restauraci\u00f3n Ecol\u00f3gica del Estanque del Corredor verdE), es un proyecto Educativo de Innovaci\u00f3n que est\u00e1 dirigido a toda la comunidad de la localidad de Atarfe. El proyecto es un ejemplo de Trabajo por Proyectos y de divulgaci\u00f3n cient\u00edfica en una Comunidad de aprendizaje. Este proyecto implica no s\u00f3lo la participaci\u00f3n &hellip; <a href=\"https:\/\/andaluciamejorconciencia.fundaciondescubre.es\/proyectocreece\/es\/sobre-el-proyecto\/\" class=\"more-link\">Continuar leyendo<span class=\"screen-reader-text\"> &#8220;Sobre el proyecto&#8221;<\/span><\/a><\/p>\n","protected":false},"author":1,"featured_media":0,"parent":0,"menu_order":0,"comment_status":"closed","ping_status":"closed","template":"","meta":[],"yoast_head":"<!-- This site is optimized with the Yoast SEO plugin v16.4 - https:\/\/yoast.com\/wordpress\/plugins\/seo\/ -->\n<title>Sobre el proyecto - Proyecto Creece<\/title>\n<meta name=\"robots\" content=\"index, follow, max-snippet:-1, max-image-preview:large, max-video-preview:-1\" \/>\n<link rel=\"canonical\" href=\"https:\/\/andaluciamejorconciencia.fundaciondescubre.es\/proyectocreece\/es\/sobre-el-proyecto\/\" \/>\n<meta property=\"og:locale\" content=\"es_ES\" \/>\n<meta property=\"og:type\" content=\"article\" \/>\n<meta property=\"og:title\" content=\"Sobre el proyecto - Proyecto Creece\" \/>\n<meta property=\"og:description\" content=\"El Proyecto CREECE\u00a0(Comunidad para la Restauraci\u00f3n Ecol\u00f3gica del Estanque del Corredor verdE), es un proyecto Educativo de Innovaci\u00f3n que est\u00e1 dirigido a toda la comunidad de la localidad de Atarfe. El proyecto es un ejemplo de Trabajo por Proyectos y de divulgaci\u00f3n cient\u00edfica en una Comunidad de aprendizaje. Este proyecto implica no s\u00f3lo la participaci\u00f3n &hellip; Continuar leyendo &quot;Sobre el proyecto&quot;\" \/>\n<meta property=\"og:url\" content=\"https:\/\/andaluciamejorconciencia.fundaciondescubre.es\/proyectocreece\/es\/sobre-el-proyecto\/\" \/>\n<meta property=\"og:site_name\" content=\"Proyecto Creece\" \/>\n<meta property=\"article:modified_time\" content=\"2016-05-10T11:49:15+00:00\" \/>\n<meta property=\"og:image\" content=\"http:\/\/andaluciamejorconciencia.fundaciondescubre.es\/proyectocrece\/wp-content\/uploads\/sites\/11\/2016\/04\/poquet.jpg\" \/>\n<meta name=\"twitter:card\" content=\"summary\" \/>\n<meta name=\"twitter:label1\" content=\"Tiempo de lectura\" \/>\n\t<meta name=\"twitter:data1\" content=\"6 minutos\" \/>\n<script type=\"application\/ld+json\" class=\"yoast-schema-graph\">{\"@context\":\"https:\/\/schema.org\",\"@graph\":[{\"@type\":\"WebSite\",\"@id\":\"https:\/\/andaluciamejorconciencia.fundaciondescubre.es\/proyectocreece\/#website\",\"url\":\"https:\/\/andaluciamejorconciencia.fundaciondescubre.es\/proyectocreece\/\",\"name\":\"Proyecto Creece\",\"description\":\"\",\"potentialAction\":[{\"@type\":\"SearchAction\",\"target\":\"https:\/\/andaluciamejorconciencia.fundaciondescubre.es\/proyectocreece\/?s={search_term_string}\",\"query-input\":\"required name=search_term_string\"}],\"inLanguage\":\"es\"},{\"@type\":\"ImageObject\",\"@id\":\"https:\/\/andaluciamejorconciencia.fundaciondescubre.es\/proyectocreece\/es\/sobre-el-proyecto\/#primaryimage\",\"inLanguage\":\"es\",\"url\":\"http:\/\/andaluciamejorconciencia.fundaciondescubre.es\/proyectocrece\/wp-content\/uploads\/sites\/11\/2016\/04\/poquet.jpg\",\"contentUrl\":\"http:\/\/andaluciamejorconciencia.fundaciondescubre.es\/proyectocrece\/wp-content\/uploads\/sites\/11\/2016\/04\/poquet.jpg\"},{\"@type\":\"WebPage\",\"@id\":\"https:\/\/andaluciamejorconciencia.fundaciondescubre.es\/proyectocreece\/es\/sobre-el-proyecto\/#webpage\",\"url\":\"https:\/\/andaluciamejorconciencia.fundaciondescubre.es\/proyectocreece\/es\/sobre-el-proyecto\/\",\"name\":\"Sobre el proyecto - Proyecto Creece\",\"isPartOf\":{\"@id\":\"https:\/\/andaluciamejorconciencia.fundaciondescubre.es\/proyectocreece\/#website\"},\"primaryImageOfPage\":{\"@id\":\"https:\/\/andaluciamejorconciencia.fundaciondescubre.es\/proyectocreece\/es\/sobre-el-proyecto\/#primaryimage\"},\"datePublished\":\"2016-04-27T10:36:23+00:00\",\"dateModified\":\"2016-05-10T11:49:15+00:00\",\"breadcrumb\":{\"@id\":\"https:\/\/andaluciamejorconciencia.fundaciondescubre.es\/proyectocreece\/es\/sobre-el-proyecto\/#breadcrumb\"},\"inLanguage\":\"es\",\"potentialAction\":[{\"@type\":\"ReadAction\",\"target\":[\"https:\/\/andaluciamejorconciencia.fundaciondescubre.es\/proyectocreece\/es\/sobre-el-proyecto\/\"]}]},{\"@type\":\"BreadcrumbList\",\"@id\":\"https:\/\/andaluciamejorconciencia.fundaciondescubre.es\/proyectocreece\/es\/sobre-el-proyecto\/#breadcrumb\",\"itemListElement\":[{\"@type\":\"ListItem\",\"position\":1,\"item\":{\"@type\":\"WebPage\",\"@id\":\"https:\/\/andaluciamejorconciencia.fundaciondescubre.es\/proyectocreece\/\",\"url\":\"https:\/\/andaluciamejorconciencia.fundaciondescubre.es\/proyectocreece\/\",\"name\":\"Portada\"}},{\"@type\":\"ListItem\",\"position\":2,\"item\":{\"@id\":\"https:\/\/andaluciamejorconciencia.fundaciondescubre.es\/proyectocreece\/es\/sobre-el-proyecto\/#webpage\"}}]}]}<\/script>\n<!-- \/ Yoast SEO plugin. -->","_links":{"self":[{"href":"https:\/\/andaluciamejorconciencia.fundaciondescubre.es\/proyectocreece\/wp-json\/wp\/v2\/pages\/52"}],"collection":[{"href":"https:\/\/andaluciamejorconciencia.fundaciondescubre.es\/proyectocreece\/wp-json\/wp\/v2\/pages"}],"about":[{"href":"https:\/\/andaluciamejorconciencia.fundaciondescubre.es\/proyectocreece\/wp-json\/wp\/v2\/types\/page"}],"author":[{"embeddable":true,"href":"https:\/\/andaluciamejorconciencia.fundaciondescubre.es\/proyectocreece\/wp-json\/wp\/v2\/users\/1"}],"replies":[{"embeddable":true,"href":"https:\/\/andaluciamejorconciencia.fundaciondescubre.es\/proyectocreece\/wp-json\/wp\/v2\/comments?post=52"}],"version-history":[{"count":6,"href":"https:\/\/andaluciamejorconciencia.fundaciondescubre.es\/proyectocreece\/wp-json\/wp\/v2\/pages\/52\/revisions"}],"predecessor-version":[{"id":570,"href":"https:\/\/andaluciamejorconciencia.fundaciondescubre.es\/proyectocreece\/wp-json\/wp\/v2\/pages\/52\/revisions\/570"}],"wp:attachment":[{"href":"https:\/\/andaluciamejorconciencia.fundaciondescubre.es\/proyectocreece\/wp-json\/wp\/v2\/media?parent=52"}],"curies":[{"name":"wp","href":"https:\/\/api.w.org\/{rel}","templated":true}]}}