{"id":14,"date":"2021-11-18T09:58:21","date_gmt":"2021-11-18T09:58:21","guid":{"rendered":"https:\/\/andaluciamejorconciencia.fundaciondescubre.es\/planeta-bienestar\/agents-and-entities\/"},"modified":"2022-02-02T09:28:18","modified_gmt":"2022-02-02T09:28:18","slug":"agents-and-entities","status":"publish","type":"page","link":"https:\/\/andaluciamejorconciencia.fundaciondescubre.es\/planta-bienestar\/en\/agents-and-entities\/","title":{"rendered":"Agents and entities"},"content":{"rendered":"\n<p>Agentes sociales implicados:<\/p>\n\n\n\n<ul><li>IES H\u00edspalis.<\/li><li>Diputaci\u00f3n de Sevilla.<\/li><li>Cient\u00edfico asesor: D. Rafael L\u00f3pez N\u00fa\u00f1ez (IRNAS-CSIC).<\/li><li>Asociaci\u00f3n de hortelanos del Huerto Urbano de Miraflores.<\/li><\/ul>\n\n\n\n<p>Entidades colaboradoras:<\/p>\n\n\n\n<ul><li>Fundaci\u00f3n Descubre.<\/li><\/ul>\n","protected":false},"excerpt":{"rendered":"<p>Agentes sociales implicados: IES H\u00edspalis. Diputaci\u00f3n de Sevilla. Cient\u00edfico asesor: D. Rafael L\u00f3pez N\u00fa\u00f1ez (IRNAS-CSIC). Asociaci\u00f3n de hortelanos del Huerto Urbano de Miraflores. Entidades colaboradoras: Fundaci\u00f3n Descubre.<\/p>\n","protected":false},"author":1,"featured_media":0,"parent":0,"menu_order":0,"comment_status":"closed","ping_status":"closed","template":"","meta":[],"yoast_head":"<!-- This site is optimized with the Yoast SEO plugin v16.4 - https:\/\/yoast.com\/wordpress\/plugins\/seo\/ -->\n<title>Agents and entities - Planta bienestar<\/title>\n<meta name=\"robots\" content=\"index, follow, max-snippet:-1, max-image-preview:large, max-video-preview:-1\" \/>\n<link rel=\"canonical\" href=\"https:\/\/andaluciamejorconciencia.fundaciondescubre.es\/planta-bienestar\/en\/agents-and-entities\/\" \/>\n<meta property=\"og:locale\" content=\"es_ES\" \/>\n<meta property=\"og:type\" content=\"article\" \/>\n<meta property=\"og:title\" content=\"Agents and entities - Planta bienestar\" \/>\n<meta property=\"og:description\" content=\"Agentes sociales implicados: IES H\u00edspalis. Diputaci\u00f3n de Sevilla. Cient\u00edfico asesor: D. Rafael L\u00f3pez N\u00fa\u00f1ez (IRNAS-CSIC). Asociaci\u00f3n de hortelanos del Huerto Urbano de Miraflores. Entidades colaboradoras: Fundaci\u00f3n Descubre.\" \/>\n<meta property=\"og:url\" content=\"https:\/\/andaluciamejorconciencia.fundaciondescubre.es\/planta-bienestar\/en\/agents-and-entities\/\" \/>\n<meta property=\"og:site_name\" content=\"Planta bienestar\" \/>\n<meta property=\"article:modified_time\" content=\"2022-02-02T09:28:18+00:00\" \/>\n<meta name=\"twitter:card\" content=\"summary_large_image\" \/>\n<meta name=\"twitter:label1\" content=\"Tiempo de lectura\" \/>\n\t<meta name=\"twitter:data1\" content=\"1 minuto\" \/>\n<script type=\"application\/ld+json\" class=\"yoast-schema-graph\">{\"@context\":\"https:\/\/schema.org\",\"@graph\":[{\"@type\":\"WebSite\",\"@id\":\"https:\/\/andaluciamejorconciencia.fundaciondescubre.es\/planta-bienestar\/#website\",\"url\":\"https:\/\/andaluciamejorconciencia.fundaciondescubre.es\/planta-bienestar\/\",\"name\":\"Planta bienestar\",\"description\":\"Andaluc\\u00eda mejor con ciencia\",\"potentialAction\":[{\"@type\":\"SearchAction\",\"target\":\"https:\/\/andaluciamejorconciencia.fundaciondescubre.es\/planta-bienestar\/?s={search_term_string}\",\"query-input\":\"required name=search_term_string\"}],\"inLanguage\":\"es\"},{\"@type\":\"WebPage\",\"@id\":\"https:\/\/andaluciamejorconciencia.fundaciondescubre.es\/planta-bienestar\/en\/agents-and-entities\/#webpage\",\"url\":\"https:\/\/andaluciamejorconciencia.fundaciondescubre.es\/planta-bienestar\/en\/agents-and-entities\/\",\"name\":\"Agents and entities - Planta bienestar\",\"isPartOf\":{\"@id\":\"https:\/\/andaluciamejorconciencia.fundaciondescubre.es\/planta-bienestar\/#website\"},\"datePublished\":\"2021-11-18T09:58:21+00:00\",\"dateModified\":\"2022-02-02T09:28:18+00:00\",\"breadcrumb\":{\"@id\":\"https:\/\/andaluciamejorconciencia.fundaciondescubre.es\/planta-bienestar\/en\/agents-and-entities\/#breadcrumb\"},\"inLanguage\":\"es\",\"potentialAction\":[{\"@type\":\"ReadAction\",\"target\":[\"https:\/\/andaluciamejorconciencia.fundaciondescubre.es\/planta-bienestar\/en\/agents-and-entities\/\"]}]},{\"@type\":\"BreadcrumbList\",\"@id\":\"https:\/\/andaluciamejorconciencia.fundaciondescubre.es\/planta-bienestar\/en\/agents-and-entities\/#breadcrumb\",\"itemListElement\":[{\"@type\":\"ListItem\",\"position\":1,\"item\":{\"@type\":\"WebPage\",\"@id\":\"https:\/\/andaluciamejorconciencia.fundaciondescubre.es\/planta-bienestar\/\",\"url\":\"https:\/\/andaluciamejorconciencia.fundaciondescubre.es\/planta-bienestar\/\",\"name\":\"Portada\"}},{\"@type\":\"ListItem\",\"position\":2,\"item\":{\"@id\":\"https:\/\/andaluciamejorconciencia.fundaciondescubre.es\/planta-bienestar\/en\/agents-and-entities\/#webpage\"}}]}]}<\/script>\n<!-- \/ Yoast SEO plugin. -->","_links":{"self":[{"href":"https:\/\/andaluciamejorconciencia.fundaciondescubre.es\/planta-bienestar\/wp-json\/wp\/v2\/pages\/14"}],"collection":[{"href":"https:\/\/andaluciamejorconciencia.fundaciondescubre.es\/planta-bienestar\/wp-json\/wp\/v2\/pages"}],"about":[{"href":"https:\/\/andaluciamejorconciencia.fundaciondescubre.es\/planta-bienestar\/wp-json\/wp\/v2\/types\/page"}],"author":[{"embeddable":true,"href":"https:\/\/andaluciamejorconciencia.fundaciondescubre.es\/planta-bienestar\/wp-json\/wp\/v2\/users\/1"}],"replies":[{"embeddable":true,"href":"https:\/\/andaluciamejorconciencia.fundaciondescubre.es\/planta-bienestar\/wp-json\/wp\/v2\/comments?post=14"}],"version-history":[{"count":1,"href":"https:\/\/andaluciamejorconciencia.fundaciondescubre.es\/planta-bienestar\/wp-json\/wp\/v2\/pages\/14\/revisions"}],"predecessor-version":[{"id":43,"href":"https:\/\/andaluciamejorconciencia.fundaciondescubre.es\/planta-bienestar\/wp-json\/wp\/v2\/pages\/14\/revisions\/43"}],"wp:attachment":[{"href":"https:\/\/andaluciamejorconciencia.fundaciondescubre.es\/planta-bienestar\/wp-json\/wp\/v2\/media?parent=14"}],"curies":[{"name":"wp","href":"https:\/\/api.w.org\/{rel}","templated":true}]}}