{"id":13,"date":"2021-11-18T09:58:21","date_gmt":"2021-11-18T09:58:21","guid":{"rendered":"https:\/\/andaluciamejorconciencia.fundaciondescubre.es\/planeta-bienestar\/agentes-y-entidades-que-colaboran\/"},"modified":"2022-02-04T10:03:17","modified_gmt":"2022-02-04T10:03:17","slug":"agentes-y-entidades-que-colaboran","status":"publish","type":"page","link":"https:\/\/andaluciamejorconciencia.fundaciondescubre.es\/planta-bienestar\/es\/agentes-y-entidades-que-colaboran\/","title":{"rendered":"Agentes y entidades que colaboran"},"content":{"rendered":"\r\n<p>Agentes sociales implicados:<\/p>\r\n\r\n\r\n\r\n<ul>\r\n<li>IES H\u00edspalis.<\/li>\r\n<li>Diputaci\u00f3n de Sevilla.<\/li>\r\n<li>Cient\u00edfico asesor: D. Rafael L\u00f3pez N\u00fa\u00f1ez (IRNAS-CSIC).<\/li>\r\n<li>Asociaci\u00f3n de hortelanos del Huerto Urbano de Miraflores.<\/li>\r\n<\/ul>\r\n\r\n\r\n\r\n<p>Entidades colaboradoras:<\/p>\r\n\r\n\r\n\r\n<ul>\r\n<li>Fundaci\u00f3n Descubre.<\/li>\r\n<\/ul>\r\n<p>&nbsp;<\/p>\r\n","protected":false},"excerpt":{"rendered":"<p>Agentes sociales implicados: IES H\u00edspalis. Diputaci\u00f3n de Sevilla. Cient\u00edfico asesor: D. Rafael L\u00f3pez N\u00fa\u00f1ez (IRNAS-CSIC). Asociaci\u00f3n de hortelanos del Huerto Urbano de Miraflores. Entidades colaboradoras: Fundaci\u00f3n Descubre. &nbsp;<\/p>\n","protected":false},"author":1,"featured_media":0,"parent":0,"menu_order":0,"comment_status":"closed","ping_status":"closed","template":"","meta":[],"yoast_head":"<!-- This site is optimized with the Yoast SEO plugin v16.4 - https:\/\/yoast.com\/wordpress\/plugins\/seo\/ -->\n<title>Agentes y entidades que colaboran - Planta bienestar<\/title>\n<meta name=\"robots\" content=\"index, follow, max-snippet:-1, max-image-preview:large, max-video-preview:-1\" \/>\n<link rel=\"canonical\" href=\"https:\/\/andaluciamejorconciencia.fundaciondescubre.es\/planta-bienestar\/es\/agentes-y-entidades-que-colaboran\/\" \/>\n<meta property=\"og:locale\" content=\"es_ES\" \/>\n<meta property=\"og:type\" content=\"article\" \/>\n<meta property=\"og:title\" content=\"Agentes y entidades que colaboran - Planta bienestar\" \/>\n<meta property=\"og:description\" content=\"Agentes sociales implicados: IES H\u00edspalis. Diputaci\u00f3n de Sevilla. Cient\u00edfico asesor: D. Rafael L\u00f3pez N\u00fa\u00f1ez (IRNAS-CSIC). Asociaci\u00f3n de hortelanos del Huerto Urbano de Miraflores. Entidades colaboradoras: Fundaci\u00f3n Descubre. &nbsp;\" \/>\n<meta property=\"og:url\" content=\"https:\/\/andaluciamejorconciencia.fundaciondescubre.es\/planta-bienestar\/es\/agentes-y-entidades-que-colaboran\/\" \/>\n<meta property=\"og:site_name\" content=\"Planta bienestar\" \/>\n<meta property=\"article:modified_time\" content=\"2022-02-04T10:03:17+00:00\" \/>\n<meta name=\"twitter:card\" content=\"summary_large_image\" \/>\n<meta name=\"twitter:label1\" content=\"Tiempo de lectura\" \/>\n\t<meta name=\"twitter:data1\" content=\"1 minuto\" \/>\n<script type=\"application\/ld+json\" class=\"yoast-schema-graph\">{\"@context\":\"https:\/\/schema.org\",\"@graph\":[{\"@type\":\"WebSite\",\"@id\":\"https:\/\/andaluciamejorconciencia.fundaciondescubre.es\/planta-bienestar\/#website\",\"url\":\"https:\/\/andaluciamejorconciencia.fundaciondescubre.es\/planta-bienestar\/\",\"name\":\"Planta bienestar\",\"description\":\"Andaluc\\u00eda mejor con ciencia\",\"potentialAction\":[{\"@type\":\"SearchAction\",\"target\":\"https:\/\/andaluciamejorconciencia.fundaciondescubre.es\/planta-bienestar\/?s={search_term_string}\",\"query-input\":\"required name=search_term_string\"}],\"inLanguage\":\"es\"},{\"@type\":\"WebPage\",\"@id\":\"https:\/\/andaluciamejorconciencia.fundaciondescubre.es\/planta-bienestar\/es\/agentes-y-entidades-que-colaboran\/#webpage\",\"url\":\"https:\/\/andaluciamejorconciencia.fundaciondescubre.es\/planta-bienestar\/es\/agentes-y-entidades-que-colaboran\/\",\"name\":\"Agentes y entidades que colaboran - Planta bienestar\",\"isPartOf\":{\"@id\":\"https:\/\/andaluciamejorconciencia.fundaciondescubre.es\/planta-bienestar\/#website\"},\"datePublished\":\"2021-11-18T09:58:21+00:00\",\"dateModified\":\"2022-02-04T10:03:17+00:00\",\"breadcrumb\":{\"@id\":\"https:\/\/andaluciamejorconciencia.fundaciondescubre.es\/planta-bienestar\/es\/agentes-y-entidades-que-colaboran\/#breadcrumb\"},\"inLanguage\":\"es\",\"potentialAction\":[{\"@type\":\"ReadAction\",\"target\":[\"https:\/\/andaluciamejorconciencia.fundaciondescubre.es\/planta-bienestar\/es\/agentes-y-entidades-que-colaboran\/\"]}]},{\"@type\":\"BreadcrumbList\",\"@id\":\"https:\/\/andaluciamejorconciencia.fundaciondescubre.es\/planta-bienestar\/es\/agentes-y-entidades-que-colaboran\/#breadcrumb\",\"itemListElement\":[{\"@type\":\"ListItem\",\"position\":1,\"item\":{\"@type\":\"WebPage\",\"@id\":\"https:\/\/andaluciamejorconciencia.fundaciondescubre.es\/planta-bienestar\/\",\"url\":\"https:\/\/andaluciamejorconciencia.fundaciondescubre.es\/planta-bienestar\/\",\"name\":\"Portada\"}},{\"@type\":\"ListItem\",\"position\":2,\"item\":{\"@id\":\"https:\/\/andaluciamejorconciencia.fundaciondescubre.es\/planta-bienestar\/es\/agentes-y-entidades-que-colaboran\/#webpage\"}}]}]}<\/script>\n<!-- \/ Yoast SEO plugin. -->","_links":{"self":[{"href":"https:\/\/andaluciamejorconciencia.fundaciondescubre.es\/planta-bienestar\/wp-json\/wp\/v2\/pages\/13"}],"collection":[{"href":"https:\/\/andaluciamejorconciencia.fundaciondescubre.es\/planta-bienestar\/wp-json\/wp\/v2\/pages"}],"about":[{"href":"https:\/\/andaluciamejorconciencia.fundaciondescubre.es\/planta-bienestar\/wp-json\/wp\/v2\/types\/page"}],"author":[{"embeddable":true,"href":"https:\/\/andaluciamejorconciencia.fundaciondescubre.es\/planta-bienestar\/wp-json\/wp\/v2\/users\/1"}],"replies":[{"embeddable":true,"href":"https:\/\/andaluciamejorconciencia.fundaciondescubre.es\/planta-bienestar\/wp-json\/wp\/v2\/comments?post=13"}],"version-history":[{"count":2,"href":"https:\/\/andaluciamejorconciencia.fundaciondescubre.es\/planta-bienestar\/wp-json\/wp\/v2\/pages\/13\/revisions"}],"predecessor-version":[{"id":94,"href":"https:\/\/andaluciamejorconciencia.fundaciondescubre.es\/planta-bienestar\/wp-json\/wp\/v2\/pages\/13\/revisions\/94"}],"wp:attachment":[{"href":"https:\/\/andaluciamejorconciencia.fundaciondescubre.es\/planta-bienestar\/wp-json\/wp\/v2\/media?parent=13"}],"curies":[{"name":"wp","href":"https:\/\/api.w.org\/{rel}","templated":true}]}}