{"id":9,"date":"2018-02-19T07:51:58","date_gmt":"2018-02-19T07:51:58","guid":{"rendered":"http:\/\/andaluciamejorconciencia.fundaciondescubre.es\/nosmovemosconenergiaporelplaneta\/sobre-la-comunidad\/"},"modified":"2018-03-22T13:09:37","modified_gmt":"2018-03-22T13:09:37","slug":"sobre-la-comunidad","status":"publish","type":"page","link":"https:\/\/andaluciamejorconciencia.fundaciondescubre.es\/nosmovemosconenergiaporelplaneta\/es\/sobre-la-comunidad\/","title":{"rendered":"Sobre la comunidad"},"content":{"rendered":"<p>Nuestro objetivo es fomentar una mayor concienciaci\u00f3n entre los estudiantes y sus familias sobre la necesidad de cuidar el entorno, combatir el cambio clim\u00e1tico y hacer un consumo energ\u00e9tico m\u00e1s responsable, as\u00ed como reducir el gasto energ\u00e9tico. Esta iniciativa parte del estudio de la energ\u00eda que nos rodea e incluye una auditor\u00eda energ\u00e9tica para conocer c\u00f3mo y cu\u00e1ndo se consume m\u00e1s electricidad y las formas para combatir ese gasto. Adem\u00e1s, queremos traspasar las paredes de\u00a0 los centros educativos y hacer al municipio de Atarfe part\u00edcipe para avanzar en un c\u00f3digo de conducta energ\u00e9tico m\u00e1s cuidadoso con el medio ambiente.<\/p>\n","protected":false},"excerpt":{"rendered":"<p>Nuestro objetivo es fomentar una mayor concienciaci\u00f3n entre los estudiantes y sus familias sobre la necesidad de cuidar el entorno, combatir el cambio clim\u00e1tico y hacer un consumo energ\u00e9tico m\u00e1s responsable, as\u00ed como reducir el gasto energ\u00e9tico. Esta iniciativa parte del estudio de la energ\u00eda que nos rodea e incluye una auditor\u00eda energ\u00e9tica para conocer &hellip; <a href=\"https:\/\/andaluciamejorconciencia.fundaciondescubre.es\/nosmovemosconenergiaporelplaneta\/es\/sobre-la-comunidad\/\" class=\"more-link\">Continuar leyendo<span class=\"screen-reader-text\"> &#8220;Sobre la comunidad&#8221;<\/span><\/a><\/p>\n","protected":false},"author":1,"featured_media":0,"parent":0,"menu_order":0,"comment_status":"closed","ping_status":"closed","template":"","meta":[],"yoast_head":"<!-- This site is optimized with the Yoast SEO plugin v16.4 - https:\/\/yoast.com\/wordpress\/plugins\/seo\/ -->\n<title>Sobre la comunidad - Nos movemos con energ\u00eda por el planeta<\/title>\n<meta name=\"robots\" content=\"index, follow, max-snippet:-1, max-image-preview:large, max-video-preview:-1\" \/>\n<link rel=\"canonical\" href=\"https:\/\/andaluciamejorconciencia.fundaciondescubre.es\/nosmovemosconenergiaporelplaneta\/es\/sobre-la-comunidad\/\" \/>\n<meta property=\"og:locale\" content=\"es_ES\" \/>\n<meta property=\"og:type\" content=\"article\" \/>\n<meta property=\"og:title\" content=\"Sobre la comunidad - Nos movemos con energ\u00eda por el planeta\" \/>\n<meta property=\"og:description\" content=\"Nuestro objetivo es fomentar una mayor concienciaci\u00f3n entre los estudiantes y sus familias sobre la necesidad de cuidar el entorno, combatir el cambio clim\u00e1tico y hacer un consumo energ\u00e9tico m\u00e1s responsable, as\u00ed como reducir el gasto energ\u00e9tico. Esta iniciativa parte del estudio de la energ\u00eda que nos rodea e incluye una auditor\u00eda energ\u00e9tica para conocer &hellip; Continuar leyendo &quot;Sobre la comunidad&quot;\" \/>\n<meta property=\"og:url\" content=\"https:\/\/andaluciamejorconciencia.fundaciondescubre.es\/nosmovemosconenergiaporelplaneta\/es\/sobre-la-comunidad\/\" \/>\n<meta property=\"og:site_name\" content=\"Nos movemos con energ\u00eda por el planeta\" \/>\n<meta property=\"article:modified_time\" content=\"2018-03-22T13:09:37+00:00\" \/>\n<meta name=\"twitter:card\" content=\"summary\" \/>\n<meta name=\"twitter:label1\" content=\"Tiempo de lectura\" \/>\n\t<meta name=\"twitter:data1\" content=\"1 minuto\" \/>\n<script type=\"application\/ld+json\" class=\"yoast-schema-graph\">{\"@context\":\"https:\/\/schema.org\",\"@graph\":[{\"@type\":\"WebSite\",\"@id\":\"https:\/\/andaluciamejorconciencia.fundaciondescubre.es\/nosmovemosconenergiaporelplaneta\/#website\",\"url\":\"https:\/\/andaluciamejorconciencia.fundaciondescubre.es\/nosmovemosconenergiaporelplaneta\/\",\"name\":\"Nos movemos con energ\\u00eda por el planeta\",\"description\":\"\",\"potentialAction\":[{\"@type\":\"SearchAction\",\"target\":\"https:\/\/andaluciamejorconciencia.fundaciondescubre.es\/nosmovemosconenergiaporelplaneta\/?s={search_term_string}\",\"query-input\":\"required name=search_term_string\"}],\"inLanguage\":\"es\"},{\"@type\":\"WebPage\",\"@id\":\"https:\/\/andaluciamejorconciencia.fundaciondescubre.es\/nosmovemosconenergiaporelplaneta\/es\/sobre-la-comunidad\/#webpage\",\"url\":\"https:\/\/andaluciamejorconciencia.fundaciondescubre.es\/nosmovemosconenergiaporelplaneta\/es\/sobre-la-comunidad\/\",\"name\":\"Sobre la comunidad - Nos movemos con energ\\u00eda por el planeta\",\"isPartOf\":{\"@id\":\"https:\/\/andaluciamejorconciencia.fundaciondescubre.es\/nosmovemosconenergiaporelplaneta\/#website\"},\"datePublished\":\"2018-02-19T07:51:58+00:00\",\"dateModified\":\"2018-03-22T13:09:37+00:00\",\"breadcrumb\":{\"@id\":\"https:\/\/andaluciamejorconciencia.fundaciondescubre.es\/nosmovemosconenergiaporelplaneta\/es\/sobre-la-comunidad\/#breadcrumb\"},\"inLanguage\":\"es\",\"potentialAction\":[{\"@type\":\"ReadAction\",\"target\":[\"https:\/\/andaluciamejorconciencia.fundaciondescubre.es\/nosmovemosconenergiaporelplaneta\/es\/sobre-la-comunidad\/\"]}]},{\"@type\":\"BreadcrumbList\",\"@id\":\"https:\/\/andaluciamejorconciencia.fundaciondescubre.es\/nosmovemosconenergiaporelplaneta\/es\/sobre-la-comunidad\/#breadcrumb\",\"itemListElement\":[{\"@type\":\"ListItem\",\"position\":1,\"item\":{\"@type\":\"WebPage\",\"@id\":\"https:\/\/andaluciamejorconciencia.fundaciondescubre.es\/nosmovemosconenergiaporelplaneta\/\",\"url\":\"https:\/\/andaluciamejorconciencia.fundaciondescubre.es\/nosmovemosconenergiaporelplaneta\/\",\"name\":\"Portada\"}},{\"@type\":\"ListItem\",\"position\":2,\"item\":{\"@id\":\"https:\/\/andaluciamejorconciencia.fundaciondescubre.es\/nosmovemosconenergiaporelplaneta\/es\/sobre-la-comunidad\/#webpage\"}}]}]}<\/script>\n<!-- \/ Yoast SEO plugin. -->","_links":{"self":[{"href":"https:\/\/andaluciamejorconciencia.fundaciondescubre.es\/nosmovemosconenergiaporelplaneta\/wp-json\/wp\/v2\/pages\/9"}],"collection":[{"href":"https:\/\/andaluciamejorconciencia.fundaciondescubre.es\/nosmovemosconenergiaporelplaneta\/wp-json\/wp\/v2\/pages"}],"about":[{"href":"https:\/\/andaluciamejorconciencia.fundaciondescubre.es\/nosmovemosconenergiaporelplaneta\/wp-json\/wp\/v2\/types\/page"}],"author":[{"embeddable":true,"href":"https:\/\/andaluciamejorconciencia.fundaciondescubre.es\/nosmovemosconenergiaporelplaneta\/wp-json\/wp\/v2\/users\/1"}],"replies":[{"embeddable":true,"href":"https:\/\/andaluciamejorconciencia.fundaciondescubre.es\/nosmovemosconenergiaporelplaneta\/wp-json\/wp\/v2\/comments?post=9"}],"version-history":[{"count":4,"href":"https:\/\/andaluciamejorconciencia.fundaciondescubre.es\/nosmovemosconenergiaporelplaneta\/wp-json\/wp\/v2\/pages\/9\/revisions"}],"predecessor-version":[{"id":39,"href":"https:\/\/andaluciamejorconciencia.fundaciondescubre.es\/nosmovemosconenergiaporelplaneta\/wp-json\/wp\/v2\/pages\/9\/revisions\/39"}],"wp:attachment":[{"href":"https:\/\/andaluciamejorconciencia.fundaciondescubre.es\/nosmovemosconenergiaporelplaneta\/wp-json\/wp\/v2\/media?parent=9"}],"curies":[{"name":"wp","href":"https:\/\/api.w.org\/{rel}","templated":true}]}}