{"id":13,"date":"2018-02-19T07:51:58","date_gmt":"2018-02-19T07:51:58","guid":{"rendered":"http:\/\/andaluciamejorconciencia.fundaciondescubre.es\/nosmovemosconenergiaporelplaneta\/agentes-y-entidades-que-colaboran\/"},"modified":"2018-03-22T13:11:32","modified_gmt":"2018-03-22T13:11:32","slug":"agentes-y-entidades-que-colaboran","status":"publish","type":"page","link":"https:\/\/andaluciamejorconciencia.fundaciondescubre.es\/nosmovemosconenergiaporelplaneta\/es\/agentes-y-entidades-que-colaboran\/","title":{"rendered":"Agentes y entidades que colaboran"},"content":{"rendered":"<p>&nbsp;<\/p>\n<ul>\n<li>CEIP Clara Campoamor<\/li>\n<li>AMPA del centro<\/li>\n<li>Establecimientos locales de Atarfe<\/li>\n<li>Fundaci\u00f3n Descubre<\/li>\n<li>Ayuntamiento de Atarfe<\/li>\n<li>CEP de Granada<\/li>\n<li>Consejer\u00eda de Educaci\u00f3n y Consejer\u00eda de Medio Ambiente de la Junta de Andaluc\u00eda<\/li>\n<li>Universidad de Granada<\/li>\n<\/ul>\n","protected":false},"excerpt":{"rendered":"<p>&nbsp; CEIP Clara Campoamor AMPA del centro Establecimientos locales de Atarfe Fundaci\u00f3n Descubre Ayuntamiento de Atarfe CEP de Granada Consejer\u00eda de Educaci\u00f3n y Consejer\u00eda de Medio Ambiente de la Junta de Andaluc\u00eda Universidad de Granada<\/p>\n","protected":false},"author":1,"featured_media":0,"parent":0,"menu_order":0,"comment_status":"closed","ping_status":"closed","template":"","meta":[],"yoast_head":"<!-- This site is optimized with the Yoast SEO plugin v16.4 - https:\/\/yoast.com\/wordpress\/plugins\/seo\/ -->\n<title>Agentes y entidades que colaboran - Nos movemos con energ\u00eda por el planeta<\/title>\n<meta name=\"robots\" content=\"index, follow, max-snippet:-1, max-image-preview:large, max-video-preview:-1\" \/>\n<link rel=\"canonical\" href=\"https:\/\/andaluciamejorconciencia.fundaciondescubre.es\/nosmovemosconenergiaporelplaneta\/es\/agentes-y-entidades-que-colaboran\/\" \/>\n<meta property=\"og:locale\" content=\"es_ES\" \/>\n<meta property=\"og:type\" content=\"article\" \/>\n<meta property=\"og:title\" content=\"Agentes y entidades que colaboran - Nos movemos con energ\u00eda por el planeta\" \/>\n<meta property=\"og:description\" content=\"&nbsp; CEIP Clara Campoamor AMPA del centro Establecimientos locales de Atarfe Fundaci\u00f3n Descubre Ayuntamiento de Atarfe CEP de Granada Consejer\u00eda de Educaci\u00f3n y Consejer\u00eda de Medio Ambiente de la Junta de Andaluc\u00eda Universidad de Granada\" \/>\n<meta property=\"og:url\" content=\"https:\/\/andaluciamejorconciencia.fundaciondescubre.es\/nosmovemosconenergiaporelplaneta\/es\/agentes-y-entidades-que-colaboran\/\" \/>\n<meta property=\"og:site_name\" content=\"Nos movemos con energ\u00eda por el planeta\" \/>\n<meta property=\"article:modified_time\" content=\"2018-03-22T13:11:32+00:00\" \/>\n<meta name=\"twitter:card\" content=\"summary\" \/>\n<script type=\"application\/ld+json\" class=\"yoast-schema-graph\">{\"@context\":\"https:\/\/schema.org\",\"@graph\":[{\"@type\":\"WebSite\",\"@id\":\"https:\/\/andaluciamejorconciencia.fundaciondescubre.es\/nosmovemosconenergiaporelplaneta\/#website\",\"url\":\"https:\/\/andaluciamejorconciencia.fundaciondescubre.es\/nosmovemosconenergiaporelplaneta\/\",\"name\":\"Nos movemos con energ\\u00eda por el planeta\",\"description\":\"\",\"potentialAction\":[{\"@type\":\"SearchAction\",\"target\":\"https:\/\/andaluciamejorconciencia.fundaciondescubre.es\/nosmovemosconenergiaporelplaneta\/?s={search_term_string}\",\"query-input\":\"required name=search_term_string\"}],\"inLanguage\":\"es\"},{\"@type\":\"WebPage\",\"@id\":\"https:\/\/andaluciamejorconciencia.fundaciondescubre.es\/nosmovemosconenergiaporelplaneta\/es\/agentes-y-entidades-que-colaboran\/#webpage\",\"url\":\"https:\/\/andaluciamejorconciencia.fundaciondescubre.es\/nosmovemosconenergiaporelplaneta\/es\/agentes-y-entidades-que-colaboran\/\",\"name\":\"Agentes y entidades que colaboran - Nos movemos con energ\\u00eda por el planeta\",\"isPartOf\":{\"@id\":\"https:\/\/andaluciamejorconciencia.fundaciondescubre.es\/nosmovemosconenergiaporelplaneta\/#website\"},\"datePublished\":\"2018-02-19T07:51:58+00:00\",\"dateModified\":\"2018-03-22T13:11:32+00:00\",\"breadcrumb\":{\"@id\":\"https:\/\/andaluciamejorconciencia.fundaciondescubre.es\/nosmovemosconenergiaporelplaneta\/es\/agentes-y-entidades-que-colaboran\/#breadcrumb\"},\"inLanguage\":\"es\",\"potentialAction\":[{\"@type\":\"ReadAction\",\"target\":[\"https:\/\/andaluciamejorconciencia.fundaciondescubre.es\/nosmovemosconenergiaporelplaneta\/es\/agentes-y-entidades-que-colaboran\/\"]}]},{\"@type\":\"BreadcrumbList\",\"@id\":\"https:\/\/andaluciamejorconciencia.fundaciondescubre.es\/nosmovemosconenergiaporelplaneta\/es\/agentes-y-entidades-que-colaboran\/#breadcrumb\",\"itemListElement\":[{\"@type\":\"ListItem\",\"position\":1,\"item\":{\"@type\":\"WebPage\",\"@id\":\"https:\/\/andaluciamejorconciencia.fundaciondescubre.es\/nosmovemosconenergiaporelplaneta\/\",\"url\":\"https:\/\/andaluciamejorconciencia.fundaciondescubre.es\/nosmovemosconenergiaporelplaneta\/\",\"name\":\"Portada\"}},{\"@type\":\"ListItem\",\"position\":2,\"item\":{\"@id\":\"https:\/\/andaluciamejorconciencia.fundaciondescubre.es\/nosmovemosconenergiaporelplaneta\/es\/agentes-y-entidades-que-colaboran\/#webpage\"}}]}]}<\/script>\n<!-- \/ Yoast SEO plugin. -->","_links":{"self":[{"href":"https:\/\/andaluciamejorconciencia.fundaciondescubre.es\/nosmovemosconenergiaporelplaneta\/wp-json\/wp\/v2\/pages\/13"}],"collection":[{"href":"https:\/\/andaluciamejorconciencia.fundaciondescubre.es\/nosmovemosconenergiaporelplaneta\/wp-json\/wp\/v2\/pages"}],"about":[{"href":"https:\/\/andaluciamejorconciencia.fundaciondescubre.es\/nosmovemosconenergiaporelplaneta\/wp-json\/wp\/v2\/types\/page"}],"author":[{"embeddable":true,"href":"https:\/\/andaluciamejorconciencia.fundaciondescubre.es\/nosmovemosconenergiaporelplaneta\/wp-json\/wp\/v2\/users\/1"}],"replies":[{"embeddable":true,"href":"https:\/\/andaluciamejorconciencia.fundaciondescubre.es\/nosmovemosconenergiaporelplaneta\/wp-json\/wp\/v2\/comments?post=13"}],"version-history":[{"count":4,"href":"https:\/\/andaluciamejorconciencia.fundaciondescubre.es\/nosmovemosconenergiaporelplaneta\/wp-json\/wp\/v2\/pages\/13\/revisions"}],"predecessor-version":[{"id":42,"href":"https:\/\/andaluciamejorconciencia.fundaciondescubre.es\/nosmovemosconenergiaporelplaneta\/wp-json\/wp\/v2\/pages\/13\/revisions\/42"}],"wp:attachment":[{"href":"https:\/\/andaluciamejorconciencia.fundaciondescubre.es\/nosmovemosconenergiaporelplaneta\/wp-json\/wp\/v2\/media?parent=13"}],"curies":[{"name":"wp","href":"https:\/\/api.w.org\/{rel}","templated":true}]}}