{"id":19,"date":"2016-04-19T09:49:54","date_gmt":"2016-04-19T09:49:54","guid":{"rendered":"https:\/\/andaluciamejorconciencia.fundaciondescubre.es\/mojateporelrio\/galeria-de-fotos\/"},"modified":"2016-04-19T10:02:15","modified_gmt":"2016-04-19T10:02:15","slug":"galeria-de-fotos","status":"publish","type":"page","link":"https:\/\/andaluciamejorconciencia.fundaciondescubre.es\/mojateporelrio\/es\/galeria-de-fotos\/","title":{"rendered":"Galer\u00eda de fotos"},"content":{"rendered":"<div id='gallery-1' class='gallery galleryid-19 gallery-columns-3 gallery-size-galeria'><figure class='gallery-item'>\n\t\t\t<div class='gallery-icon landscape'>\n\t\t\t\t<a href='https:\/\/andaluciamejorconciencia.fundaciondescubre.es\/mojateporelrio\/wp-content\/uploads\/sites\/14\/2016\/04\/22931738.jpg' title=\"\" data-rl_title=\"\" class=\"rl-gallery-link\" data-rl_caption=\"\" data-rel=\"lightbox-gallery-1\"><img width=\"400\" height=\"290\" src=\"https:\/\/andaluciamejorconciencia.fundaciondescubre.es\/mojateporelrio\/wp-content\/uploads\/sites\/14\/2016\/04\/22931738-400x290.jpg\" class=\"attachment-galeria size-galeria\" alt=\"\" loading=\"lazy\" srcset=\"https:\/\/andaluciamejorconciencia.fundaciondescubre.es\/mojateporelrio\/wp-content\/uploads\/sites\/14\/2016\/04\/22931738-400x290.jpg 400w, https:\/\/andaluciamejorconciencia.fundaciondescubre.es\/mojateporelrio\/wp-content\/uploads\/sites\/14\/2016\/04\/22931738-276x201.jpg 276w\" sizes=\"(max-width: 400px) 85vw, 400px\" \/><\/a>\n\t\t\t<\/div><\/figure><figure class='gallery-item'>\n\t\t\t<div class='gallery-icon landscape'>\n\t\t\t\t<a href='https:\/\/andaluciamejorconciencia.fundaciondescubre.es\/mojateporelrio\/wp-content\/uploads\/sites\/14\/2016\/04\/img-20151216-wa0056.jpg' title=\"\" data-rl_title=\"\" class=\"rl-gallery-link\" data-rl_caption=\"\" data-rel=\"lightbox-gallery-1\"><img width=\"400\" height=\"290\" src=\"https:\/\/andaluciamejorconciencia.fundaciondescubre.es\/mojateporelrio\/wp-content\/uploads\/sites\/14\/2016\/04\/img-20151216-wa0056-400x290.jpg\" class=\"attachment-galeria size-galeria\" alt=\"\" loading=\"lazy\" srcset=\"https:\/\/andaluciamejorconciencia.fundaciondescubre.es\/mojateporelrio\/wp-content\/uploads\/sites\/14\/2016\/04\/img-20151216-wa0056-400x290.jpg 400w, https:\/\/andaluciamejorconciencia.fundaciondescubre.es\/mojateporelrio\/wp-content\/uploads\/sites\/14\/2016\/04\/img-20151216-wa0056-276x201.jpg 276w\" sizes=\"(max-width: 400px) 85vw, 400px\" \/><\/a>\n\t\t\t<\/div><\/figure><figure class='gallery-item'>\n\t\t\t<div class='gallery-icon landscape'>\n\t\t\t\t<a href='https:\/\/andaluciamejorconciencia.fundaciondescubre.es\/mojateporelrio\/wp-content\/uploads\/sites\/14\/2016\/04\/img-20151216-wa0061.jpg' title=\"\" data-rl_title=\"\" class=\"rl-gallery-link\" data-rl_caption=\"\" data-rel=\"lightbox-gallery-1\"><img width=\"400\" height=\"290\" src=\"https:\/\/andaluciamejorconciencia.fundaciondescubre.es\/mojateporelrio\/wp-content\/uploads\/sites\/14\/2016\/04\/img-20151216-wa0061-400x290.jpg\" class=\"attachment-galeria size-galeria\" alt=\"\" loading=\"lazy\" srcset=\"https:\/\/andaluciamejorconciencia.fundaciondescubre.es\/mojateporelrio\/wp-content\/uploads\/sites\/14\/2016\/04\/img-20151216-wa0061-400x290.jpg 400w, https:\/\/andaluciamejorconciencia.fundaciondescubre.es\/mojateporelrio\/wp-content\/uploads\/sites\/14\/2016\/04\/img-20151216-wa0061-276x201.jpg 276w\" sizes=\"(max-width: 400px) 85vw, 400px\" \/><\/a>\n\t\t\t<\/div><\/figure>\n\t\t<\/div>\n\n","protected":false},"excerpt":{"rendered":"","protected":false},"author":1,"featured_media":0,"parent":0,"menu_order":0,"comment_status":"closed","ping_status":"closed","template":"","meta":[],"yoast_head":"<!-- This site is optimized with the Yoast SEO plugin v16.4 - https:\/\/yoast.com\/wordpress\/plugins\/seo\/ -->\n<title>Galer\u00eda de fotos - M\u00f3jate por el r\u00edo<\/title>\n<meta name=\"robots\" content=\"index, follow, max-snippet:-1, max-image-preview:large, max-video-preview:-1\" \/>\n<link rel=\"canonical\" href=\"https:\/\/andaluciamejorconciencia.fundaciondescubre.es\/mojateporelrio\/es\/galeria-de-fotos\/\" \/>\n<meta property=\"og:locale\" content=\"es_ES\" \/>\n<meta property=\"og:type\" content=\"article\" \/>\n<meta property=\"og:title\" content=\"Galer\u00eda de fotos - M\u00f3jate por el r\u00edo\" \/>\n<meta property=\"og:url\" content=\"https:\/\/andaluciamejorconciencia.fundaciondescubre.es\/mojateporelrio\/es\/galeria-de-fotos\/\" \/>\n<meta property=\"og:site_name\" content=\"M\u00f3jate por el r\u00edo\" \/>\n<meta property=\"article:modified_time\" content=\"2016-04-19T10:02:15+00:00\" \/>\n<meta property=\"og:image\" content=\"https:\/\/andaluciamejorconciencia.fundaciondescubre.es\/mojateporelrio\/wp-content\/uploads\/sites\/14\/2016\/04\/22931738-400x290.jpg\" \/>\n<meta name=\"twitter:card\" content=\"summary\" \/>\n<script type=\"application\/ld+json\" class=\"yoast-schema-graph\">{\"@context\":\"https:\/\/schema.org\",\"@graph\":[{\"@type\":\"WebSite\",\"@id\":\"https:\/\/andaluciamejorconciencia.fundaciondescubre.es\/mojateporelrio\/#website\",\"url\":\"https:\/\/andaluciamejorconciencia.fundaciondescubre.es\/mojateporelrio\/\",\"name\":\"M\\u00f3jate por el r\\u00edo\",\"description\":\"\",\"potentialAction\":[{\"@type\":\"SearchAction\",\"target\":\"https:\/\/andaluciamejorconciencia.fundaciondescubre.es\/mojateporelrio\/?s={search_term_string}\",\"query-input\":\"required name=search_term_string\"}],\"inLanguage\":\"es\"},{\"@type\":\"WebPage\",\"@id\":\"https:\/\/andaluciamejorconciencia.fundaciondescubre.es\/mojateporelrio\/es\/galeria-de-fotos\/#webpage\",\"url\":\"https:\/\/andaluciamejorconciencia.fundaciondescubre.es\/mojateporelrio\/es\/galeria-de-fotos\/\",\"name\":\"Galer\\u00eda de fotos - M\\u00f3jate por el r\\u00edo\",\"isPartOf\":{\"@id\":\"https:\/\/andaluciamejorconciencia.fundaciondescubre.es\/mojateporelrio\/#website\"},\"datePublished\":\"2016-04-19T09:49:54+00:00\",\"dateModified\":\"2016-04-19T10:02:15+00:00\",\"breadcrumb\":{\"@id\":\"https:\/\/andaluciamejorconciencia.fundaciondescubre.es\/mojateporelrio\/es\/galeria-de-fotos\/#breadcrumb\"},\"inLanguage\":\"es\",\"potentialAction\":[{\"@type\":\"ReadAction\",\"target\":[\"https:\/\/andaluciamejorconciencia.fundaciondescubre.es\/mojateporelrio\/es\/galeria-de-fotos\/\"]}]},{\"@type\":\"BreadcrumbList\",\"@id\":\"https:\/\/andaluciamejorconciencia.fundaciondescubre.es\/mojateporelrio\/es\/galeria-de-fotos\/#breadcrumb\",\"itemListElement\":[{\"@type\":\"ListItem\",\"position\":1,\"item\":{\"@type\":\"WebPage\",\"@id\":\"https:\/\/andaluciamejorconciencia.fundaciondescubre.es\/mojateporelrio\/\",\"url\":\"https:\/\/andaluciamejorconciencia.fundaciondescubre.es\/mojateporelrio\/\",\"name\":\"Portada\"}},{\"@type\":\"ListItem\",\"position\":2,\"item\":{\"@id\":\"https:\/\/andaluciamejorconciencia.fundaciondescubre.es\/mojateporelrio\/es\/galeria-de-fotos\/#webpage\"}}]}]}<\/script>\n<!-- \/ Yoast SEO plugin. -->","_links":{"self":[{"href":"https:\/\/andaluciamejorconciencia.fundaciondescubre.es\/mojateporelrio\/wp-json\/wp\/v2\/pages\/19"}],"collection":[{"href":"https:\/\/andaluciamejorconciencia.fundaciondescubre.es\/mojateporelrio\/wp-json\/wp\/v2\/pages"}],"about":[{"href":"https:\/\/andaluciamejorconciencia.fundaciondescubre.es\/mojateporelrio\/wp-json\/wp\/v2\/types\/page"}],"author":[{"embeddable":true,"href":"https:\/\/andaluciamejorconciencia.fundaciondescubre.es\/mojateporelrio\/wp-json\/wp\/v2\/users\/1"}],"replies":[{"embeddable":true,"href":"https:\/\/andaluciamejorconciencia.fundaciondescubre.es\/mojateporelrio\/wp-json\/wp\/v2\/comments?post=19"}],"version-history":[{"count":1,"href":"https:\/\/andaluciamejorconciencia.fundaciondescubre.es\/mojateporelrio\/wp-json\/wp\/v2\/pages\/19\/revisions"}],"predecessor-version":[{"id":36,"href":"https:\/\/andaluciamejorconciencia.fundaciondescubre.es\/mojateporelrio\/wp-json\/wp\/v2\/pages\/19\/revisions\/36"}],"wp:attachment":[{"href":"https:\/\/andaluciamejorconciencia.fundaciondescubre.es\/mojateporelrio\/wp-json\/wp\/v2\/media?parent=19"}],"curies":[{"name":"wp","href":"https:\/\/api.w.org\/{rel}","templated":true}]}}