{"id":11,"date":"2016-04-19T09:49:54","date_gmt":"2016-04-19T09:49:54","guid":{"rendered":"https:\/\/andaluciamejorconciencia.fundaciondescubre.es\/mojateporelrio\/sobre-la-comunidad\/"},"modified":"2016-05-10T16:34:17","modified_gmt":"2016-05-10T16:34:17","slug":"sobre-la-comunidad","status":"publish","type":"page","link":"https:\/\/andaluciamejorconciencia.fundaciondescubre.es\/mojateporelrio\/es\/sobre-la-comunidad\/","title":{"rendered":"Sobre la comunidad"},"content":{"rendered":"<header class=\"entry-header\">\n<h1 class=\"entry-title\">AGENTES SOCIALES<\/h1>\n<h1 class=\"entry-title\">Asociaci\u00f3n N\u00e1yade del\u00a0Sur<\/h1>\n<\/header>\n<div class=\"entry-content\">\n<p class=\"font_8\">N\u00e1yade del sur, es una asociaci\u00f3n no lucrativa que organiza actividades de limpieza y conservaci\u00f3n de los r\u00edos, arroyos, marismas, lagunas, charcas, y, en definitiva, las aguas superficiales andaluzas.<\/p>\n<p class=\"font_8\">Adem\u00e1s de salidas de limpieza tambi\u00e9n intentamos concienciar a las personas de la importancia de tener un medio ambiente limpio y conservado.<\/p>\n<p class=\"font_8\">Este verano se han convocado varios voluntariados para limpiar el r\u00edo Cabra y se han sacado miles de kilos de basura gracias a la uni\u00f3n de un grupo de personas preocupadas por el medio ambiente.<\/p>\n<p class=\"font_8\">Aqu\u00ed ten\u00e9is un enlace a su web:\u00a0<a href=\"http:\/\/nayadedelsur.wix.com\/nayadedelsur\" target=\"_blank\">http:\/\/nayadedelsur.wix.com\/nayadedelsur<\/a><\/p>\n<div style=\"width: 640px;\" class=\"wp-video\"><!--[if lt IE 9]><script>document.createElement('video');<\/script><![endif]-->\n<video class=\"wp-video-shortcode\" id=\"video-11-1\" width=\"640\" height=\"360\" preload=\"metadata\" controls=\"controls\"><source type=\"video\/mp4\" src=\"http:\/\/www.surdecordoba.com\/sites\/default\/files\/content-images\/riocabra_siiii.mp4?_=1\" \/><a href=\"http:\/\/www.surdecordoba.com\/sites\/default\/files\/content-images\/riocabra_siiii.mp4\">http:\/\/www.surdecordoba.com\/sites\/default\/files\/content-images\/riocabra_siiii.mp4<\/a><\/video><\/div>\n<h1 class=\"entry-title\">Ilmo. Ayuntamiento de\u00a0Cabra<\/h1>\n<p><a href=\"http:\/\/andaluciamejorconciencia.fundaciondescubre.es\/mojateporelrio\/wp-content\/uploads\/sites\/14\/2016\/04\/cabra.jpg\" rel=\"attachment wp-att-225\" data-rel=\"lightbox-image-0\" data-rl_title=\"\" data-rl_caption=\"\" title=\"\"><img loading=\"lazy\" class=\"alignnone size-full wp-image-225\" src=\"http:\/\/andaluciamejorconciencia.fundaciondescubre.es\/mojateporelrio\/wp-content\/uploads\/sites\/14\/2016\/04\/cabra.jpg\" alt=\"cabra\" width=\"580\" height=\"473\" srcset=\"https:\/\/andaluciamejorconciencia.fundaciondescubre.es\/mojateporelrio\/wp-content\/uploads\/sites\/14\/2016\/04\/cabra.jpg 580w, https:\/\/andaluciamejorconciencia.fundaciondescubre.es\/mojateporelrio\/wp-content\/uploads\/sites\/14\/2016\/04\/cabra-300x245.jpg 300w\" sizes=\"(max-width: 580px) 85vw, 580px\" \/><\/a><\/p>\n<header class=\"entry-header\">\n<h1 class=\"entry-title\">IES Felipe Sol\u00eds\u00a0Villechenous<\/h1>\n<\/header>\n<div class=\"entry-content\">\n<p>Os presento a\u00a0los alumnos de IES Felipe Sol\u00eds que forman parte de nuestro proyecto:<\/p>\n<p>\u00a1Los alumnos de 1\u00ba de Bachiller\u00a0de ciencias\u2026<\/p>\n<p><a href=\"http:\/\/andaluciamejorconciencia.fundaciondescubre.es\/mojateporelrio\/wp-content\/uploads\/sites\/14\/2016\/04\/clase1.jpg\" rel=\"attachment wp-att-227\" data-rel=\"lightbox-image-1\" data-rl_title=\"\" data-rl_caption=\"\" title=\"\"><img loading=\"lazy\" class=\"alignnone size-full wp-image-227\" src=\"http:\/\/andaluciamejorconciencia.fundaciondescubre.es\/mojateporelrio\/wp-content\/uploads\/sites\/14\/2016\/04\/clase1.jpg\" alt=\"clase1\" width=\"680\" height=\"383\" srcset=\"https:\/\/andaluciamejorconciencia.fundaciondescubre.es\/mojateporelrio\/wp-content\/uploads\/sites\/14\/2016\/04\/clase1.jpg 680w, https:\/\/andaluciamejorconciencia.fundaciondescubre.es\/mojateporelrio\/wp-content\/uploads\/sites\/14\/2016\/04\/clase1-300x169.jpg 300w\" sizes=\"(max-width: 680px) 85vw, 680px\" \/><\/a><\/p>\n<p>\u2026 y los alumnos de 4\u00ba de ESO de ciencias!<\/p>\n<p><a href=\"http:\/\/andaluciamejorconciencia.fundaciondescubre.es\/mojateporelrio\/wp-content\/uploads\/sites\/14\/2016\/04\/clase2.jpg\" rel=\"attachment wp-att-228\" data-rel=\"lightbox-image-2\" data-rl_title=\"\" data-rl_caption=\"\" title=\"\"><img loading=\"lazy\" class=\"alignnone size-full wp-image-228\" src=\"http:\/\/andaluciamejorconciencia.fundaciondescubre.es\/mojateporelrio\/wp-content\/uploads\/sites\/14\/2016\/04\/clase2.jpg\" alt=\"clase2\" width=\"680\" height=\"383\" srcset=\"https:\/\/andaluciamejorconciencia.fundaciondescubre.es\/mojateporelrio\/wp-content\/uploads\/sites\/14\/2016\/04\/clase2.jpg 680w, https:\/\/andaluciamejorconciencia.fundaciondescubre.es\/mojateporelrio\/wp-content\/uploads\/sites\/14\/2016\/04\/clase2-300x169.jpg 300w\" sizes=\"(max-width: 680px) 85vw, 680px\" \/><\/a><\/p>\n<header class=\"entry-header\">\n<h1 class=\"entry-title\">IES Dionisio Alcal\u00e1\u00a0Galiano<\/h1>\n<\/header>\n<div class=\"entry-content\">\n<p>Alumnos de 4\u00ba de ESO del IES Dionisio Alcal\u00e1 Galiano<\/p>\n<p><a href=\"http:\/\/andaluciamejorconciencia.fundaciondescubre.es\/mojateporelrio\/wp-content\/uploads\/sites\/14\/2016\/04\/clase1-1.jpg\" rel=\"attachment wp-att-230\" data-rel=\"lightbox-image-3\" data-rl_title=\"\" data-rl_caption=\"\" title=\"\"><img loading=\"lazy\" class=\"alignnone size-full wp-image-230\" src=\"http:\/\/andaluciamejorconciencia.fundaciondescubre.es\/mojateporelrio\/wp-content\/uploads\/sites\/14\/2016\/04\/clase1-1.jpg\" alt=\"clase1\" width=\"680\" height=\"383\" srcset=\"https:\/\/andaluciamejorconciencia.fundaciondescubre.es\/mojateporelrio\/wp-content\/uploads\/sites\/14\/2016\/04\/clase1-1.jpg 680w, https:\/\/andaluciamejorconciencia.fundaciondescubre.es\/mojateporelrio\/wp-content\/uploads\/sites\/14\/2016\/04\/clase1-1-300x169.jpg 300w\" sizes=\"(max-width: 680px) 85vw, 680px\" \/><\/a><\/p>\n<p>Alumnos de 1\u00ba de ESO del IES Dionisio Alcal\u00e1 Galiano. \u00a1Los participantes m\u00e1s j\u00f3venes!<\/p>\n<p><a href=\"http:\/\/andaluciamejorconciencia.fundaciondescubre.es\/mojateporelrio\/wp-content\/uploads\/sites\/14\/2016\/04\/clase2-1.jpg\" rel=\"attachment wp-att-231\" data-rel=\"lightbox-image-4\" data-rl_title=\"\" data-rl_caption=\"\" title=\"\"><img loading=\"lazy\" class=\"alignnone size-full wp-image-231\" src=\"http:\/\/andaluciamejorconciencia.fundaciondescubre.es\/mojateporelrio\/wp-content\/uploads\/sites\/14\/2016\/04\/clase2-1.jpg\" alt=\"clase2\" width=\"680\" height=\"383\" srcset=\"https:\/\/andaluciamejorconciencia.fundaciondescubre.es\/mojateporelrio\/wp-content\/uploads\/sites\/14\/2016\/04\/clase2-1.jpg 680w, https:\/\/andaluciamejorconciencia.fundaciondescubre.es\/mojateporelrio\/wp-content\/uploads\/sites\/14\/2016\/04\/clase2-1-300x169.jpg 300w\" sizes=\"(max-width: 680px) 85vw, 680px\" \/><\/a><\/p>\n<header class=\"entry-header\">\n<h1 class=\"entry-title\">New World Studios<\/h1>\n<\/header>\n<div class=\"entry-content\">\n<p>Productora amateur de cine independiente low cost y de otros proyectos audiovisuales, formada por j\u00f3venes del sur de C\u00f3rdoba.<\/p>\n<p>Pod\u00e9is consultar su web:\u00a0<a href=\"http:\/\/newworldstudios.wix.com\/newworld\">http:\/\/newworldstudios.wix.com\/newworld<\/a><\/p>\n<p><strong>Equipo:<\/strong><\/p>\n<p><a href=\"http:\/\/andaluciamejorconciencia.fundaciondescubre.es\/mojateporelrio\/wp-content\/uploads\/sites\/14\/2016\/04\/equipo1.png\" rel=\"attachment wp-att-233\" data-rel=\"lightbox-image-5\" data-rl_title=\"\" data-rl_caption=\"\" title=\"\"><img loading=\"lazy\" class=\"alignnone size-full wp-image-233\" src=\"http:\/\/andaluciamejorconciencia.fundaciondescubre.es\/mojateporelrio\/wp-content\/uploads\/sites\/14\/2016\/04\/equipo1.png\" alt=\"equipo1\" width=\"680\" height=\"465\" srcset=\"https:\/\/andaluciamejorconciencia.fundaciondescubre.es\/mojateporelrio\/wp-content\/uploads\/sites\/14\/2016\/04\/equipo1.png 680w, https:\/\/andaluciamejorconciencia.fundaciondescubre.es\/mojateporelrio\/wp-content\/uploads\/sites\/14\/2016\/04\/equipo1-300x205.png 300w\" sizes=\"(max-width: 680px) 85vw, 680px\" \/><\/a><a href=\"http:\/\/andaluciamejorconciencia.fundaciondescubre.es\/mojateporelrio\/wp-content\/uploads\/sites\/14\/2016\/04\/equipo2.png\" rel=\"attachment wp-att-234\" data-rel=\"lightbox-image-6\" data-rl_title=\"\" data-rl_caption=\"\" title=\"\"><img loading=\"lazy\" class=\"alignnone size-full wp-image-234\" src=\"http:\/\/andaluciamejorconciencia.fundaciondescubre.es\/mojateporelrio\/wp-content\/uploads\/sites\/14\/2016\/04\/equipo2.png\" alt=\"equipo2\" width=\"680\" height=\"450\" srcset=\"https:\/\/andaluciamejorconciencia.fundaciondescubre.es\/mojateporelrio\/wp-content\/uploads\/sites\/14\/2016\/04\/equipo2.png 680w, https:\/\/andaluciamejorconciencia.fundaciondescubre.es\/mojateporelrio\/wp-content\/uploads\/sites\/14\/2016\/04\/equipo2-300x199.png 300w, https:\/\/andaluciamejorconciencia.fundaciondescubre.es\/mojateporelrio\/wp-content\/uploads\/sites\/14\/2016\/04\/equipo2-285x190.png 285w\" sizes=\"(max-width: 680px) 85vw, 680px\" \/><\/a><a href=\"http:\/\/andaluciamejorconciencia.fundaciondescubre.es\/mojateporelrio\/wp-content\/uploads\/sites\/14\/2016\/04\/equipo3.png\" rel=\"attachment wp-att-235\" data-rel=\"lightbox-image-7\" data-rl_title=\"\" data-rl_caption=\"\" title=\"\"><img loading=\"lazy\" class=\"alignnone size-full wp-image-235\" src=\"http:\/\/andaluciamejorconciencia.fundaciondescubre.es\/mojateporelrio\/wp-content\/uploads\/sites\/14\/2016\/04\/equipo3.png\" alt=\"equipo3\" width=\"680\" height=\"445\" srcset=\"https:\/\/andaluciamejorconciencia.fundaciondescubre.es\/mojateporelrio\/wp-content\/uploads\/sites\/14\/2016\/04\/equipo3.png 680w, https:\/\/andaluciamejorconciencia.fundaciondescubre.es\/mojateporelrio\/wp-content\/uploads\/sites\/14\/2016\/04\/equipo3-300x196.png 300w\" sizes=\"(max-width: 680px) 85vw, 680px\" \/><\/a><a href=\"http:\/\/andaluciamejorconciencia.fundaciondescubre.es\/mojateporelrio\/wp-content\/uploads\/sites\/14\/2016\/04\/equipo4.png\" rel=\"attachment wp-att-236\" data-rel=\"lightbox-image-8\" data-rl_title=\"\" data-rl_caption=\"\" title=\"\"><img loading=\"lazy\" class=\"alignnone size-full wp-image-236\" src=\"http:\/\/andaluciamejorconciencia.fundaciondescubre.es\/mojateporelrio\/wp-content\/uploads\/sites\/14\/2016\/04\/equipo4.png\" alt=\"equipo4\" width=\"680\" height=\"445\" srcset=\"https:\/\/andaluciamejorconciencia.fundaciondescubre.es\/mojateporelrio\/wp-content\/uploads\/sites\/14\/2016\/04\/equipo4.png 680w, https:\/\/andaluciamejorconciencia.fundaciondescubre.es\/mojateporelrio\/wp-content\/uploads\/sites\/14\/2016\/04\/equipo4-300x196.png 300w\" sizes=\"(max-width: 680px) 85vw, 680px\" \/><\/a><\/p>\n<\/div>\n<h1 class=\"entry-title\">ENTIDADES COLABORADORAS<\/h1>\n<header class=\"entry-header\">\n<h1 class=\"entry-title\">Asociaci\u00f3n \u2018Cabra en el\u00a0recuerdo\u2019<\/h1>\n<\/header>\n<div class=\"entry-content\">\n<p>El proyecto <a href=\"http:\/\/www.cabraenelrecuerdo.com\/\">Cabra en el Recuerdo<\/a> surge de manera espont\u00e1nea en Facebook, concretamente en el muro del egabrense Rafael Luna. La historia comienza cuando en la primavera de 2013 Rafael sube fotos a su perfil, fotos de los a\u00f1os 80 que realiz\u00f3 de calles y edificios de nuestra localidad y que ten\u00eda en un archivo. Viendo la repercusi\u00f3n que ten\u00edan dichas fotos, fue conformando el proyecto en s\u00ed, al cual denomin\u00f3 como es conocido, proyecto que tiene como eje fundamental recuperar el patrimonio fotogr\u00e1fico que los egabrenses han ido guardando en sus \u201ccajas de zapatos\u201d con el transcurso del tiempo. Aparte de compartir fotos, conlleva reconstruir a trav\u00e9s de comentarios nuestro pasado m\u00e1s inmediato. Rafael hizo un llamamiento a trav\u00e9s de las redes sociales con la finalidad de fomentar la participaci\u00f3n. Hubo una excelente respuesta, y ah\u00ed estamos, contado en la actualidad con m\u00e1s de 4000 amigos conectados al proyecto.<\/p>\n<p>Si quieres saber m\u00e1s de la historia de Cabra y ver las bonitas fotos que se han recogido a trav\u00e9s de esta\u00a0iniciativa, entra en la\u00a0web:\u00a0<a href=\"http:\/\/www.cabraenelrecuerdo.com\/\">Cabra en el Recuerdo<\/a><\/p>\n<p>En esta imagen solo aparecen algunos de los cientos de participantes en el proyecto \u201cCabra en el Recuerdo\u201d en su segunda quedada que tuvieron:<\/p>\n<p><a href=\"http:\/\/andaluciamejorconciencia.fundaciondescubre.es\/mojateporelrio\/wp-content\/uploads\/sites\/14\/2016\/04\/grupo.jpg\" rel=\"attachment wp-att-238\" data-rel=\"lightbox-image-9\" data-rl_title=\"\" data-rl_caption=\"\" title=\"\"><img loading=\"lazy\" class=\"alignnone size-full wp-image-238\" src=\"http:\/\/andaluciamejorconciencia.fundaciondescubre.es\/mojateporelrio\/wp-content\/uploads\/sites\/14\/2016\/04\/grupo.jpg\" alt=\"grupo\" width=\"680\" height=\"383\" srcset=\"https:\/\/andaluciamejorconciencia.fundaciondescubre.es\/mojateporelrio\/wp-content\/uploads\/sites\/14\/2016\/04\/grupo.jpg 680w, https:\/\/andaluciamejorconciencia.fundaciondescubre.es\/mojateporelrio\/wp-content\/uploads\/sites\/14\/2016\/04\/grupo-300x169.jpg 300w\" sizes=\"(max-width: 680px) 85vw, 680px\" \/><\/a><\/p>\n<p>&nbsp;<\/p>\n<\/div>\n<\/div>\n<\/div>\n<\/div>\n","protected":false},"excerpt":{"rendered":"<p>AGENTES SOCIALES Asociaci\u00f3n N\u00e1yade del\u00a0Sur N\u00e1yade del sur, es una asociaci\u00f3n no lucrativa que organiza actividades de limpieza y conservaci\u00f3n de los r\u00edos, arroyos, marismas, lagunas, charcas, y, en definitiva, las aguas superficiales andaluzas. Adem\u00e1s de salidas de limpieza tambi\u00e9n intentamos concienciar a las personas de la importancia de tener un medio ambiente limpio y &hellip; <a href=\"https:\/\/andaluciamejorconciencia.fundaciondescubre.es\/mojateporelrio\/es\/sobre-la-comunidad\/\" class=\"more-link\">Continuar leyendo<span class=\"screen-reader-text\"> &#8220;Sobre la comunidad&#8221;<\/span><\/a><\/p>\n","protected":false},"author":1,"featured_media":0,"parent":0,"menu_order":0,"comment_status":"closed","ping_status":"closed","template":"","meta":[],"yoast_head":"<!-- This site is optimized with the Yoast SEO plugin v16.4 - https:\/\/yoast.com\/wordpress\/plugins\/seo\/ -->\n<title>Sobre la comunidad - M\u00f3jate por el r\u00edo<\/title>\n<meta name=\"robots\" content=\"index, follow, max-snippet:-1, max-image-preview:large, max-video-preview:-1\" \/>\n<link rel=\"canonical\" href=\"https:\/\/andaluciamejorconciencia.fundaciondescubre.es\/mojateporelrio\/es\/sobre-la-comunidad\/\" \/>\n<meta property=\"og:locale\" content=\"es_ES\" \/>\n<meta property=\"og:type\" content=\"article\" \/>\n<meta property=\"og:title\" content=\"Sobre la comunidad - M\u00f3jate por el r\u00edo\" \/>\n<meta property=\"og:description\" content=\"AGENTES SOCIALES Asociaci\u00f3n N\u00e1yade del\u00a0Sur N\u00e1yade del sur, es una asociaci\u00f3n no lucrativa que organiza actividades de limpieza y conservaci\u00f3n de los r\u00edos, arroyos, marismas, lagunas, charcas, y, en definitiva, las aguas superficiales andaluzas. Adem\u00e1s de salidas de limpieza tambi\u00e9n intentamos concienciar a las personas de la importancia de tener un medio ambiente limpio y &hellip; Continuar leyendo &quot;Sobre la comunidad&quot;\" \/>\n<meta property=\"og:url\" content=\"https:\/\/andaluciamejorconciencia.fundaciondescubre.es\/mojateporelrio\/es\/sobre-la-comunidad\/\" \/>\n<meta property=\"og:site_name\" content=\"M\u00f3jate por el r\u00edo\" \/>\n<meta property=\"article:modified_time\" content=\"2016-05-10T16:34:17+00:00\" \/>\n<meta property=\"og:image\" content=\"http:\/\/andaluciamejorconciencia.fundaciondescubre.es\/mojateporelrio\/wp-content\/uploads\/sites\/14\/2016\/04\/cabra.jpg\" \/>\n<meta name=\"twitter:card\" content=\"summary\" \/>\n<meta name=\"twitter:label1\" content=\"Tiempo de lectura\" \/>\n\t<meta name=\"twitter:data1\" content=\"2 minutos\" \/>\n<script type=\"application\/ld+json\" class=\"yoast-schema-graph\">{\"@context\":\"https:\/\/schema.org\",\"@graph\":[{\"@type\":\"WebSite\",\"@id\":\"https:\/\/andaluciamejorconciencia.fundaciondescubre.es\/mojateporelrio\/#website\",\"url\":\"https:\/\/andaluciamejorconciencia.fundaciondescubre.es\/mojateporelrio\/\",\"name\":\"M\\u00f3jate por el r\\u00edo\",\"description\":\"\",\"potentialAction\":[{\"@type\":\"SearchAction\",\"target\":\"https:\/\/andaluciamejorconciencia.fundaciondescubre.es\/mojateporelrio\/?s={search_term_string}\",\"query-input\":\"required name=search_term_string\"}],\"inLanguage\":\"es\"},{\"@type\":\"ImageObject\",\"@id\":\"https:\/\/andaluciamejorconciencia.fundaciondescubre.es\/mojateporelrio\/es\/sobre-la-comunidad\/#primaryimage\",\"inLanguage\":\"es\",\"url\":\"http:\/\/andaluciamejorconciencia.fundaciondescubre.es\/mojateporelrio\/wp-content\/uploads\/sites\/14\/2016\/04\/cabra.jpg\",\"contentUrl\":\"http:\/\/andaluciamejorconciencia.fundaciondescubre.es\/mojateporelrio\/wp-content\/uploads\/sites\/14\/2016\/04\/cabra.jpg\"},{\"@type\":\"WebPage\",\"@id\":\"https:\/\/andaluciamejorconciencia.fundaciondescubre.es\/mojateporelrio\/es\/sobre-la-comunidad\/#webpage\",\"url\":\"https:\/\/andaluciamejorconciencia.fundaciondescubre.es\/mojateporelrio\/es\/sobre-la-comunidad\/\",\"name\":\"Sobre la comunidad - M\\u00f3jate por el r\\u00edo\",\"isPartOf\":{\"@id\":\"https:\/\/andaluciamejorconciencia.fundaciondescubre.es\/mojateporelrio\/#website\"},\"primaryImageOfPage\":{\"@id\":\"https:\/\/andaluciamejorconciencia.fundaciondescubre.es\/mojateporelrio\/es\/sobre-la-comunidad\/#primaryimage\"},\"datePublished\":\"2016-04-19T09:49:54+00:00\",\"dateModified\":\"2016-05-10T16:34:17+00:00\",\"breadcrumb\":{\"@id\":\"https:\/\/andaluciamejorconciencia.fundaciondescubre.es\/mojateporelrio\/es\/sobre-la-comunidad\/#breadcrumb\"},\"inLanguage\":\"es\",\"potentialAction\":[{\"@type\":\"ReadAction\",\"target\":[\"https:\/\/andaluciamejorconciencia.fundaciondescubre.es\/mojateporelrio\/es\/sobre-la-comunidad\/\"]}]},{\"@type\":\"BreadcrumbList\",\"@id\":\"https:\/\/andaluciamejorconciencia.fundaciondescubre.es\/mojateporelrio\/es\/sobre-la-comunidad\/#breadcrumb\",\"itemListElement\":[{\"@type\":\"ListItem\",\"position\":1,\"item\":{\"@type\":\"WebPage\",\"@id\":\"https:\/\/andaluciamejorconciencia.fundaciondescubre.es\/mojateporelrio\/\",\"url\":\"https:\/\/andaluciamejorconciencia.fundaciondescubre.es\/mojateporelrio\/\",\"name\":\"Portada\"}},{\"@type\":\"ListItem\",\"position\":2,\"item\":{\"@id\":\"https:\/\/andaluciamejorconciencia.fundaciondescubre.es\/mojateporelrio\/es\/sobre-la-comunidad\/#webpage\"}}]}]}<\/script>\n<!-- \/ Yoast SEO plugin. -->","_links":{"self":[{"href":"https:\/\/andaluciamejorconciencia.fundaciondescubre.es\/mojateporelrio\/wp-json\/wp\/v2\/pages\/11"}],"collection":[{"href":"https:\/\/andaluciamejorconciencia.fundaciondescubre.es\/mojateporelrio\/wp-json\/wp\/v2\/pages"}],"about":[{"href":"https:\/\/andaluciamejorconciencia.fundaciondescubre.es\/mojateporelrio\/wp-json\/wp\/v2\/types\/page"}],"author":[{"embeddable":true,"href":"https:\/\/andaluciamejorconciencia.fundaciondescubre.es\/mojateporelrio\/wp-json\/wp\/v2\/users\/1"}],"replies":[{"embeddable":true,"href":"https:\/\/andaluciamejorconciencia.fundaciondescubre.es\/mojateporelrio\/wp-json\/wp\/v2\/comments?post=11"}],"version-history":[{"count":8,"href":"https:\/\/andaluciamejorconciencia.fundaciondescubre.es\/mojateporelrio\/wp-json\/wp\/v2\/pages\/11\/revisions"}],"predecessor-version":[{"id":239,"href":"https:\/\/andaluciamejorconciencia.fundaciondescubre.es\/mojateporelrio\/wp-json\/wp\/v2\/pages\/11\/revisions\/239"}],"wp:attachment":[{"href":"https:\/\/andaluciamejorconciencia.fundaciondescubre.es\/mojateporelrio\/wp-json\/wp\/v2\/media?parent=11"}],"curies":[{"name":"wp","href":"https:\/\/api.w.org\/{rel}","templated":true}]}}