{"id":9,"date":"2020-01-27T12:05:37","date_gmt":"2020-01-27T12:05:37","guid":{"rendered":"http:\/\/andaluciamejorconciencia.fundaciondescubre.es\/lahistoriadelatierrajamasandada\/sobre-la-comunidad\/"},"modified":"2020-01-29T12:20:00","modified_gmt":"2020-01-29T12:20:00","slug":"sobre-la-comunidad","status":"publish","type":"page","link":"https:\/\/andaluciamejorconciencia.fundaciondescubre.es\/lahistoriadelatierrajamasandada\/es\/sobre-la-comunidad\/","title":{"rendered":"Sobre la comunidad"},"content":{"rendered":"<p>Para poder explicar los 4540 millones de a\u00f1os de la historia de la Tierra se utilizan calendarios y gr\u00e1ficas que ponen en perspectiva esta escala del tiempo asemej\u00e1ndolos a 24 horas, una semana o un a\u00f1o.<\/p>\n<p>Con este proyecto se pretende <strong>reflejar la escala del tiempo geol\u00f3gico en un paseo alrededor del Teatro Romano Acci<\/strong>, ya que adem\u00e1s de ser un recurso tur\u00edstico, hist\u00f3rico y cultural de primer orden, tambi\u00e9n lo es geol\u00f3gico: inundaciones que han quedado en el registro sedimentol\u00f3gico o las rocas del Mioceno utilizadas para su construcci\u00f3n nos hablan de la historia de la Tierra.<\/p>\n<p><strong>El alumnado de los IES de Guadix colaborar\u00e1n conjuntamente en (1)<\/strong> la <strong>redacci\u00f3n y dise\u00f1o de los contenidos<\/strong> a reflejar en los hitos de la Historia Natural en este paseo; <strong>(2)<\/strong> definir\u00e1n y elaborar\u00e1n los elementos f\u00edsicos que lo representen a trav\u00e9s del <strong>dise\u00f1o y creaci\u00f3n art\u00edstica, (3) generaci\u00f3n de conocimiento del Geoparque de Granada y su importancia geol\u00f3gica en el contexto internacional y en la Historia de la Tierra.<\/strong><\/p>\n<p>&nbsp;<\/p>\n","protected":false},"excerpt":{"rendered":"<p>Para poder explicar los 4540 millones de a\u00f1os de la historia de la Tierra se utilizan calendarios y gr\u00e1ficas que ponen en perspectiva esta escala del tiempo asemej\u00e1ndolos a 24 horas, una semana o un a\u00f1o. Con este proyecto se pretende reflejar la escala del tiempo geol\u00f3gico en un paseo alrededor del Teatro Romano Acci, &hellip; <a href=\"https:\/\/andaluciamejorconciencia.fundaciondescubre.es\/lahistoriadelatierrajamasandada\/es\/sobre-la-comunidad\/\" class=\"more-link\">Continuar leyendo<span class=\"screen-reader-text\"> &#8220;Sobre la comunidad&#8221;<\/span><\/a><\/p>\n","protected":false},"author":1,"featured_media":0,"parent":0,"menu_order":0,"comment_status":"closed","ping_status":"closed","template":"","meta":[],"yoast_head":"<!-- This site is optimized with the Yoast SEO plugin v16.4 - https:\/\/yoast.com\/wordpress\/plugins\/seo\/ -->\n<title>Sobre la comunidad - La historia de la Tierra jam\u00e1s andada<\/title>\n<meta name=\"robots\" content=\"index, follow, max-snippet:-1, max-image-preview:large, max-video-preview:-1\" \/>\n<link rel=\"canonical\" href=\"https:\/\/andaluciamejorconciencia.fundaciondescubre.es\/lahistoriadelatierrajamasandada\/es\/sobre-la-comunidad\/\" \/>\n<meta property=\"og:locale\" content=\"es_ES\" \/>\n<meta property=\"og:type\" content=\"article\" \/>\n<meta property=\"og:title\" content=\"Sobre la comunidad - La historia de la Tierra jam\u00e1s andada\" \/>\n<meta property=\"og:description\" content=\"Para poder explicar los 4540 millones de a\u00f1os de la historia de la Tierra se utilizan calendarios y gr\u00e1ficas que ponen en perspectiva esta escala del tiempo asemej\u00e1ndolos a 24 horas, una semana o un a\u00f1o. Con este proyecto se pretende reflejar la escala del tiempo geol\u00f3gico en un paseo alrededor del Teatro Romano Acci, &hellip; Continuar leyendo &quot;Sobre la comunidad&quot;\" \/>\n<meta property=\"og:url\" content=\"https:\/\/andaluciamejorconciencia.fundaciondescubre.es\/lahistoriadelatierrajamasandada\/es\/sobre-la-comunidad\/\" \/>\n<meta property=\"og:site_name\" content=\"La historia de la Tierra jam\u00e1s andada\" \/>\n<meta property=\"article:modified_time\" content=\"2020-01-29T12:20:00+00:00\" \/>\n<meta name=\"twitter:card\" content=\"summary\" \/>\n<meta name=\"twitter:label1\" content=\"Tiempo de lectura\" \/>\n\t<meta name=\"twitter:data1\" content=\"1 minuto\" \/>\n<script type=\"application\/ld+json\" class=\"yoast-schema-graph\">{\"@context\":\"https:\/\/schema.org\",\"@graph\":[{\"@type\":\"WebSite\",\"@id\":\"https:\/\/andaluciamejorconciencia.fundaciondescubre.es\/lahistoriadelatierrajamasandada\/#website\",\"url\":\"https:\/\/andaluciamejorconciencia.fundaciondescubre.es\/lahistoriadelatierrajamasandada\/\",\"name\":\"La historia de la Tierra jam\\u00e1s andada\",\"description\":\"\",\"potentialAction\":[{\"@type\":\"SearchAction\",\"target\":\"https:\/\/andaluciamejorconciencia.fundaciondescubre.es\/lahistoriadelatierrajamasandada\/?s={search_term_string}\",\"query-input\":\"required name=search_term_string\"}],\"inLanguage\":\"es\"},{\"@type\":\"WebPage\",\"@id\":\"https:\/\/andaluciamejorconciencia.fundaciondescubre.es\/lahistoriadelatierrajamasandada\/es\/sobre-la-comunidad\/#webpage\",\"url\":\"https:\/\/andaluciamejorconciencia.fundaciondescubre.es\/lahistoriadelatierrajamasandada\/es\/sobre-la-comunidad\/\",\"name\":\"Sobre la comunidad - La historia de la Tierra jam\\u00e1s andada\",\"isPartOf\":{\"@id\":\"https:\/\/andaluciamejorconciencia.fundaciondescubre.es\/lahistoriadelatierrajamasandada\/#website\"},\"datePublished\":\"2020-01-27T12:05:37+00:00\",\"dateModified\":\"2020-01-29T12:20:00+00:00\",\"breadcrumb\":{\"@id\":\"https:\/\/andaluciamejorconciencia.fundaciondescubre.es\/lahistoriadelatierrajamasandada\/es\/sobre-la-comunidad\/#breadcrumb\"},\"inLanguage\":\"es\",\"potentialAction\":[{\"@type\":\"ReadAction\",\"target\":[\"https:\/\/andaluciamejorconciencia.fundaciondescubre.es\/lahistoriadelatierrajamasandada\/es\/sobre-la-comunidad\/\"]}]},{\"@type\":\"BreadcrumbList\",\"@id\":\"https:\/\/andaluciamejorconciencia.fundaciondescubre.es\/lahistoriadelatierrajamasandada\/es\/sobre-la-comunidad\/#breadcrumb\",\"itemListElement\":[{\"@type\":\"ListItem\",\"position\":1,\"item\":{\"@type\":\"WebPage\",\"@id\":\"https:\/\/andaluciamejorconciencia.fundaciondescubre.es\/lahistoriadelatierrajamasandada\/\",\"url\":\"https:\/\/andaluciamejorconciencia.fundaciondescubre.es\/lahistoriadelatierrajamasandada\/\",\"name\":\"Portada\"}},{\"@type\":\"ListItem\",\"position\":2,\"item\":{\"@id\":\"https:\/\/andaluciamejorconciencia.fundaciondescubre.es\/lahistoriadelatierrajamasandada\/es\/sobre-la-comunidad\/#webpage\"}}]}]}<\/script>\n<!-- \/ Yoast SEO plugin. -->","_links":{"self":[{"href":"https:\/\/andaluciamejorconciencia.fundaciondescubre.es\/lahistoriadelatierrajamasandada\/wp-json\/wp\/v2\/pages\/9"}],"collection":[{"href":"https:\/\/andaluciamejorconciencia.fundaciondescubre.es\/lahistoriadelatierrajamasandada\/wp-json\/wp\/v2\/pages"}],"about":[{"href":"https:\/\/andaluciamejorconciencia.fundaciondescubre.es\/lahistoriadelatierrajamasandada\/wp-json\/wp\/v2\/types\/page"}],"author":[{"embeddable":true,"href":"https:\/\/andaluciamejorconciencia.fundaciondescubre.es\/lahistoriadelatierrajamasandada\/wp-json\/wp\/v2\/users\/1"}],"replies":[{"embeddable":true,"href":"https:\/\/andaluciamejorconciencia.fundaciondescubre.es\/lahistoriadelatierrajamasandada\/wp-json\/wp\/v2\/comments?post=9"}],"version-history":[{"count":3,"href":"https:\/\/andaluciamejorconciencia.fundaciondescubre.es\/lahistoriadelatierrajamasandada\/wp-json\/wp\/v2\/pages\/9\/revisions"}],"predecessor-version":[{"id":37,"href":"https:\/\/andaluciamejorconciencia.fundaciondescubre.es\/lahistoriadelatierrajamasandada\/wp-json\/wp\/v2\/pages\/9\/revisions\/37"}],"wp:attachment":[{"href":"https:\/\/andaluciamejorconciencia.fundaciondescubre.es\/lahistoriadelatierrajamasandada\/wp-json\/wp\/v2\/media?parent=9"}],"curies":[{"name":"wp","href":"https:\/\/api.w.org\/{rel}","templated":true}]}}