{"id":11,"date":"2016-04-19T09:15:06","date_gmt":"2016-04-19T09:15:06","guid":{"rendered":"https:\/\/andaluciamejorconciencia.fundaciondescubre.es\/juntoshacialaagroecologia\/sobre-la-comunidad\/"},"modified":"2016-05-10T12:14:04","modified_gmt":"2016-05-10T12:14:04","slug":"sobre-la-comunidad","status":"publish","type":"page","link":"https:\/\/andaluciamejorconciencia.fundaciondescubre.es\/juntoshacialaagroecologia\/es\/sobre-la-comunidad\/","title":{"rendered":"Sobre la comunidad"},"content":{"rendered":"<p><strong><em>AGENTES SOCIALES IMPLICADOS<\/em><\/strong><\/p>\n<p>Ayuntamiento de Hu\u00e9tor T\u00e1jar<\/p>\n<p>CEIP Padre Manj\u00f3n<\/p>\n<p>CEIP San Isidro<\/p>\n<p>AMPA de los dos centros<\/p>\n<p>Asociaci\u00f3n \u2018A troche y moche\u2019<\/p>\n<p>Asociaci\u00f3n \u2018El quinto pino\u2019<\/p>\n<p><strong><em>ENTIDADES COLABORADORAS<\/em><\/strong><\/p>\n<p>Instituto de Investigaci\u00f3n y Formaci\u00f3n Agraria y Pesquera (IFAPA)<\/p>\n<p>Universidad de Granada (Departamento de Edafolog\u00eda y Qu\u00edmica Agr\u00edcola)<\/p>\n<p>Consejer\u00eda de Medio Ambiente y Territorio de la Junta de Andaluc\u00eda<\/p>\n<p>Fundaci\u00f3n Descubre<\/p>\n","protected":false},"excerpt":{"rendered":"<p>AGENTES SOCIALES IMPLICADOS Ayuntamiento de Hu\u00e9tor T\u00e1jar CEIP Padre Manj\u00f3n CEIP San Isidro AMPA de los dos centros Asociaci\u00f3n \u2018A troche y moche\u2019 Asociaci\u00f3n \u2018El quinto pino\u2019 ENTIDADES COLABORADORAS Instituto de Investigaci\u00f3n y Formaci\u00f3n Agraria y Pesquera (IFAPA) Universidad de Granada (Departamento de Edafolog\u00eda y Qu\u00edmica Agr\u00edcola) Consejer\u00eda de Medio Ambiente y Territorio de la &hellip; <a href=\"https:\/\/andaluciamejorconciencia.fundaciondescubre.es\/juntoshacialaagroecologia\/es\/sobre-la-comunidad\/\" class=\"more-link\">Continuar leyendo<span class=\"screen-reader-text\"> &#8220;Sobre la comunidad&#8221;<\/span><\/a><\/p>\n","protected":false},"author":1,"featured_media":0,"parent":0,"menu_order":0,"comment_status":"closed","ping_status":"closed","template":"","meta":[],"yoast_head":"<!-- This site is optimized with the Yoast SEO plugin v16.4 - https:\/\/yoast.com\/wordpress\/plugins\/seo\/ -->\n<title>Sobre la comunidad - Juntos hacia la agroecolog\u00eda<\/title>\n<meta name=\"robots\" content=\"index, follow, max-snippet:-1, max-image-preview:large, max-video-preview:-1\" \/>\n<link rel=\"canonical\" href=\"https:\/\/andaluciamejorconciencia.fundaciondescubre.es\/juntoshacialaagroecologia\/es\/sobre-la-comunidad\/\" \/>\n<meta property=\"og:locale\" content=\"es_ES\" \/>\n<meta property=\"og:type\" content=\"article\" \/>\n<meta property=\"og:title\" content=\"Sobre la comunidad - Juntos hacia la agroecolog\u00eda\" \/>\n<meta property=\"og:description\" content=\"AGENTES SOCIALES IMPLICADOS Ayuntamiento de Hu\u00e9tor T\u00e1jar CEIP Padre Manj\u00f3n CEIP San Isidro AMPA de los dos centros Asociaci\u00f3n \u2018A troche y moche\u2019 Asociaci\u00f3n \u2018El quinto pino\u2019 ENTIDADES COLABORADORAS Instituto de Investigaci\u00f3n y Formaci\u00f3n Agraria y Pesquera (IFAPA) Universidad de Granada (Departamento de Edafolog\u00eda y Qu\u00edmica Agr\u00edcola) Consejer\u00eda de Medio Ambiente y Territorio de la &hellip; Continuar leyendo &quot;Sobre la comunidad&quot;\" \/>\n<meta property=\"og:url\" content=\"https:\/\/andaluciamejorconciencia.fundaciondescubre.es\/juntoshacialaagroecologia\/es\/sobre-la-comunidad\/\" \/>\n<meta property=\"og:site_name\" content=\"Juntos hacia la agroecolog\u00eda\" \/>\n<meta property=\"article:modified_time\" content=\"2016-05-10T12:14:04+00:00\" \/>\n<meta name=\"twitter:card\" content=\"summary\" \/>\n<script type=\"application\/ld+json\" class=\"yoast-schema-graph\">{\"@context\":\"https:\/\/schema.org\",\"@graph\":[{\"@type\":\"WebSite\",\"@id\":\"https:\/\/andaluciamejorconciencia.fundaciondescubre.es\/juntoshacialaagroecologia\/#website\",\"url\":\"https:\/\/andaluciamejorconciencia.fundaciondescubre.es\/juntoshacialaagroecologia\/\",\"name\":\"Juntos hacia la agroecolog\\u00eda\",\"description\":\"\",\"potentialAction\":[{\"@type\":\"SearchAction\",\"target\":\"https:\/\/andaluciamejorconciencia.fundaciondescubre.es\/juntoshacialaagroecologia\/?s={search_term_string}\",\"query-input\":\"required name=search_term_string\"}],\"inLanguage\":\"es\"},{\"@type\":\"WebPage\",\"@id\":\"https:\/\/andaluciamejorconciencia.fundaciondescubre.es\/juntoshacialaagroecologia\/es\/sobre-la-comunidad\/#webpage\",\"url\":\"https:\/\/andaluciamejorconciencia.fundaciondescubre.es\/juntoshacialaagroecologia\/es\/sobre-la-comunidad\/\",\"name\":\"Sobre la comunidad - Juntos hacia la agroecolog\\u00eda\",\"isPartOf\":{\"@id\":\"https:\/\/andaluciamejorconciencia.fundaciondescubre.es\/juntoshacialaagroecologia\/#website\"},\"datePublished\":\"2016-04-19T09:15:06+00:00\",\"dateModified\":\"2016-05-10T12:14:04+00:00\",\"breadcrumb\":{\"@id\":\"https:\/\/andaluciamejorconciencia.fundaciondescubre.es\/juntoshacialaagroecologia\/es\/sobre-la-comunidad\/#breadcrumb\"},\"inLanguage\":\"es\",\"potentialAction\":[{\"@type\":\"ReadAction\",\"target\":[\"https:\/\/andaluciamejorconciencia.fundaciondescubre.es\/juntoshacialaagroecologia\/es\/sobre-la-comunidad\/\"]}]},{\"@type\":\"BreadcrumbList\",\"@id\":\"https:\/\/andaluciamejorconciencia.fundaciondescubre.es\/juntoshacialaagroecologia\/es\/sobre-la-comunidad\/#breadcrumb\",\"itemListElement\":[{\"@type\":\"ListItem\",\"position\":1,\"item\":{\"@type\":\"WebPage\",\"@id\":\"https:\/\/andaluciamejorconciencia.fundaciondescubre.es\/juntoshacialaagroecologia\/\",\"url\":\"https:\/\/andaluciamejorconciencia.fundaciondescubre.es\/juntoshacialaagroecologia\/\",\"name\":\"Portada\"}},{\"@type\":\"ListItem\",\"position\":2,\"item\":{\"@id\":\"https:\/\/andaluciamejorconciencia.fundaciondescubre.es\/juntoshacialaagroecologia\/es\/sobre-la-comunidad\/#webpage\"}}]}]}<\/script>\n<!-- \/ Yoast SEO plugin. -->","_links":{"self":[{"href":"https:\/\/andaluciamejorconciencia.fundaciondescubre.es\/juntoshacialaagroecologia\/wp-json\/wp\/v2\/pages\/11"}],"collection":[{"href":"https:\/\/andaluciamejorconciencia.fundaciondescubre.es\/juntoshacialaagroecologia\/wp-json\/wp\/v2\/pages"}],"about":[{"href":"https:\/\/andaluciamejorconciencia.fundaciondescubre.es\/juntoshacialaagroecologia\/wp-json\/wp\/v2\/types\/page"}],"author":[{"embeddable":true,"href":"https:\/\/andaluciamejorconciencia.fundaciondescubre.es\/juntoshacialaagroecologia\/wp-json\/wp\/v2\/users\/1"}],"replies":[{"embeddable":true,"href":"https:\/\/andaluciamejorconciencia.fundaciondescubre.es\/juntoshacialaagroecologia\/wp-json\/wp\/v2\/comments?post=11"}],"version-history":[{"count":3,"href":"https:\/\/andaluciamejorconciencia.fundaciondescubre.es\/juntoshacialaagroecologia\/wp-json\/wp\/v2\/pages\/11\/revisions"}],"predecessor-version":[{"id":88,"href":"https:\/\/andaluciamejorconciencia.fundaciondescubre.es\/juntoshacialaagroecologia\/wp-json\/wp\/v2\/pages\/11\/revisions\/88"}],"wp:attachment":[{"href":"https:\/\/andaluciamejorconciencia.fundaciondescubre.es\/juntoshacialaagroecologia\/wp-json\/wp\/v2\/media?parent=11"}],"curies":[{"name":"wp","href":"https:\/\/api.w.org\/{rel}","templated":true}]}}