{"id":13,"date":"2018-02-22T14:50:27","date_gmt":"2018-02-22T14:50:27","guid":{"rendered":"http:\/\/andaluciamejorconciencia.fundaciondescubre.es\/energiasrenovables\/agentes-y-entidades-que-colaboran\/"},"modified":"2018-03-22T13:16:59","modified_gmt":"2018-03-22T13:16:59","slug":"agentes-y-entidades-que-colaboran","status":"publish","type":"page","link":"https:\/\/andaluciamejorconciencia.fundaciondescubre.es\/energiasrenovables\/es\/agentes-y-entidades-que-colaboran\/","title":{"rendered":"Agentes y entidades que colaboran"},"content":{"rendered":"<p>AGENTES SOCIALES<\/p>\n<ul>\n<li>CEIP Atalaya<\/li>\n<li>CEIP Dr. Jim\u00e9nez Rueda<\/li>\n<li>CEIP Clara Campoamor<\/li>\n<li>CEIP Medina Elvira<\/li>\n<li>CEIP Fernando de los R\u00edos<\/li>\n<li>IES Iliberis<\/li>\n<li>IES Vega de Atarfe<\/li>\n<li>AMPAs de todos los centros educativos<\/li>\n<\/ul>\n<p>ENTIDADES COLABORADORAS<\/p>\n<ul>\n<li>Fundaci\u00f3n Descubre<\/li>\n<li>Ayuntamiento de Atarfe<\/li>\n<li>Consejer\u00eda de Medio Ambiente y Ordenaci\u00f3n del Territorio<\/li>\n<li>Universidad de Granada<\/li>\n<\/ul>\n","protected":false},"excerpt":{"rendered":"<p>AGENTES SOCIALES CEIP Atalaya CEIP Dr. Jim\u00e9nez Rueda CEIP Clara Campoamor CEIP Medina Elvira CEIP Fernando de los R\u00edos IES Iliberis IES Vega de Atarfe AMPAs de todos los centros educativos ENTIDADES COLABORADORAS Fundaci\u00f3n Descubre Ayuntamiento de Atarfe Consejer\u00eda de Medio Ambiente y Ordenaci\u00f3n del Territorio Universidad de Granada<\/p>\n","protected":false},"author":1,"featured_media":0,"parent":0,"menu_order":0,"comment_status":"closed","ping_status":"closed","template":"","meta":[],"yoast_head":"<!-- This site is optimized with the Yoast SEO plugin v16.4 - https:\/\/yoast.com\/wordpress\/plugins\/seo\/ -->\n<title>Agentes y entidades que colaboran - Energ\u00edas renovables \u00a1Aprendiendo a utilizar el sol, el agua y el viento!<\/title>\n<meta name=\"robots\" content=\"index, follow, max-snippet:-1, max-image-preview:large, max-video-preview:-1\" \/>\n<link rel=\"canonical\" href=\"https:\/\/andaluciamejorconciencia.fundaciondescubre.es\/energiasrenovables\/es\/agentes-y-entidades-que-colaboran\/\" \/>\n<meta property=\"og:locale\" content=\"es_ES\" \/>\n<meta property=\"og:type\" content=\"article\" \/>\n<meta property=\"og:title\" content=\"Agentes y entidades que colaboran - Energ\u00edas renovables \u00a1Aprendiendo a utilizar el sol, el agua y el viento!\" \/>\n<meta property=\"og:description\" content=\"AGENTES SOCIALES CEIP Atalaya CEIP Dr. Jim\u00e9nez Rueda CEIP Clara Campoamor CEIP Medina Elvira CEIP Fernando de los R\u00edos IES Iliberis IES Vega de Atarfe AMPAs de todos los centros educativos ENTIDADES COLABORADORAS Fundaci\u00f3n Descubre Ayuntamiento de Atarfe Consejer\u00eda de Medio Ambiente y Ordenaci\u00f3n del Territorio Universidad de Granada\" \/>\n<meta property=\"og:url\" content=\"https:\/\/andaluciamejorconciencia.fundaciondescubre.es\/energiasrenovables\/es\/agentes-y-entidades-que-colaboran\/\" \/>\n<meta property=\"og:site_name\" content=\"Energ\u00edas renovables \u00a1Aprendiendo a utilizar el sol, el agua y el viento!\" \/>\n<meta property=\"article:modified_time\" content=\"2018-03-22T13:16:59+00:00\" \/>\n<meta name=\"twitter:card\" content=\"summary\" \/>\n<script type=\"application\/ld+json\" class=\"yoast-schema-graph\">{\"@context\":\"https:\/\/schema.org\",\"@graph\":[{\"@type\":\"WebSite\",\"@id\":\"https:\/\/andaluciamejorconciencia.fundaciondescubre.es\/energiasrenovables\/#website\",\"url\":\"https:\/\/andaluciamejorconciencia.fundaciondescubre.es\/energiasrenovables\/\",\"name\":\"Energ\\u00edas renovables \\u00a1Aprendiendo a utilizar el sol, el agua y el viento!\",\"description\":\"\",\"potentialAction\":[{\"@type\":\"SearchAction\",\"target\":\"https:\/\/andaluciamejorconciencia.fundaciondescubre.es\/energiasrenovables\/?s={search_term_string}\",\"query-input\":\"required name=search_term_string\"}],\"inLanguage\":\"es\"},{\"@type\":\"WebPage\",\"@id\":\"https:\/\/andaluciamejorconciencia.fundaciondescubre.es\/energiasrenovables\/es\/agentes-y-entidades-que-colaboran\/#webpage\",\"url\":\"https:\/\/andaluciamejorconciencia.fundaciondescubre.es\/energiasrenovables\/es\/agentes-y-entidades-que-colaboran\/\",\"name\":\"Agentes y entidades que colaboran - Energ\\u00edas renovables \\u00a1Aprendiendo a utilizar el sol, el agua y el viento!\",\"isPartOf\":{\"@id\":\"https:\/\/andaluciamejorconciencia.fundaciondescubre.es\/energiasrenovables\/#website\"},\"datePublished\":\"2018-02-22T14:50:27+00:00\",\"dateModified\":\"2018-03-22T13:16:59+00:00\",\"breadcrumb\":{\"@id\":\"https:\/\/andaluciamejorconciencia.fundaciondescubre.es\/energiasrenovables\/es\/agentes-y-entidades-que-colaboran\/#breadcrumb\"},\"inLanguage\":\"es\",\"potentialAction\":[{\"@type\":\"ReadAction\",\"target\":[\"https:\/\/andaluciamejorconciencia.fundaciondescubre.es\/energiasrenovables\/es\/agentes-y-entidades-que-colaboran\/\"]}]},{\"@type\":\"BreadcrumbList\",\"@id\":\"https:\/\/andaluciamejorconciencia.fundaciondescubre.es\/energiasrenovables\/es\/agentes-y-entidades-que-colaboran\/#breadcrumb\",\"itemListElement\":[{\"@type\":\"ListItem\",\"position\":1,\"item\":{\"@type\":\"WebPage\",\"@id\":\"https:\/\/andaluciamejorconciencia.fundaciondescubre.es\/energiasrenovables\/\",\"url\":\"https:\/\/andaluciamejorconciencia.fundaciondescubre.es\/energiasrenovables\/\",\"name\":\"Portada\"}},{\"@type\":\"ListItem\",\"position\":2,\"item\":{\"@id\":\"https:\/\/andaluciamejorconciencia.fundaciondescubre.es\/energiasrenovables\/es\/agentes-y-entidades-que-colaboran\/#webpage\"}}]}]}<\/script>\n<!-- \/ Yoast SEO plugin. -->","_links":{"self":[{"href":"https:\/\/andaluciamejorconciencia.fundaciondescubre.es\/energiasrenovables\/wp-json\/wp\/v2\/pages\/13"}],"collection":[{"href":"https:\/\/andaluciamejorconciencia.fundaciondescubre.es\/energiasrenovables\/wp-json\/wp\/v2\/pages"}],"about":[{"href":"https:\/\/andaluciamejorconciencia.fundaciondescubre.es\/energiasrenovables\/wp-json\/wp\/v2\/types\/page"}],"author":[{"embeddable":true,"href":"https:\/\/andaluciamejorconciencia.fundaciondescubre.es\/energiasrenovables\/wp-json\/wp\/v2\/users\/1"}],"replies":[{"embeddable":true,"href":"https:\/\/andaluciamejorconciencia.fundaciondescubre.es\/energiasrenovables\/wp-json\/wp\/v2\/comments?post=13"}],"version-history":[{"count":2,"href":"https:\/\/andaluciamejorconciencia.fundaciondescubre.es\/energiasrenovables\/wp-json\/wp\/v2\/pages\/13\/revisions"}],"predecessor-version":[{"id":41,"href":"https:\/\/andaluciamejorconciencia.fundaciondescubre.es\/energiasrenovables\/wp-json\/wp\/v2\/pages\/13\/revisions\/41"}],"wp:attachment":[{"href":"https:\/\/andaluciamejorconciencia.fundaciondescubre.es\/energiasrenovables\/wp-json\/wp\/v2\/media?parent=13"}],"curies":[{"name":"wp","href":"https:\/\/api.w.org\/{rel}","templated":true}]}}