{"id":9,"date":"2020-01-27T09:06:19","date_gmt":"2020-01-27T09:06:19","guid":{"rendered":"http:\/\/andaluciamejorconciencia.fundaciondescubre.es\/elhuertodelfuturo\/sobre-la-comunidad\/"},"modified":"2020-02-07T09:42:55","modified_gmt":"2020-02-07T09:42:55","slug":"sobre-la-comunidad","status":"publish","type":"page","link":"https:\/\/andaluciamejorconciencia.fundaciondescubre.es\/elhuertodelfuturo\/es\/sobre-la-comunidad\/","title":{"rendered":"Sobre la comunidad"},"content":{"rendered":"<p>Vamos a convertir nuestro huerto escolar en un laboratorio en el que el alumnado va a desarrollar m\u00faltiples experimentos para analizar c\u00f3mo les afectan los cambios en el clima. Para ello, y asesorados por Luis Villagarc\u00eda Saiz, del departamento de Sistemas f\u00edsicos, Qu\u00edmicos y Naturales de la Universidad Pablo de Olavide, vamos a alterar diferentes factores ambientales y estudiar c\u00f3mo esto afecta al crecimiento de las hortalizas. De esta forma, investigaremos de forma pr\u00e1ctica y aplicando el m\u00e9todo cient\u00edfico la influencia de nuestros actos en el presente y el futuro de nuestro clima.<\/p>\n<p style=\"text-align: left\">Lo primero que vamos a estudiar con nuestro alumnado es los cambios que se han dado en el clima en los \u00faltimos a\u00f1os, y las predicciones de los pr\u00f3ximos a\u00f1os. Una vez analizados dichos cambios, vamos a experimentar en distintos bancales de nuestro huerto y en el laboratorio para ver c\u00f3mo afectar\u00e1n dichos cambios a nuestros cultivos.<\/p>\n<p>&nbsp;<\/p>\n","protected":false},"excerpt":{"rendered":"<p>Vamos a convertir nuestro huerto escolar en un laboratorio en el que el alumnado va a desarrollar m\u00faltiples experimentos para analizar c\u00f3mo les afectan los cambios en el clima. Para ello, y asesorados por Luis Villagarc\u00eda Saiz, del departamento de Sistemas f\u00edsicos, Qu\u00edmicos y Naturales de la Universidad Pablo de Olavide, vamos a alterar diferentes &hellip; <a href=\"https:\/\/andaluciamejorconciencia.fundaciondescubre.es\/elhuertodelfuturo\/es\/sobre-la-comunidad\/\" class=\"more-link\">Continuar leyendo<span class=\"screen-reader-text\"> &#8220;Sobre la comunidad&#8221;<\/span><\/a><\/p>\n","protected":false},"author":1,"featured_media":0,"parent":0,"menu_order":0,"comment_status":"closed","ping_status":"closed","template":"","meta":[],"yoast_head":"<!-- This site is optimized with the Yoast SEO plugin v16.4 - https:\/\/yoast.com\/wordpress\/plugins\/seo\/ -->\n<title>Sobre la comunidad - El huerto del futuro<\/title>\n<meta name=\"robots\" content=\"index, follow, max-snippet:-1, max-image-preview:large, max-video-preview:-1\" \/>\n<link rel=\"canonical\" href=\"https:\/\/andaluciamejorconciencia.fundaciondescubre.es\/elhuertodelfuturo\/es\/sobre-la-comunidad\/\" \/>\n<meta property=\"og:locale\" content=\"es_ES\" \/>\n<meta property=\"og:type\" content=\"article\" \/>\n<meta property=\"og:title\" content=\"Sobre la comunidad - El huerto del futuro\" \/>\n<meta property=\"og:description\" content=\"Vamos a convertir nuestro huerto escolar en un laboratorio en el que el alumnado va a desarrollar m\u00faltiples experimentos para analizar c\u00f3mo les afectan los cambios en el clima. Para ello, y asesorados por Luis Villagarc\u00eda Saiz, del departamento de Sistemas f\u00edsicos, Qu\u00edmicos y Naturales de la Universidad Pablo de Olavide, vamos a alterar diferentes &hellip; Continuar leyendo &quot;Sobre la comunidad&quot;\" \/>\n<meta property=\"og:url\" content=\"https:\/\/andaluciamejorconciencia.fundaciondescubre.es\/elhuertodelfuturo\/es\/sobre-la-comunidad\/\" \/>\n<meta property=\"og:site_name\" content=\"El huerto del futuro\" \/>\n<meta property=\"article:modified_time\" content=\"2020-02-07T09:42:55+00:00\" \/>\n<meta name=\"twitter:card\" content=\"summary\" \/>\n<meta name=\"twitter:label1\" content=\"Tiempo de lectura\" \/>\n\t<meta name=\"twitter:data1\" content=\"1 minuto\" \/>\n<script type=\"application\/ld+json\" class=\"yoast-schema-graph\">{\"@context\":\"https:\/\/schema.org\",\"@graph\":[{\"@type\":\"WebSite\",\"@id\":\"https:\/\/andaluciamejorconciencia.fundaciondescubre.es\/elhuertodelfuturo\/#website\",\"url\":\"https:\/\/andaluciamejorconciencia.fundaciondescubre.es\/elhuertodelfuturo\/\",\"name\":\"El huerto del futuro\",\"description\":\"\",\"potentialAction\":[{\"@type\":\"SearchAction\",\"target\":\"https:\/\/andaluciamejorconciencia.fundaciondescubre.es\/elhuertodelfuturo\/?s={search_term_string}\",\"query-input\":\"required name=search_term_string\"}],\"inLanguage\":\"es\"},{\"@type\":\"WebPage\",\"@id\":\"https:\/\/andaluciamejorconciencia.fundaciondescubre.es\/elhuertodelfuturo\/es\/sobre-la-comunidad\/#webpage\",\"url\":\"https:\/\/andaluciamejorconciencia.fundaciondescubre.es\/elhuertodelfuturo\/es\/sobre-la-comunidad\/\",\"name\":\"Sobre la comunidad - El huerto del futuro\",\"isPartOf\":{\"@id\":\"https:\/\/andaluciamejorconciencia.fundaciondescubre.es\/elhuertodelfuturo\/#website\"},\"datePublished\":\"2020-01-27T09:06:19+00:00\",\"dateModified\":\"2020-02-07T09:42:55+00:00\",\"breadcrumb\":{\"@id\":\"https:\/\/andaluciamejorconciencia.fundaciondescubre.es\/elhuertodelfuturo\/es\/sobre-la-comunidad\/#breadcrumb\"},\"inLanguage\":\"es\",\"potentialAction\":[{\"@type\":\"ReadAction\",\"target\":[\"https:\/\/andaluciamejorconciencia.fundaciondescubre.es\/elhuertodelfuturo\/es\/sobre-la-comunidad\/\"]}]},{\"@type\":\"BreadcrumbList\",\"@id\":\"https:\/\/andaluciamejorconciencia.fundaciondescubre.es\/elhuertodelfuturo\/es\/sobre-la-comunidad\/#breadcrumb\",\"itemListElement\":[{\"@type\":\"ListItem\",\"position\":1,\"item\":{\"@type\":\"WebPage\",\"@id\":\"https:\/\/andaluciamejorconciencia.fundaciondescubre.es\/elhuertodelfuturo\/\",\"url\":\"https:\/\/andaluciamejorconciencia.fundaciondescubre.es\/elhuertodelfuturo\/\",\"name\":\"Portada\"}},{\"@type\":\"ListItem\",\"position\":2,\"item\":{\"@id\":\"https:\/\/andaluciamejorconciencia.fundaciondescubre.es\/elhuertodelfuturo\/es\/sobre-la-comunidad\/#webpage\"}}]}]}<\/script>\n<!-- \/ Yoast SEO plugin. -->","_links":{"self":[{"href":"https:\/\/andaluciamejorconciencia.fundaciondescubre.es\/elhuertodelfuturo\/wp-json\/wp\/v2\/pages\/9"}],"collection":[{"href":"https:\/\/andaluciamejorconciencia.fundaciondescubre.es\/elhuertodelfuturo\/wp-json\/wp\/v2\/pages"}],"about":[{"href":"https:\/\/andaluciamejorconciencia.fundaciondescubre.es\/elhuertodelfuturo\/wp-json\/wp\/v2\/types\/page"}],"author":[{"embeddable":true,"href":"https:\/\/andaluciamejorconciencia.fundaciondescubre.es\/elhuertodelfuturo\/wp-json\/wp\/v2\/users\/1"}],"replies":[{"embeddable":true,"href":"https:\/\/andaluciamejorconciencia.fundaciondescubre.es\/elhuertodelfuturo\/wp-json\/wp\/v2\/comments?post=9"}],"version-history":[{"count":5,"href":"https:\/\/andaluciamejorconciencia.fundaciondescubre.es\/elhuertodelfuturo\/wp-json\/wp\/v2\/pages\/9\/revisions"}],"predecessor-version":[{"id":39,"href":"https:\/\/andaluciamejorconciencia.fundaciondescubre.es\/elhuertodelfuturo\/wp-json\/wp\/v2\/pages\/9\/revisions\/39"}],"wp:attachment":[{"href":"https:\/\/andaluciamejorconciencia.fundaciondescubre.es\/elhuertodelfuturo\/wp-json\/wp\/v2\/media?parent=9"}],"curies":[{"name":"wp","href":"https:\/\/api.w.org\/{rel}","templated":true}]}}