{"id":13,"date":"2020-01-27T09:06:20","date_gmt":"2020-01-27T09:06:20","guid":{"rendered":"http:\/\/andaluciamejorconciencia.fundaciondescubre.es\/elhuertodelfuturo\/agentes-y-entidades-que-colaboran\/"},"modified":"2020-02-07T09:49:01","modified_gmt":"2020-02-07T09:49:01","slug":"agentes-y-entidades-que-colaboran","status":"publish","type":"page","link":"https:\/\/andaluciamejorconciencia.fundaciondescubre.es\/elhuertodelfuturo\/es\/agentes-y-entidades-que-colaboran\/","title":{"rendered":"Agentes y entidades que colaboran"},"content":{"rendered":"<p>Agentes sociales implicados:<\/p>\n<ul>\n<li>IES Punta del Verde.<\/li>\n<li>AMPA del IES Punta del Verde.<\/li>\n<li>Red de huertos urbanos de Sevilla.<\/li>\n<li>Departamento de sistemas f\u00edsicos, qu\u00edmicos y naturales de la Universidad Pablo de Olavide.<\/li>\n<\/ul>\n<p>Entidades colaboradoras:<\/p>\n<ul>\n<li>Fundaci\u00f3n Descubre.<\/li>\n<li>Servicio de Parques y Jardines del Ayuntamiento de Sevilla.<\/li>\n<\/ul>\n","protected":false},"excerpt":{"rendered":"<p>Agentes sociales implicados: IES Punta del Verde. AMPA del IES Punta del Verde. Red de huertos urbanos de Sevilla. Departamento de sistemas f\u00edsicos, qu\u00edmicos y naturales de la Universidad Pablo de Olavide. Entidades colaboradoras: Fundaci\u00f3n Descubre. Servicio de Parques y Jardines del Ayuntamiento de Sevilla.<\/p>\n","protected":false},"author":1,"featured_media":0,"parent":0,"menu_order":0,"comment_status":"closed","ping_status":"closed","template":"","meta":[],"yoast_head":"<!-- This site is optimized with the Yoast SEO plugin v16.4 - https:\/\/yoast.com\/wordpress\/plugins\/seo\/ -->\n<title>Agentes y entidades que colaboran - El huerto del futuro<\/title>\n<meta name=\"robots\" content=\"index, follow, max-snippet:-1, max-image-preview:large, max-video-preview:-1\" \/>\n<link rel=\"canonical\" href=\"https:\/\/andaluciamejorconciencia.fundaciondescubre.es\/elhuertodelfuturo\/es\/agentes-y-entidades-que-colaboran\/\" \/>\n<meta property=\"og:locale\" content=\"es_ES\" \/>\n<meta property=\"og:type\" content=\"article\" \/>\n<meta property=\"og:title\" content=\"Agentes y entidades que colaboran - El huerto del futuro\" \/>\n<meta property=\"og:description\" content=\"Agentes sociales implicados: IES Punta del Verde. AMPA del IES Punta del Verde. Red de huertos urbanos de Sevilla. Departamento de sistemas f\u00edsicos, qu\u00edmicos y naturales de la Universidad Pablo de Olavide. Entidades colaboradoras: Fundaci\u00f3n Descubre. Servicio de Parques y Jardines del Ayuntamiento de Sevilla.\" \/>\n<meta property=\"og:url\" content=\"https:\/\/andaluciamejorconciencia.fundaciondescubre.es\/elhuertodelfuturo\/es\/agentes-y-entidades-que-colaboran\/\" \/>\n<meta property=\"og:site_name\" content=\"El huerto del futuro\" \/>\n<meta property=\"article:modified_time\" content=\"2020-02-07T09:49:01+00:00\" \/>\n<meta name=\"twitter:card\" content=\"summary\" \/>\n<script type=\"application\/ld+json\" class=\"yoast-schema-graph\">{\"@context\":\"https:\/\/schema.org\",\"@graph\":[{\"@type\":\"WebSite\",\"@id\":\"https:\/\/andaluciamejorconciencia.fundaciondescubre.es\/elhuertodelfuturo\/#website\",\"url\":\"https:\/\/andaluciamejorconciencia.fundaciondescubre.es\/elhuertodelfuturo\/\",\"name\":\"El huerto del futuro\",\"description\":\"\",\"potentialAction\":[{\"@type\":\"SearchAction\",\"target\":\"https:\/\/andaluciamejorconciencia.fundaciondescubre.es\/elhuertodelfuturo\/?s={search_term_string}\",\"query-input\":\"required name=search_term_string\"}],\"inLanguage\":\"es\"},{\"@type\":\"WebPage\",\"@id\":\"https:\/\/andaluciamejorconciencia.fundaciondescubre.es\/elhuertodelfuturo\/es\/agentes-y-entidades-que-colaboran\/#webpage\",\"url\":\"https:\/\/andaluciamejorconciencia.fundaciondescubre.es\/elhuertodelfuturo\/es\/agentes-y-entidades-que-colaboran\/\",\"name\":\"Agentes y entidades que colaboran - El huerto del futuro\",\"isPartOf\":{\"@id\":\"https:\/\/andaluciamejorconciencia.fundaciondescubre.es\/elhuertodelfuturo\/#website\"},\"datePublished\":\"2020-01-27T09:06:20+00:00\",\"dateModified\":\"2020-02-07T09:49:01+00:00\",\"breadcrumb\":{\"@id\":\"https:\/\/andaluciamejorconciencia.fundaciondescubre.es\/elhuertodelfuturo\/es\/agentes-y-entidades-que-colaboran\/#breadcrumb\"},\"inLanguage\":\"es\",\"potentialAction\":[{\"@type\":\"ReadAction\",\"target\":[\"https:\/\/andaluciamejorconciencia.fundaciondescubre.es\/elhuertodelfuturo\/es\/agentes-y-entidades-que-colaboran\/\"]}]},{\"@type\":\"BreadcrumbList\",\"@id\":\"https:\/\/andaluciamejorconciencia.fundaciondescubre.es\/elhuertodelfuturo\/es\/agentes-y-entidades-que-colaboran\/#breadcrumb\",\"itemListElement\":[{\"@type\":\"ListItem\",\"position\":1,\"item\":{\"@type\":\"WebPage\",\"@id\":\"https:\/\/andaluciamejorconciencia.fundaciondescubre.es\/elhuertodelfuturo\/\",\"url\":\"https:\/\/andaluciamejorconciencia.fundaciondescubre.es\/elhuertodelfuturo\/\",\"name\":\"Portada\"}},{\"@type\":\"ListItem\",\"position\":2,\"item\":{\"@id\":\"https:\/\/andaluciamejorconciencia.fundaciondescubre.es\/elhuertodelfuturo\/es\/agentes-y-entidades-que-colaboran\/#webpage\"}}]}]}<\/script>\n<!-- \/ Yoast SEO plugin. -->","_links":{"self":[{"href":"https:\/\/andaluciamejorconciencia.fundaciondescubre.es\/elhuertodelfuturo\/wp-json\/wp\/v2\/pages\/13"}],"collection":[{"href":"https:\/\/andaluciamejorconciencia.fundaciondescubre.es\/elhuertodelfuturo\/wp-json\/wp\/v2\/pages"}],"about":[{"href":"https:\/\/andaluciamejorconciencia.fundaciondescubre.es\/elhuertodelfuturo\/wp-json\/wp\/v2\/types\/page"}],"author":[{"embeddable":true,"href":"https:\/\/andaluciamejorconciencia.fundaciondescubre.es\/elhuertodelfuturo\/wp-json\/wp\/v2\/users\/1"}],"replies":[{"embeddable":true,"href":"https:\/\/andaluciamejorconciencia.fundaciondescubre.es\/elhuertodelfuturo\/wp-json\/wp\/v2\/comments?post=13"}],"version-history":[{"count":2,"href":"https:\/\/andaluciamejorconciencia.fundaciondescubre.es\/elhuertodelfuturo\/wp-json\/wp\/v2\/pages\/13\/revisions"}],"predecessor-version":[{"id":43,"href":"https:\/\/andaluciamejorconciencia.fundaciondescubre.es\/elhuertodelfuturo\/wp-json\/wp\/v2\/pages\/13\/revisions\/43"}],"wp:attachment":[{"href":"https:\/\/andaluciamejorconciencia.fundaciondescubre.es\/elhuertodelfuturo\/wp-json\/wp\/v2\/media?parent=13"}],"curies":[{"name":"wp","href":"https:\/\/api.w.org\/{rel}","templated":true}]}}