{"id":9,"date":"2016-12-14T08:08:43","date_gmt":"2016-12-14T08:08:43","guid":{"rendered":"http:\/\/andaluciamejorconciencia.fundaciondescubre.es\/echaavolarenroquetasdemar\/sobre-la-comunidad\/"},"modified":"2017-01-23T13:15:32","modified_gmt":"2017-01-23T13:15:32","slug":"sobre-la-comunidad","status":"publish","type":"page","link":"https:\/\/andaluciamejorconciencia.fundaciondescubre.es\/echaavolar\/es\/sobre-la-comunidad\/","title":{"rendered":"Sobre la comunidad"},"content":{"rendered":"<p style=\"text-align: justify\">Esta apasionante iniciativa en una frase:<\/p>\n<h3 style=\"text-align: center\"><span style=\"text-decoration: underline\">Consiste en el acondicionamiento de infraestructuras p\u00fablicas urbanas para convertirlas en <span style=\"color: #008000;text-decoration: underline\">infraestructuras verdes<\/span>, mediante la instalaci\u00f3n de refugios para <span style=\"color: #800080;text-decoration: underline\">especies animales locales beneficiosas<\/span>.<\/span><\/h3>\n<hr \/>\n<p style=\"text-align: justify\">Los diferentes agentes sociales implicados, protagonistas de este proyecto, forman una comunidad que trabaja conjuntamente. De manera resumida, se pretende favorecer la presencia de ciertas especies que resultan beneficiosas para la ciudadan\u00eda en\u00a0general y para el sector agr\u00edcola en\u00a0particular. Por un lado, grupos faun\u00edsticos que se alimentan de insectos, como algunas aves (aviones, golondrinas, vencejos) y murci\u00e9lagos, act\u00faan como controladores biol\u00f3gicos de plagas y de mosquitos. Y por otro lado, insectos polinizadores ayudan a la polinizaci\u00f3n de las plantas. Cabe destacar que Roquetas de Mar y sus alrededores es una regi\u00f3n principalmente agr\u00edcola, por lo que el incremento de estas especies supone un beneficio, adquirido de modo sencillo y muy econ\u00f3mico.<\/p>\n<p style=\"text-align: justify\">Por diversas causas, las poblaciones de las especies beneficiosas mencionadas, est\u00e1n disminuyendo notablemente. As\u00ed pues, la instalaci\u00f3n de refugios puede ser una acci\u00f3n que ayude a solucionar este problema. Se plantea la colocaci\u00f3n de refugios en diversas infraestructuras: edificios p\u00fablicos y\/o privados e infraestructuras en desuso, como es el caso de las casetas\/torrestas de los antiguos motores de los pozos de agua. Estas \u00faltimas, son un enclave ideal para la instalaci\u00f3n de refugios para fauna local, ya que se evitar\u00eda\u00a0parcialmente,\u00a0la ocupaci\u00f3n de edificios particulares y las posibles molestias. Cabe destacar que\u00a0estas edificaciones fueron cruciales en la historia de la localidad, debido a que proporcionaron el abastecimiento de agua. Este patrimonio hist\u00f3rico es desconocido para muchos de sus habitantes, as\u00ed que esta iniciativa, proporciona la oportunidad de dar a conocer parte del patrimonio actualmente olvidado. Adem\u00e1s, se les dotar\u00eda de una nueva funci\u00f3n convirti\u00e9ndose en infraestructuras verdes que podr\u00edan servir de ejemplo a iniciativas privadas y generar un beneficio ambiental a la sociedad.<\/p>\n<p style=\"text-align: justify\">Se persigue\u00a0que los ciudadanos tomen conciencia de la biodiversidad de su entorno m\u00e1s cercano, de sus beneficios y de las actuaciones que pueden solventar diversos problemas. Siempre bajo el m\u00e1ximo respeto al medio ambiente, aplicando una metodolog\u00eda cient\u00edfica y motivando pr\u00e1cticas cotidianas en pro de la naturaleza.<\/p>\n<p style=\"text-align: center\">Dicho esto, <span style=\"color: #3366ff\"><strong>ECHEMOS A VOLAR!<\/strong><\/span><\/p>\n<hr \/>\n<p style=\"text-align: justify\">A grandes rasgos los objetivos son:<\/p>\n<ul>\n<li style=\"text-align: justify\">Poner en marcha un proyecto medioambiental, con base cient\u00edfica, para la mejora del entorno m\u00e1s pr\u00f3ximo al ciudadano.<\/li>\n<li style=\"text-align: justify\">Concienciar a los ciudadanos sobre la importancia de la biodiversidad local y motivar pr\u00e1cticas respetuosas con el medio ambiente, concretamente en relaci\u00f3n al impacto de la aplicaci\u00f3n de qu\u00edmicos insecticidas y a la destrucci\u00f3n de nidos.<\/li>\n<li style=\"text-align: justify\">Implicar a diversos agentes de la comunidad en un proyecto medioambiental y de divulgaci\u00f3n cient\u00edfica relacionado directamente con su entorno m\u00e1s cercano.<\/li>\n<li style=\"text-align: justify\">Divulgar el proyecto y el resultado de las actuaciones realizadas en diferentes medios (internet, revistas, prensa, radio, exposici\u00f3n en jornadas de puertas abiertas,\u2026)<\/li>\n<\/ul>\n<hr \/>\n<p style=\"text-align: center\">\n","protected":false},"excerpt":{"rendered":"<p>Esta apasionante iniciativa en una frase: Consiste en el acondicionamiento de infraestructuras p\u00fablicas urbanas para convertirlas en infraestructuras verdes, mediante la instalaci\u00f3n de refugios para especies animales locales beneficiosas. Los diferentes agentes sociales implicados, protagonistas de este proyecto, forman una comunidad que trabaja conjuntamente. De manera resumida, se pretende favorecer la presencia de ciertas especies &hellip; <a href=\"https:\/\/andaluciamejorconciencia.fundaciondescubre.es\/echaavolar\/es\/sobre-la-comunidad\/\" class=\"more-link\">Continuar leyendo<span class=\"screen-reader-text\"> &#8220;Sobre la comunidad&#8221;<\/span><\/a><\/p>\n","protected":false},"author":1,"featured_media":36,"parent":0,"menu_order":0,"comment_status":"closed","ping_status":"closed","template":"","meta":[],"yoast_head":"<!-- This site is optimized with the Yoast SEO plugin v16.4 - https:\/\/yoast.com\/wordpress\/plugins\/seo\/ -->\n<title>Sobre la comunidad - Echa a volar<\/title>\n<meta name=\"robots\" content=\"index, follow, max-snippet:-1, max-image-preview:large, max-video-preview:-1\" \/>\n<link rel=\"canonical\" href=\"https:\/\/andaluciamejorconciencia.fundaciondescubre.es\/echaavolar\/es\/sobre-la-comunidad\/\" \/>\n<meta property=\"og:locale\" content=\"es_ES\" \/>\n<meta property=\"og:type\" content=\"article\" \/>\n<meta property=\"og:title\" content=\"Sobre la comunidad - Echa a volar\" \/>\n<meta property=\"og:description\" content=\"Esta apasionante iniciativa en una frase: Consiste en el acondicionamiento de infraestructuras p\u00fablicas urbanas para convertirlas en infraestructuras verdes, mediante la instalaci\u00f3n de refugios para especies animales locales beneficiosas. Los diferentes agentes sociales implicados, protagonistas de este proyecto, forman una comunidad que trabaja conjuntamente. De manera resumida, se pretende favorecer la presencia de ciertas especies &hellip; Continuar leyendo &quot;Sobre la comunidad&quot;\" \/>\n<meta property=\"og:url\" content=\"https:\/\/andaluciamejorconciencia.fundaciondescubre.es\/echaavolar\/es\/sobre-la-comunidad\/\" \/>\n<meta property=\"og:site_name\" content=\"Echa a volar\" \/>\n<meta property=\"article:modified_time\" content=\"2017-01-23T13:15:32+00:00\" \/>\n<meta property=\"og:image\" content=\"https:\/\/andaluciamejorconciencia.fundaciondescubre.es\/echaavolar\/wp-content\/uploads\/sites\/20\/2016\/12\/roquetas.jpg\" \/>\n\t<meta property=\"og:image:width\" content=\"276\" \/>\n\t<meta property=\"og:image:height\" content=\"201\" \/>\n<meta name=\"twitter:card\" content=\"summary\" \/>\n<meta name=\"twitter:label1\" content=\"Tiempo de lectura\" \/>\n\t<meta name=\"twitter:data1\" content=\"3 minutos\" \/>\n<script type=\"application\/ld+json\" class=\"yoast-schema-graph\">{\"@context\":\"https:\/\/schema.org\",\"@graph\":[{\"@type\":\"WebSite\",\"@id\":\"https:\/\/andaluciamejorconciencia.fundaciondescubre.es\/echaavolar\/#website\",\"url\":\"https:\/\/andaluciamejorconciencia.fundaciondescubre.es\/echaavolar\/\",\"name\":\"Echa a volar\",\"description\":\"\",\"potentialAction\":[{\"@type\":\"SearchAction\",\"target\":\"https:\/\/andaluciamejorconciencia.fundaciondescubre.es\/echaavolar\/?s={search_term_string}\",\"query-input\":\"required name=search_term_string\"}],\"inLanguage\":\"es\"},{\"@type\":\"ImageObject\",\"@id\":\"https:\/\/andaluciamejorconciencia.fundaciondescubre.es\/echaavolar\/es\/sobre-la-comunidad\/#primaryimage\",\"inLanguage\":\"es\",\"url\":\"https:\/\/andaluciamejorconciencia.fundaciondescubre.es\/echaavolar\/wp-content\/uploads\/sites\/20\/2016\/12\/roquetas.jpg\",\"contentUrl\":\"https:\/\/andaluciamejorconciencia.fundaciondescubre.es\/echaavolar\/wp-content\/uploads\/sites\/20\/2016\/12\/roquetas.jpg\",\"width\":276,\"height\":201,\"caption\":\"logo echa\"},{\"@type\":\"WebPage\",\"@id\":\"https:\/\/andaluciamejorconciencia.fundaciondescubre.es\/echaavolar\/es\/sobre-la-comunidad\/#webpage\",\"url\":\"https:\/\/andaluciamejorconciencia.fundaciondescubre.es\/echaavolar\/es\/sobre-la-comunidad\/\",\"name\":\"Sobre la comunidad - Echa a volar\",\"isPartOf\":{\"@id\":\"https:\/\/andaluciamejorconciencia.fundaciondescubre.es\/echaavolar\/#website\"},\"primaryImageOfPage\":{\"@id\":\"https:\/\/andaluciamejorconciencia.fundaciondescubre.es\/echaavolar\/es\/sobre-la-comunidad\/#primaryimage\"},\"datePublished\":\"2016-12-14T08:08:43+00:00\",\"dateModified\":\"2017-01-23T13:15:32+00:00\",\"breadcrumb\":{\"@id\":\"https:\/\/andaluciamejorconciencia.fundaciondescubre.es\/echaavolar\/es\/sobre-la-comunidad\/#breadcrumb\"},\"inLanguage\":\"es\",\"potentialAction\":[{\"@type\":\"ReadAction\",\"target\":[\"https:\/\/andaluciamejorconciencia.fundaciondescubre.es\/echaavolar\/es\/sobre-la-comunidad\/\"]}]},{\"@type\":\"BreadcrumbList\",\"@id\":\"https:\/\/andaluciamejorconciencia.fundaciondescubre.es\/echaavolar\/es\/sobre-la-comunidad\/#breadcrumb\",\"itemListElement\":[{\"@type\":\"ListItem\",\"position\":1,\"item\":{\"@type\":\"WebPage\",\"@id\":\"https:\/\/andaluciamejorconciencia.fundaciondescubre.es\/echaavolar\/\",\"url\":\"https:\/\/andaluciamejorconciencia.fundaciondescubre.es\/echaavolar\/\",\"name\":\"Portada\"}},{\"@type\":\"ListItem\",\"position\":2,\"item\":{\"@id\":\"https:\/\/andaluciamejorconciencia.fundaciondescubre.es\/echaavolar\/es\/sobre-la-comunidad\/#webpage\"}}]}]}<\/script>\n<!-- \/ Yoast SEO plugin. -->","_links":{"self":[{"href":"https:\/\/andaluciamejorconciencia.fundaciondescubre.es\/echaavolar\/wp-json\/wp\/v2\/pages\/9"}],"collection":[{"href":"https:\/\/andaluciamejorconciencia.fundaciondescubre.es\/echaavolar\/wp-json\/wp\/v2\/pages"}],"about":[{"href":"https:\/\/andaluciamejorconciencia.fundaciondescubre.es\/echaavolar\/wp-json\/wp\/v2\/types\/page"}],"author":[{"embeddable":true,"href":"https:\/\/andaluciamejorconciencia.fundaciondescubre.es\/echaavolar\/wp-json\/wp\/v2\/users\/1"}],"replies":[{"embeddable":true,"href":"https:\/\/andaluciamejorconciencia.fundaciondescubre.es\/echaavolar\/wp-json\/wp\/v2\/comments?post=9"}],"version-history":[{"count":6,"href":"https:\/\/andaluciamejorconciencia.fundaciondescubre.es\/echaavolar\/wp-json\/wp\/v2\/pages\/9\/revisions"}],"predecessor-version":[{"id":102,"href":"https:\/\/andaluciamejorconciencia.fundaciondescubre.es\/echaavolar\/wp-json\/wp\/v2\/pages\/9\/revisions\/102"}],"wp:featuredmedia":[{"embeddable":true,"href":"https:\/\/andaluciamejorconciencia.fundaciondescubre.es\/echaavolar\/wp-json\/wp\/v2\/media\/36"}],"wp:attachment":[{"href":"https:\/\/andaluciamejorconciencia.fundaciondescubre.es\/echaavolar\/wp-json\/wp\/v2\/media?parent=9"}],"curies":[{"name":"wp","href":"https:\/\/api.w.org\/{rel}","templated":true}]}}