{"id":67,"date":"2016-11-17T10:09:33","date_gmt":"2016-11-17T10:09:33","guid":{"rendered":"http:\/\/andaluciamejorconciencia.fundaciondescubre.es\/diversificat\/sobre-la-comunidad\/"},"modified":"2017-02-22T11:42:14","modified_gmt":"2017-02-22T11:42:14","slug":"sobre-la-comunidad","status":"publish","type":"page","link":"https:\/\/andaluciamejorconciencia.fundaciondescubre.es\/diversificat\/es\/sobre-la-comunidad\/","title":{"rendered":"Sobre la comunidad"},"content":{"rendered":"<p>El control biol\u00f3gico natural, ejercido por los depredadores y parasitoides naturales de las plagas, est\u00e1 presente en todos los ecosistemas terrestres, tanto naturales como agr\u00edcolas, y es un mecanismo que siempre permanece activo. Por lo tanto, constituye un servicio ecosist\u00e9mico de gran valor econ\u00f3mico que se ha llegado a valorar en 400 mil millones de d\u00f3lares anuales. De hecho, se calcula que entre el 50-90% de las plagas de los cultivos agr\u00edcolas est\u00e1n controladas de forma natural por sus enemigos naturales. La teor\u00eda agroecol\u00f3gica predice que los paisajes agr\u00edcolas intensivos pierden biodiversidad y carecen de los recursos necesarios para mejorar la supervivencia y desarrollo de los enemigos naturales. Estos recursos son: alimento en forma de polen y\/o n\u00e9ctar, presas alternativas y protecci\u00f3n frente a condiciones adversas. Por tanto, una de las primeras actuaciones para paliar la falta de diversidad en los paisajes agr\u00edcolas es el manejo del h\u00e1bitat con setos de vegetaci\u00f3n aut\u00f3ctona y refugios para insectos beneficiosos. Esta estrategia est\u00e1 orientada a favorecer los enemigos naturales de las plagas y mejorar el control biol\u00f3gico natural en los sistemas agr\u00edcolas.<\/p>\n","protected":false},"excerpt":{"rendered":"<p>El control biol\u00f3gico natural, ejercido por los depredadores y parasitoides naturales de las plagas, est\u00e1 presente en todos los ecosistemas terrestres, tanto naturales como agr\u00edcolas, y es un mecanismo que siempre permanece activo. Por lo tanto, constituye un servicio ecosist\u00e9mico de gran valor econ\u00f3mico que se ha llegado a valorar en 400 mil millones de &hellip; <a href=\"https:\/\/andaluciamejorconciencia.fundaciondescubre.es\/diversificat\/es\/sobre-la-comunidad\/\" class=\"more-link\">Continuar leyendo<span class=\"screen-reader-text\"> &#8220;Sobre la comunidad&#8221;<\/span><\/a><\/p>\n","protected":false},"author":1,"featured_media":0,"parent":0,"menu_order":0,"comment_status":"closed","ping_status":"closed","template":"","meta":[],"yoast_head":"<!-- This site is optimized with the Yoast SEO plugin v16.4 - https:\/\/yoast.com\/wordpress\/plugins\/seo\/ -->\n<title>Sobre la comunidad - DIVERSIFICA-T<\/title>\n<meta name=\"robots\" content=\"index, follow, max-snippet:-1, max-image-preview:large, max-video-preview:-1\" \/>\n<link rel=\"canonical\" href=\"https:\/\/andaluciamejorconciencia.fundaciondescubre.es\/diversificat\/es\/sobre-la-comunidad\/\" \/>\n<meta property=\"og:locale\" content=\"es_ES\" \/>\n<meta property=\"og:type\" content=\"article\" \/>\n<meta property=\"og:title\" content=\"Sobre la comunidad - DIVERSIFICA-T\" \/>\n<meta property=\"og:description\" content=\"El control biol\u00f3gico natural, ejercido por los depredadores y parasitoides naturales de las plagas, est\u00e1 presente en todos los ecosistemas terrestres, tanto naturales como agr\u00edcolas, y es un mecanismo que siempre permanece activo. Por lo tanto, constituye un servicio ecosist\u00e9mico de gran valor econ\u00f3mico que se ha llegado a valorar en 400 mil millones de &hellip; Continuar leyendo &quot;Sobre la comunidad&quot;\" \/>\n<meta property=\"og:url\" content=\"https:\/\/andaluciamejorconciencia.fundaciondescubre.es\/diversificat\/es\/sobre-la-comunidad\/\" \/>\n<meta property=\"og:site_name\" content=\"DIVERSIFICA-T\" \/>\n<meta property=\"article:modified_time\" content=\"2017-02-22T11:42:14+00:00\" \/>\n<meta name=\"twitter:card\" content=\"summary\" \/>\n<meta name=\"twitter:label1\" content=\"Tiempo de lectura\" \/>\n\t<meta name=\"twitter:data1\" content=\"1 minuto\" \/>\n<script type=\"application\/ld+json\" class=\"yoast-schema-graph\">{\"@context\":\"https:\/\/schema.org\",\"@graph\":[{\"@type\":\"WebSite\",\"@id\":\"https:\/\/andaluciamejorconciencia.fundaciondescubre.es\/diversificat\/#website\",\"url\":\"https:\/\/andaluciamejorconciencia.fundaciondescubre.es\/diversificat\/\",\"name\":\"DIVERSIFICA-T\",\"description\":\"\",\"potentialAction\":[{\"@type\":\"SearchAction\",\"target\":\"https:\/\/andaluciamejorconciencia.fundaciondescubre.es\/diversificat\/?s={search_term_string}\",\"query-input\":\"required name=search_term_string\"}],\"inLanguage\":\"es\"},{\"@type\":\"WebPage\",\"@id\":\"https:\/\/andaluciamejorconciencia.fundaciondescubre.es\/diversificat\/es\/sobre-la-comunidad\/#webpage\",\"url\":\"https:\/\/andaluciamejorconciencia.fundaciondescubre.es\/diversificat\/es\/sobre-la-comunidad\/\",\"name\":\"Sobre la comunidad - DIVERSIFICA-T\",\"isPartOf\":{\"@id\":\"https:\/\/andaluciamejorconciencia.fundaciondescubre.es\/diversificat\/#website\"},\"datePublished\":\"2016-11-17T10:09:33+00:00\",\"dateModified\":\"2017-02-22T11:42:14+00:00\",\"breadcrumb\":{\"@id\":\"https:\/\/andaluciamejorconciencia.fundaciondescubre.es\/diversificat\/es\/sobre-la-comunidad\/#breadcrumb\"},\"inLanguage\":\"es\",\"potentialAction\":[{\"@type\":\"ReadAction\",\"target\":[\"https:\/\/andaluciamejorconciencia.fundaciondescubre.es\/diversificat\/es\/sobre-la-comunidad\/\"]}]},{\"@type\":\"BreadcrumbList\",\"@id\":\"https:\/\/andaluciamejorconciencia.fundaciondescubre.es\/diversificat\/es\/sobre-la-comunidad\/#breadcrumb\",\"itemListElement\":[{\"@type\":\"ListItem\",\"position\":1,\"item\":{\"@type\":\"WebPage\",\"@id\":\"https:\/\/andaluciamejorconciencia.fundaciondescubre.es\/diversificat\/\",\"url\":\"https:\/\/andaluciamejorconciencia.fundaciondescubre.es\/diversificat\/\",\"name\":\"Portada\"}},{\"@type\":\"ListItem\",\"position\":2,\"item\":{\"@id\":\"https:\/\/andaluciamejorconciencia.fundaciondescubre.es\/diversificat\/es\/sobre-la-comunidad\/#webpage\"}}]}]}<\/script>\n<!-- \/ Yoast SEO plugin. -->","_links":{"self":[{"href":"https:\/\/andaluciamejorconciencia.fundaciondescubre.es\/diversificat\/wp-json\/wp\/v2\/pages\/67"}],"collection":[{"href":"https:\/\/andaluciamejorconciencia.fundaciondescubre.es\/diversificat\/wp-json\/wp\/v2\/pages"}],"about":[{"href":"https:\/\/andaluciamejorconciencia.fundaciondescubre.es\/diversificat\/wp-json\/wp\/v2\/types\/page"}],"author":[{"embeddable":true,"href":"https:\/\/andaluciamejorconciencia.fundaciondescubre.es\/diversificat\/wp-json\/wp\/v2\/users\/1"}],"replies":[{"embeddable":true,"href":"https:\/\/andaluciamejorconciencia.fundaciondescubre.es\/diversificat\/wp-json\/wp\/v2\/comments?post=67"}],"version-history":[{"count":3,"href":"https:\/\/andaluciamejorconciencia.fundaciondescubre.es\/diversificat\/wp-json\/wp\/v2\/pages\/67\/revisions"}],"predecessor-version":[{"id":164,"href":"https:\/\/andaluciamejorconciencia.fundaciondescubre.es\/diversificat\/wp-json\/wp\/v2\/pages\/67\/revisions\/164"}],"wp:attachment":[{"href":"https:\/\/andaluciamejorconciencia.fundaciondescubre.es\/diversificat\/wp-json\/wp\/v2\/media?parent=67"}],"curies":[{"name":"wp","href":"https:\/\/api.w.org\/{rel}","templated":true}]}}