{"id":50,"date":"2016-04-27T10:52:49","date_gmt":"2016-04-27T10:52:49","guid":{"rendered":"https:\/\/andaluciamejorconciencia.fundaciondescubre.es\/cuidatecuidalo\/?page_id=50"},"modified":"2016-04-27T10:52:49","modified_gmt":"2016-04-27T10:52:49","slug":"sobre-el-proyecto","status":"publish","type":"page","link":"https:\/\/andaluciamejorconciencia.fundaciondescubre.es\/cuidatecuidalo\/es\/sobre-el-proyecto\/","title":{"rendered":"Sobre el proyecto"},"content":{"rendered":"<p>El proyecto \u00a1\u00a1CU\u00cdDATE, CU\u00cdDALO!!, es un proyecto comunitario, en el que vamos a estar implicados muchos agentes sociales, pertenecientes a la sociedad de Pinos Puente.<\/p>\n<p>Entre todos vamos a construir un espacio de actividad f\u00edsica natural en una zona del Colegio San Pascual Bail\u00f3n y un huerto ecol\u00f3gico para poder aprender a preparar un huerto, su cuidado y la recogida de los frutos. Todo ello lo vamos a realizar con materiales que podamos reunir entre todos, es decir, lo que a otros ya no les sirve, a nosotros si.<\/p>\n<p>Otra parte del proyecto consiste en la realizaci\u00f3n de un circuito se\u00f1alizado por el pueblo, con la intenci\u00f3n del que quiera realizar un paseo, corriendo, en bicicleta, caminando, etc., pueda saber la distancia que realiza, al mismo tiempo de tener la oportunidad de realizar diferentes ejercicios en los puntos saludables.<\/p>\n<p>Adem\u00e1s, realizaremos diferentes actividades con las que tenemos un objetivo claro, que es la adquisici\u00f3n de unos h\u00e1bitos de vida saludables para todos y todas.<\/p>\n<p>Entre todos y todas podemos mejorar el entorno y obtener unos h\u00e1bitos de vida saludables.<\/p>\n<p>\u00a1Pero quien mejor os lo puede explicar son los GRANDES protagonistas \u00a0en este v\u00eddeo!<\/p>\n<p class=\"wpview-selection-before\">\n<p class=\"wpview-selection-after\">\n","protected":false},"excerpt":{"rendered":"<p>El proyecto \u00a1\u00a1CU\u00cdDATE, CU\u00cdDALO!!, es un proyecto comunitario, en el que vamos a estar implicados muchos agentes sociales, pertenecientes a la sociedad de Pinos Puente. Entre todos vamos a construir un espacio de actividad f\u00edsica natural en una zona del Colegio San Pascual Bail\u00f3n y un huerto ecol\u00f3gico para poder aprender a preparar un huerto, &hellip; <a href=\"https:\/\/andaluciamejorconciencia.fundaciondescubre.es\/cuidatecuidalo\/es\/sobre-el-proyecto\/\" class=\"more-link\">Continuar leyendo<span class=\"screen-reader-text\"> &#8220;Sobre el proyecto&#8221;<\/span><\/a><\/p>\n","protected":false},"author":1,"featured_media":0,"parent":0,"menu_order":0,"comment_status":"closed","ping_status":"closed","template":"","meta":[],"yoast_head":"<!-- This site is optimized with the Yoast SEO plugin v16.4 - https:\/\/yoast.com\/wordpress\/plugins\/seo\/ -->\n<title>Sobre el proyecto - \u00a1Cu\u00eddate, Cu\u00eddalo!<\/title>\n<meta name=\"robots\" content=\"index, follow, max-snippet:-1, max-image-preview:large, max-video-preview:-1\" \/>\n<link rel=\"canonical\" href=\"https:\/\/andaluciamejorconciencia.fundaciondescubre.es\/cuidatecuidalo\/es\/sobre-el-proyecto\/\" \/>\n<meta property=\"og:locale\" content=\"es_ES\" \/>\n<meta property=\"og:type\" content=\"article\" \/>\n<meta property=\"og:title\" content=\"Sobre el proyecto - \u00a1Cu\u00eddate, Cu\u00eddalo!\" \/>\n<meta property=\"og:description\" content=\"El proyecto \u00a1\u00a1CU\u00cdDATE, CU\u00cdDALO!!, es un proyecto comunitario, en el que vamos a estar implicados muchos agentes sociales, pertenecientes a la sociedad de Pinos Puente. Entre todos vamos a construir un espacio de actividad f\u00edsica natural en una zona del Colegio San Pascual Bail\u00f3n y un huerto ecol\u00f3gico para poder aprender a preparar un huerto, &hellip; Continuar leyendo &quot;Sobre el proyecto&quot;\" \/>\n<meta property=\"og:url\" content=\"https:\/\/andaluciamejorconciencia.fundaciondescubre.es\/cuidatecuidalo\/es\/sobre-el-proyecto\/\" \/>\n<meta property=\"og:site_name\" content=\"\u00a1Cu\u00eddate, Cu\u00eddalo!\" \/>\n<meta name=\"twitter:card\" content=\"summary\" \/>\n<meta name=\"twitter:label1\" content=\"Tiempo de lectura\" \/>\n\t<meta name=\"twitter:data1\" content=\"1 minuto\" \/>\n<script type=\"application\/ld+json\" class=\"yoast-schema-graph\">{\"@context\":\"https:\/\/schema.org\",\"@graph\":[{\"@type\":\"WebSite\",\"@id\":\"https:\/\/andaluciamejorconciencia.fundaciondescubre.es\/cuidatecuidalo\/#website\",\"url\":\"https:\/\/andaluciamejorconciencia.fundaciondescubre.es\/cuidatecuidalo\/\",\"name\":\"\\u00a1Cu\\u00eddate, Cu\\u00eddalo!\",\"description\":\"\",\"potentialAction\":[{\"@type\":\"SearchAction\",\"target\":\"https:\/\/andaluciamejorconciencia.fundaciondescubre.es\/cuidatecuidalo\/?s={search_term_string}\",\"query-input\":\"required name=search_term_string\"}],\"inLanguage\":\"es\"},{\"@type\":\"WebPage\",\"@id\":\"https:\/\/andaluciamejorconciencia.fundaciondescubre.es\/cuidatecuidalo\/es\/sobre-el-proyecto\/#webpage\",\"url\":\"https:\/\/andaluciamejorconciencia.fundaciondescubre.es\/cuidatecuidalo\/es\/sobre-el-proyecto\/\",\"name\":\"Sobre el proyecto - \\u00a1Cu\\u00eddate, Cu\\u00eddalo!\",\"isPartOf\":{\"@id\":\"https:\/\/andaluciamejorconciencia.fundaciondescubre.es\/cuidatecuidalo\/#website\"},\"datePublished\":\"2016-04-27T10:52:49+00:00\",\"dateModified\":\"2016-04-27T10:52:49+00:00\",\"breadcrumb\":{\"@id\":\"https:\/\/andaluciamejorconciencia.fundaciondescubre.es\/cuidatecuidalo\/es\/sobre-el-proyecto\/#breadcrumb\"},\"inLanguage\":\"es\",\"potentialAction\":[{\"@type\":\"ReadAction\",\"target\":[\"https:\/\/andaluciamejorconciencia.fundaciondescubre.es\/cuidatecuidalo\/es\/sobre-el-proyecto\/\"]}]},{\"@type\":\"BreadcrumbList\",\"@id\":\"https:\/\/andaluciamejorconciencia.fundaciondescubre.es\/cuidatecuidalo\/es\/sobre-el-proyecto\/#breadcrumb\",\"itemListElement\":[{\"@type\":\"ListItem\",\"position\":1,\"item\":{\"@type\":\"WebPage\",\"@id\":\"https:\/\/andaluciamejorconciencia.fundaciondescubre.es\/cuidatecuidalo\/\",\"url\":\"https:\/\/andaluciamejorconciencia.fundaciondescubre.es\/cuidatecuidalo\/\",\"name\":\"Portada\"}},{\"@type\":\"ListItem\",\"position\":2,\"item\":{\"@id\":\"https:\/\/andaluciamejorconciencia.fundaciondescubre.es\/cuidatecuidalo\/es\/sobre-el-proyecto\/#webpage\"}}]}]}<\/script>\n<!-- \/ Yoast SEO plugin. -->","_links":{"self":[{"href":"https:\/\/andaluciamejorconciencia.fundaciondescubre.es\/cuidatecuidalo\/wp-json\/wp\/v2\/pages\/50"}],"collection":[{"href":"https:\/\/andaluciamejorconciencia.fundaciondescubre.es\/cuidatecuidalo\/wp-json\/wp\/v2\/pages"}],"about":[{"href":"https:\/\/andaluciamejorconciencia.fundaciondescubre.es\/cuidatecuidalo\/wp-json\/wp\/v2\/types\/page"}],"author":[{"embeddable":true,"href":"https:\/\/andaluciamejorconciencia.fundaciondescubre.es\/cuidatecuidalo\/wp-json\/wp\/v2\/users\/1"}],"replies":[{"embeddable":true,"href":"https:\/\/andaluciamejorconciencia.fundaciondescubre.es\/cuidatecuidalo\/wp-json\/wp\/v2\/comments?post=50"}],"version-history":[{"count":1,"href":"https:\/\/andaluciamejorconciencia.fundaciondescubre.es\/cuidatecuidalo\/wp-json\/wp\/v2\/pages\/50\/revisions"}],"predecessor-version":[{"id":52,"href":"https:\/\/andaluciamejorconciencia.fundaciondescubre.es\/cuidatecuidalo\/wp-json\/wp\/v2\/pages\/50\/revisions\/52"}],"wp:attachment":[{"href":"https:\/\/andaluciamejorconciencia.fundaciondescubre.es\/cuidatecuidalo\/wp-json\/wp\/v2\/media?parent=50"}],"curies":[{"name":"wp","href":"https:\/\/api.w.org\/{rel}","templated":true}]}}