{"id":14,"date":"2017-12-14T10:28:39","date_gmt":"2017-12-14T10:28:39","guid":{"rendered":"http:\/\/andaluciamejorconciencia.fundaciondescubre.es\/contaminacion-cotidiana\/agentes-y-entidades-que-colaboran\/"},"modified":"2017-12-15T08:23:00","modified_gmt":"2017-12-15T08:23:00","slug":"agentes-y-entidades-que-colaboran","status":"publish","type":"page","link":"https:\/\/andaluciamejorconciencia.fundaciondescubre.es\/contaminacion-cotidiana\/es\/agentes-y-entidades-que-colaboran\/","title":{"rendered":"Agentes y entidades que colaboran"},"content":{"rendered":"<p><a href=\"http:\/\/www.eez.csic.es\">Estaci\u00f3n Experimental del Zaid\u00edn. CSIC<\/a><\/p>\n<p><a href=\"https:\/\/biolabzv.blogspot.com.es\/\">IES Zaid\u00edn-Vergeles<\/a><\/p>\n<p><a href=\"http:\/\/www.laniakeacommunication.com\/\">Laniakea Management &amp; Communication<\/a><\/p>\n","protected":false},"excerpt":{"rendered":"<p>Estaci\u00f3n Experimental del Zaid\u00edn. CSIC IES Zaid\u00edn-Vergeles Laniakea Management &amp; Communication<\/p>\n","protected":false},"author":1,"featured_media":0,"parent":0,"menu_order":0,"comment_status":"closed","ping_status":"closed","template":"","meta":[],"yoast_head":"<!-- This site is optimized with the Yoast SEO plugin v16.4 - https:\/\/yoast.com\/wordpress\/plugins\/seo\/ -->\n<title>Agentes y entidades que colaboran - Contaminaci\u00f3n cotidiana<\/title>\n<meta name=\"robots\" content=\"index, follow, max-snippet:-1, max-image-preview:large, max-video-preview:-1\" \/>\n<link rel=\"canonical\" href=\"https:\/\/andaluciamejorconciencia.fundaciondescubre.es\/contaminacion-cotidiana\/es\/agentes-y-entidades-que-colaboran\/\" \/>\n<meta property=\"og:locale\" content=\"es_ES\" \/>\n<meta property=\"og:type\" content=\"article\" \/>\n<meta property=\"og:title\" content=\"Agentes y entidades que colaboran - Contaminaci\u00f3n cotidiana\" \/>\n<meta property=\"og:description\" content=\"Estaci\u00f3n Experimental del Zaid\u00edn. CSIC IES Zaid\u00edn-Vergeles Laniakea Management &amp; Communication\" \/>\n<meta property=\"og:url\" content=\"https:\/\/andaluciamejorconciencia.fundaciondescubre.es\/contaminacion-cotidiana\/es\/agentes-y-entidades-que-colaboran\/\" \/>\n<meta property=\"og:site_name\" content=\"Contaminaci\u00f3n cotidiana\" \/>\n<meta property=\"article:modified_time\" content=\"2017-12-15T08:23:00+00:00\" \/>\n<meta name=\"twitter:card\" content=\"summary\" \/>\n<script type=\"application\/ld+json\" class=\"yoast-schema-graph\">{\"@context\":\"https:\/\/schema.org\",\"@graph\":[{\"@type\":\"WebSite\",\"@id\":\"https:\/\/andaluciamejorconciencia.fundaciondescubre.es\/contaminacion-cotidiana\/#website\",\"url\":\"https:\/\/andaluciamejorconciencia.fundaciondescubre.es\/contaminacion-cotidiana\/\",\"name\":\"Contaminaci\\u00f3n cotidiana\",\"description\":\"\",\"potentialAction\":[{\"@type\":\"SearchAction\",\"target\":\"https:\/\/andaluciamejorconciencia.fundaciondescubre.es\/contaminacion-cotidiana\/?s={search_term_string}\",\"query-input\":\"required name=search_term_string\"}],\"inLanguage\":\"es\"},{\"@type\":\"WebPage\",\"@id\":\"https:\/\/andaluciamejorconciencia.fundaciondescubre.es\/contaminacion-cotidiana\/es\/agentes-y-entidades-que-colaboran\/#webpage\",\"url\":\"https:\/\/andaluciamejorconciencia.fundaciondescubre.es\/contaminacion-cotidiana\/es\/agentes-y-entidades-que-colaboran\/\",\"name\":\"Agentes y entidades que colaboran - Contaminaci\\u00f3n cotidiana\",\"isPartOf\":{\"@id\":\"https:\/\/andaluciamejorconciencia.fundaciondescubre.es\/contaminacion-cotidiana\/#website\"},\"datePublished\":\"2017-12-14T10:28:39+00:00\",\"dateModified\":\"2017-12-15T08:23:00+00:00\",\"breadcrumb\":{\"@id\":\"https:\/\/andaluciamejorconciencia.fundaciondescubre.es\/contaminacion-cotidiana\/es\/agentes-y-entidades-que-colaboran\/#breadcrumb\"},\"inLanguage\":\"es\",\"potentialAction\":[{\"@type\":\"ReadAction\",\"target\":[\"https:\/\/andaluciamejorconciencia.fundaciondescubre.es\/contaminacion-cotidiana\/es\/agentes-y-entidades-que-colaboran\/\"]}]},{\"@type\":\"BreadcrumbList\",\"@id\":\"https:\/\/andaluciamejorconciencia.fundaciondescubre.es\/contaminacion-cotidiana\/es\/agentes-y-entidades-que-colaboran\/#breadcrumb\",\"itemListElement\":[{\"@type\":\"ListItem\",\"position\":1,\"item\":{\"@type\":\"WebPage\",\"@id\":\"https:\/\/andaluciamejorconciencia.fundaciondescubre.es\/contaminacion-cotidiana\/\",\"url\":\"https:\/\/andaluciamejorconciencia.fundaciondescubre.es\/contaminacion-cotidiana\/\",\"name\":\"Portada\"}},{\"@type\":\"ListItem\",\"position\":2,\"item\":{\"@id\":\"https:\/\/andaluciamejorconciencia.fundaciondescubre.es\/contaminacion-cotidiana\/es\/agentes-y-entidades-que-colaboran\/#webpage\"}}]}]}<\/script>\n<!-- \/ Yoast SEO plugin. -->","_links":{"self":[{"href":"https:\/\/andaluciamejorconciencia.fundaciondescubre.es\/contaminacion-cotidiana\/wp-json\/wp\/v2\/pages\/14"}],"collection":[{"href":"https:\/\/andaluciamejorconciencia.fundaciondescubre.es\/contaminacion-cotidiana\/wp-json\/wp\/v2\/pages"}],"about":[{"href":"https:\/\/andaluciamejorconciencia.fundaciondescubre.es\/contaminacion-cotidiana\/wp-json\/wp\/v2\/types\/page"}],"author":[{"embeddable":true,"href":"https:\/\/andaluciamejorconciencia.fundaciondescubre.es\/contaminacion-cotidiana\/wp-json\/wp\/v2\/users\/1"}],"replies":[{"embeddable":true,"href":"https:\/\/andaluciamejorconciencia.fundaciondescubre.es\/contaminacion-cotidiana\/wp-json\/wp\/v2\/comments?post=14"}],"version-history":[{"count":4,"href":"https:\/\/andaluciamejorconciencia.fundaciondescubre.es\/contaminacion-cotidiana\/wp-json\/wp\/v2\/pages\/14\/revisions"}],"predecessor-version":[{"id":41,"href":"https:\/\/andaluciamejorconciencia.fundaciondescubre.es\/contaminacion-cotidiana\/wp-json\/wp\/v2\/pages\/14\/revisions\/41"}],"wp:attachment":[{"href":"https:\/\/andaluciamejorconciencia.fundaciondescubre.es\/contaminacion-cotidiana\/wp-json\/wp\/v2\/media?parent=14"}],"curies":[{"name":"wp","href":"https:\/\/api.w.org\/{rel}","templated":true}]}}