{"id":19,"date":"2019-12-11T12:56:32","date_gmt":"2019-12-11T12:56:32","guid":{"rendered":"http:\/\/andaluciamejorconciencia.fundaciondescubre.es\/ciudad-neuroactiva\/agenda-de-actividades\/"},"modified":"2021-02-03T21:47:14","modified_gmt":"2021-02-03T21:47:14","slug":"agenda-de-actividades","status":"publish","type":"page","link":"https:\/\/andaluciamejorconciencia.fundaciondescubre.es\/ciudad-neuroactiva\/es\/agenda-de-actividades\/","title":{"rendered":"Agenda de actividades"},"content":{"rendered":"<p style=\"text-align: justify\"><span style=\"font-weight: 400\">El proyecto tiene una duraci\u00f3n de 10 meses comprendidos entre septiembre de 2019 y junio de 2020 (un curso lectivo). El proyecto se estructura en tres fases principales, diferenciadas en funci\u00f3n de la naturaleza de las actuaciones que se llevar\u00e1n a cabo en cada una de ellas y que quedan estructuradas tal y como se refleja a continuaci\u00f3n.<\/span><\/p>\n<p style=\"text-align: justify\"><span style=\"color: #f00c0c\"><strong>Debido a la situaci\u00f3n generada por la pandemia\u00a0 y el periodo de confinamiento al que nos vimos avocados durante el tercer trimestre del curso 2019\/2020, la duraci\u00f3n del proyecto se extiende hasta junio de 2021, adaptando los tiempos y las fases del proyecto a las excepcionales condiciones que estamos viviendo.\u00a0<\/strong><\/span><\/p>\n<p style=\"text-align: justify\"><strong>Fase 1 &#8211; Explorar<\/strong><\/p>\n<p style=\"text-align: justify\"><span style=\"font-weight: 400\">Una vez planteada la problem\u00e1tica sobre la que versa el proyecto, es en esta fase inicial donde se van a llevar a cabo las actividades encaminadas a la b\u00fasqueda de posibles soluciones. Para poder establecer dichas soluciones es necesario que los distintos agentes sociales implicados en el proyecto, no s\u00f3lo dispongan de la informaci\u00f3n, sino tambi\u00e9n que reciban la formaci\u00f3n necesaria que les permita abordar dicha tarea. Es imprescindible que dicha formaci\u00f3n, impartida por los asesores cient\u00edficos del proyecto, est\u00e9 adaptada a los distintos agentes sociales implicados (alumnado, profesorado, familias, personas mayores, etc.) Es en este aspecto, en el que la asesor\u00eda cient\u00edfica del proyecto es imprescindible, as\u00ed como su apoyo a lo largo de todo el proyecto.<\/span><\/p>\n<p style=\"text-align: justify\"><strong>Fase 2 &#8211; Crear<\/strong><\/p>\n<p style=\"text-align: justify\"><span style=\"font-weight: 400\">Es en este punto del proyecto en el que las propuestas de soluciones se materializan a trav\u00e9s de las distintas acciones planteadas. Para ello, se establecen tres tipos de actuaciones.\u00a0<\/span><span style=\"font-weight: 400\">Por un lado, aquellas actuaciones encaminadas a informar a la poblaci\u00f3n de la localidad del papel tan importante que la neurociencia juega en las vidas de todos y todas, que se materializar\u00e1n a trav\u00e9s de la elaboraci\u00f3n de p\u00edldoras de concienciaci\u00f3n y recreaci\u00f3n. Y por otro lado, aquellas actuaciones enfocadas a convertir Valderrubio en una CIUDAD MAKER. De forma que las actuaciones est\u00e9n encaminadas a transformar los espacios de la localidad (parques, jardines, etc.), habilit\u00e1ndolos de forma que sean lugares en los que se extienda el conocimiento de la neurociencia a toda la poblaci\u00f3n y dejen de ser espacios contemplativos y pasen a ser espacios donde la poblaci\u00f3n pueda crear. Del mismo modo, se plantean actuaciones destinadas a favorecer que la poblaci\u00f3n consiga modificar y establecer rutinas alternativas que redunden en el beneficio de su salud mental.<\/span><\/p>\n<p style=\"text-align: justify\"><strong>Fase 3 &#8211; Ofrecer<\/strong><\/p>\n<p style=\"text-align: justify\"><span style=\"font-weight: 400\">Una vez llevadas a cabo las actuaciones del proyecto en la localidad, es en esta \u00faltima fase donde se comprobar\u00e1 su efectividad mediante una evaluaci\u00f3n de las actuaciones, en la que est\u00e1n implicados los diferentes agentes sociales. De esta forma obtendremos informaci\u00f3n muy relevante a la hora de discernir qu\u00e9 actuaciones han sido m\u00e1s efectivas y que aspectos son susceptibles de ser mejorados. Esta informaci\u00f3n ser\u00e1 fundamental y servir\u00e1 como base para poder elaborar el Dec\u00e1logo Neuroactivo. Este dec\u00e1logo se concibe como un recurso necesario que reunir\u00e1 aquellos aspectos b\u00e1sicos y recomendaciones que permitan extrapolar el trabajo llevado a cabo en este proyecto. Cumpliendo as\u00ed con el objetivo de la metodolog\u00eda ECO de ofrecer nuestros resultados y conclusiones a otras localidades que quieran mejorar la salud mental de sus vecinos y vecinas convirti\u00e9ndose en ciudades neuroactivas. En este sentido, la difusi\u00f3n juega un papel fundamental, no s\u00f3lo en esta \u00faltima fase del proyecto sino tambi\u00e9n a lo largo de toda su ejecuci\u00f3n, que permita a los agentes sociales implicados, as\u00ed como al resto de la poblaci\u00f3n, hacer un seguimiento continuo a trav\u00e9s de este espacio destinado al proyecto en la web del programa<\/span><i><span style=\"font-weight: 400\"> Andaluc\u00eda Mejor con Ciencia<\/span><\/i><span style=\"font-weight: 400\">.<\/span><\/p>\n<p style=\"text-align: justify\"><img loading=\"lazy\" class=\"aligncenter size-full wp-image-38\" src=\"http:\/\/andaluciamejorconciencia.fundaciondescubre.es\/ciudad-neuroactiva\/wp-content\/uploads\/sites\/27\/2019\/12\/cronograma-1.jpg\" alt=\"cronograma\" width=\"971\" height=\"919\" srcset=\"https:\/\/andaluciamejorconciencia.fundaciondescubre.es\/ciudad-neuroactiva\/wp-content\/uploads\/sites\/27\/2019\/12\/cronograma-1.jpg 971w, https:\/\/andaluciamejorconciencia.fundaciondescubre.es\/ciudad-neuroactiva\/wp-content\/uploads\/sites\/27\/2019\/12\/cronograma-1-300x284.jpg 300w, https:\/\/andaluciamejorconciencia.fundaciondescubre.es\/ciudad-neuroactiva\/wp-content\/uploads\/sites\/27\/2019\/12\/cronograma-1-768x727.jpg 768w, https:\/\/andaluciamejorconciencia.fundaciondescubre.es\/ciudad-neuroactiva\/wp-content\/uploads\/sites\/27\/2019\/12\/cronograma-1-720x681.jpg 720w\" sizes=\"(max-width: 709px) 85vw, (max-width: 909px) 67vw, (max-width: 1362px) 62vw, 840px\" \/><\/p>\n","protected":false},"excerpt":{"rendered":"<p>El proyecto tiene una duraci\u00f3n de 10 meses comprendidos entre septiembre de 2019 y junio de 2020 (un curso lectivo). El proyecto se estructura en tres fases principales, diferenciadas en funci\u00f3n de la naturaleza de las actuaciones que se llevar\u00e1n a cabo en cada una de ellas y que quedan estructuradas tal y como se &hellip; <a href=\"https:\/\/andaluciamejorconciencia.fundaciondescubre.es\/ciudad-neuroactiva\/es\/agenda-de-actividades\/\" class=\"more-link\">Continuar leyendo<span class=\"screen-reader-text\"> &#8220;Agenda de actividades&#8221;<\/span><\/a><\/p>\n","protected":false},"author":1,"featured_media":0,"parent":0,"menu_order":0,"comment_status":"closed","ping_status":"closed","template":"","meta":[],"yoast_head":"<!-- This site is optimized with the Yoast SEO plugin v16.4 - https:\/\/yoast.com\/wordpress\/plugins\/seo\/ -->\n<title>Agenda de actividades - Ciudad Neuroactiva<\/title>\n<meta name=\"robots\" content=\"index, follow, max-snippet:-1, max-image-preview:large, max-video-preview:-1\" \/>\n<link rel=\"canonical\" href=\"https:\/\/andaluciamejorconciencia.fundaciondescubre.es\/ciudad-neuroactiva\/es\/agenda-de-actividades\/\" \/>\n<meta property=\"og:locale\" content=\"es_ES\" \/>\n<meta property=\"og:type\" content=\"article\" \/>\n<meta property=\"og:title\" content=\"Agenda de actividades - Ciudad Neuroactiva\" \/>\n<meta property=\"og:description\" content=\"El proyecto tiene una duraci\u00f3n de 10 meses comprendidos entre septiembre de 2019 y junio de 2020 (un curso lectivo). El proyecto se estructura en tres fases principales, diferenciadas en funci\u00f3n de la naturaleza de las actuaciones que se llevar\u00e1n a cabo en cada una de ellas y que quedan estructuradas tal y como se &hellip; Continuar leyendo &quot;Agenda de actividades&quot;\" \/>\n<meta property=\"og:url\" content=\"https:\/\/andaluciamejorconciencia.fundaciondescubre.es\/ciudad-neuroactiva\/es\/agenda-de-actividades\/\" \/>\n<meta property=\"og:site_name\" content=\"Ciudad Neuroactiva\" \/>\n<meta property=\"article:modified_time\" content=\"2021-02-03T21:47:14+00:00\" \/>\n<meta property=\"og:image\" content=\"http:\/\/andaluciamejorconciencia.fundaciondescubre.es\/ciudad-neuroactiva\/wp-content\/uploads\/sites\/27\/2019\/12\/cronograma-1.jpg\" \/>\n<meta name=\"twitter:card\" content=\"summary\" \/>\n<script type=\"application\/ld+json\" class=\"yoast-schema-graph\">{\"@context\":\"https:\/\/schema.org\",\"@graph\":[{\"@type\":\"WebSite\",\"@id\":\"https:\/\/andaluciamejorconciencia.fundaciondescubre.es\/ciudad-neuroactiva\/#website\",\"url\":\"https:\/\/andaluciamejorconciencia.fundaciondescubre.es\/ciudad-neuroactiva\/\",\"name\":\"Ciudad Neuroactiva\",\"description\":\"\",\"potentialAction\":[{\"@type\":\"SearchAction\",\"target\":\"https:\/\/andaluciamejorconciencia.fundaciondescubre.es\/ciudad-neuroactiva\/?s={search_term_string}\",\"query-input\":\"required name=search_term_string\"}],\"inLanguage\":\"es\"},{\"@type\":\"ImageObject\",\"@id\":\"https:\/\/andaluciamejorconciencia.fundaciondescubre.es\/ciudad-neuroactiva\/es\/agenda-de-actividades\/#primaryimage\",\"inLanguage\":\"es\",\"url\":\"http:\/\/andaluciamejorconciencia.fundaciondescubre.es\/ciudad-neuroactiva\/wp-content\/uploads\/sites\/27\/2019\/12\/cronograma-1.jpg\",\"contentUrl\":\"http:\/\/andaluciamejorconciencia.fundaciondescubre.es\/ciudad-neuroactiva\/wp-content\/uploads\/sites\/27\/2019\/12\/cronograma-1.jpg\"},{\"@type\":\"WebPage\",\"@id\":\"https:\/\/andaluciamejorconciencia.fundaciondescubre.es\/ciudad-neuroactiva\/es\/agenda-de-actividades\/#webpage\",\"url\":\"https:\/\/andaluciamejorconciencia.fundaciondescubre.es\/ciudad-neuroactiva\/es\/agenda-de-actividades\/\",\"name\":\"Agenda de actividades - Ciudad Neuroactiva\",\"isPartOf\":{\"@id\":\"https:\/\/andaluciamejorconciencia.fundaciondescubre.es\/ciudad-neuroactiva\/#website\"},\"primaryImageOfPage\":{\"@id\":\"https:\/\/andaluciamejorconciencia.fundaciondescubre.es\/ciudad-neuroactiva\/es\/agenda-de-actividades\/#primaryimage\"},\"datePublished\":\"2019-12-11T12:56:32+00:00\",\"dateModified\":\"2021-02-03T21:47:14+00:00\",\"breadcrumb\":{\"@id\":\"https:\/\/andaluciamejorconciencia.fundaciondescubre.es\/ciudad-neuroactiva\/es\/agenda-de-actividades\/#breadcrumb\"},\"inLanguage\":\"es\",\"potentialAction\":[{\"@type\":\"ReadAction\",\"target\":[\"https:\/\/andaluciamejorconciencia.fundaciondescubre.es\/ciudad-neuroactiva\/es\/agenda-de-actividades\/\"]}]},{\"@type\":\"BreadcrumbList\",\"@id\":\"https:\/\/andaluciamejorconciencia.fundaciondescubre.es\/ciudad-neuroactiva\/es\/agenda-de-actividades\/#breadcrumb\",\"itemListElement\":[{\"@type\":\"ListItem\",\"position\":1,\"item\":{\"@type\":\"WebPage\",\"@id\":\"https:\/\/andaluciamejorconciencia.fundaciondescubre.es\/ciudad-neuroactiva\/\",\"url\":\"https:\/\/andaluciamejorconciencia.fundaciondescubre.es\/ciudad-neuroactiva\/\",\"name\":\"Portada\"}},{\"@type\":\"ListItem\",\"position\":2,\"item\":{\"@id\":\"https:\/\/andaluciamejorconciencia.fundaciondescubre.es\/ciudad-neuroactiva\/es\/agenda-de-actividades\/#webpage\"}}]}]}<\/script>\n<!-- \/ Yoast SEO plugin. -->","_links":{"self":[{"href":"https:\/\/andaluciamejorconciencia.fundaciondescubre.es\/ciudad-neuroactiva\/wp-json\/wp\/v2\/pages\/19"}],"collection":[{"href":"https:\/\/andaluciamejorconciencia.fundaciondescubre.es\/ciudad-neuroactiva\/wp-json\/wp\/v2\/pages"}],"about":[{"href":"https:\/\/andaluciamejorconciencia.fundaciondescubre.es\/ciudad-neuroactiva\/wp-json\/wp\/v2\/types\/page"}],"author":[{"embeddable":true,"href":"https:\/\/andaluciamejorconciencia.fundaciondescubre.es\/ciudad-neuroactiva\/wp-json\/wp\/v2\/users\/1"}],"replies":[{"embeddable":true,"href":"https:\/\/andaluciamejorconciencia.fundaciondescubre.es\/ciudad-neuroactiva\/wp-json\/wp\/v2\/comments?post=19"}],"version-history":[{"count":4,"href":"https:\/\/andaluciamejorconciencia.fundaciondescubre.es\/ciudad-neuroactiva\/wp-json\/wp\/v2\/pages\/19\/revisions"}],"predecessor-version":[{"id":1437,"href":"https:\/\/andaluciamejorconciencia.fundaciondescubre.es\/ciudad-neuroactiva\/wp-json\/wp\/v2\/pages\/19\/revisions\/1437"}],"wp:attachment":[{"href":"https:\/\/andaluciamejorconciencia.fundaciondescubre.es\/ciudad-neuroactiva\/wp-json\/wp\/v2\/media?parent=19"}],"curies":[{"name":"wp","href":"https:\/\/api.w.org\/{rel}","templated":true}]}}