{"id":1651,"date":"2021-06-14T11:26:31","date_gmt":"2021-06-14T11:26:31","guid":{"rendered":"https:\/\/andaluciamejorconciencia.fundaciondescubre.es\/ciudad-neuroactiva\/?page_id=1651"},"modified":"2021-06-14T11:26:32","modified_gmt":"2021-06-14T11:26:32","slug":"politica-de-cookies-2","status":"publish","type":"page","link":"https:\/\/andaluciamejorconciencia.fundaciondescubre.es\/ciudad-neuroactiva\/en\/politica-de-cookies-2\/","title":{"rendered":"Pol\u00edtica de cookies"},"content":{"rendered":"\n<h3>CONCEPTO DE COOKIES<\/h3>\n\n\n\n<p>Durante la navegaci\u00f3n a trav\u00e9s de la nuestra Web es posible que recopilemos informaci\u00f3n relativa al flujo del tr\u00e1fico, as\u00ed como a patrones de visita de las P\u00e1ginas de nuestro dominio. Dicha informaci\u00f3n ser\u00e1 tratada a trav\u00e9s de cookies (peque\u00f1as cantidades de informaci\u00f3n en formato texto que la P\u00e1gina env\u00eda al ordenador o equipo del Usuario mientras visita la misma).<\/p>\n\n\n\n<p>El objetivo de la utilizaci\u00f3n de las Cookies es personalizar el acceso a la P\u00e1gina con el prop\u00f3sito de mejorar la navegaci\u00f3n y sus condiciones de funcionalidad.<\/p>\n\n\n\n<p>En esta p\u00e1gina web cumplimos con lo dispuesto en la Ley de Servicios de la Sociedad de la Informaci\u00f3n, norma que ha recogido la transposici\u00f3n de la Directiva 2009\/136\/CE, conocida como \u201cLey de Cookies\u201d.<\/p>\n\n\n\n<p>Una cookie es un peque\u00f1o archivo de texto, que se almacena en el ordenador, tablet, tel\u00e9fono m\u00f3vil o en definitiva, en el dispositivo que utilice para navegar a trav\u00e9s de Internet, y que puede guardar informaci\u00f3n relativa a la frecuencia con la que visita las p\u00e1ginas web, sus preferencias de navegaci\u00f3n, la informaci\u00f3n que m\u00e1s le interesa, nombres de usuario, registrar productos, etc.<\/p>\n\n\n\n<p>En nuestro caso, las cookies que utilizamos en nuestra web no recopilan informaci\u00f3n que le identifique de forma personal.<\/p>\n\n\n\n<h3>TIPOS DE COOKIES<\/h3>\n\n\n\n<p>En funci\u00f3n de su naturaleza, las cookies pueden clasificarse en:<\/p>\n\n\n\n<ul><li>\u201cCookies de sesi\u00f3n\u201d o \u201cCookies Persistentes\u201d: las primeras son eliminadas al cerrar el navegador, mientras que las segundas permanecen en el equipo inform\u00e1tico.<\/li><li>\u201cCookies propias\u201d o \u201cCookies de terceros\u201d: en funci\u00f3n de si pertenecen al propio titular de la web, o a un tercero.<\/li><\/ul>\n\n\n\n<h3>\u00bfQU\u00c9 COOKIES UTILIZAMOS?<\/h3>\n\n\n<table class=\"cookielawinfo-row-cat-table cookielawinfo-classic\"><thead><tr><th class=\"cookielawinfo-column-1\">Cookie<\/th><th class=\"cookielawinfo-column-2\">Tipo<\/th><th class=\"cookielawinfo-column-3\">Duraci\u00f3n<\/th><th class=\"cookielawinfo-column-4\">Descripci\u00f3n<\/th><\/tr><\/thead><tbody><tr class=\"cookielawinfo-row\"><td class=\"cookielawinfo-column-1\">_ga<\/td><td class=\"cookielawinfo-column-2\">Terceros<\/td><td class=\"cookielawinfo-column-3\">2 a\u00f1os<\/td><td class=\"cookielawinfo-column-4\">Esta cookie es instalada por Google Analytics. La cookie se utiliza para calcular los datos de visitantes, sesiones y campa\u00f1as y realizar un seguimiento del uso del sitio para el informe de an\u00e1lisis del sitio. Las cookies almacenan informaci\u00f3n de forma an\u00f3nima y asignan un n\u00famero generado aleatoriamente para identificar visitantes \u00fanicos.<\/td><\/tr><tr class=\"cookielawinfo-row\"><td class=\"cookielawinfo-column-1\">_ga<\/td><td class=\"cookielawinfo-column-2\">Third party<\/td><td class=\"cookielawinfo-column-3\">2 years<\/td><td class=\"cookielawinfo-column-4\">This cookie is installed by Google Analytics. The cookie is used to calculate visitor, session, campaign data and keep track of site usage for the site's analytics report. The cookies store information anonymously and assign a randomly generated number to identify unique visitors.<\/td><\/tr><tr class=\"cookielawinfo-row\"><td class=\"cookielawinfo-column-1\">_gat<\/td><td class=\"cookielawinfo-column-2\">Terceros<\/td><td class=\"cookielawinfo-column-3\">1 minuto<\/td><td class=\"cookielawinfo-column-4\">Google Universal Analytics instala estas cookies para acelerar la tasa de solicitud y limitar la recopilaci\u00f3n de datos en sitios de alto tr\u00e1fico.<\/td><\/tr><tr class=\"cookielawinfo-row\"><td class=\"cookielawinfo-column-1\">_gat<\/td><td class=\"cookielawinfo-column-2\">Third party<\/td><td class=\"cookielawinfo-column-3\">1 minute<\/td><td class=\"cookielawinfo-column-4\">This cookies is installed by Google Universal Analytics to throttle the request rate to limit the colllection of data on high traffic sites.<\/td><\/tr><tr class=\"cookielawinfo-row\"><td class=\"cookielawinfo-column-1\">_gid<\/td><td class=\"cookielawinfo-column-2\">Terceros<\/td><td class=\"cookielawinfo-column-3\">1 d\u00eda<\/td><td class=\"cookielawinfo-column-4\">Esta cookie es instalada por Google Analytics. La cookie se utiliza para almacenar informaci\u00f3n sobre c\u00f3mo los visitantes usan un sitio web y ayuda a crear un informe anal\u00edtico de c\u00f3mo est\u00e1 funcionando el sitio web. Los datos recopilados, incluido el n\u00famero de visitantes, la fuente de donde provienen y las p\u00e1ginas visitadas de forma an\u00f3nima.<\/td><\/tr><tr class=\"cookielawinfo-row\"><td class=\"cookielawinfo-column-1\">_gid<\/td><td class=\"cookielawinfo-column-2\">Third party<\/td><td class=\"cookielawinfo-column-3\">1 day<\/td><td class=\"cookielawinfo-column-4\">This cookie is installed by Google Analytics. The cookie is used to store information of how visitors use a website and helps in creating an analytics report of how the website is doing. The data collected including the number visitors, the source where they have come from, and the pages visted in an anonymous form.<\/td><\/tr><tr class=\"cookielawinfo-row\"><td class=\"cookielawinfo-column-1\">cookielawinfo-checkbox-analytics<\/td><td class=\"cookielawinfo-column-2\">Propias<\/td><td class=\"cookielawinfo-column-3\">11 meses<\/td><td class=\"cookielawinfo-column-4\">Esta cookie est\u00e1 configurada por el complemento de consentimiento de cookies de GDPR. La cookie se utiliza para almacenar el consentimiento del usuario para las cookies en la categor\u00eda \"An\u00e1lisis\".<\/td><\/tr><tr class=\"cookielawinfo-row\"><td class=\"cookielawinfo-column-1\">cookielawinfo-checkbox-analytics<\/td><td class=\"cookielawinfo-column-2\">Own<\/td><td class=\"cookielawinfo-column-3\">11 months<\/td><td class=\"cookielawinfo-column-4\">This cookie is set by GDPR Cookie Consent plugin. The cookie is used to store the user consent for the cookies in the category \"Analytics\".<\/td><\/tr><tr class=\"cookielawinfo-row\"><td class=\"cookielawinfo-column-1\">cookielawinfo-checkbox-necessary<\/td><td class=\"cookielawinfo-column-2\">Propias<\/td><td class=\"cookielawinfo-column-3\">11 meses<\/td><td class=\"cookielawinfo-column-4\">Esta cookie est\u00e1 configurada por el complemento de consentimiento de cookies de GDPR. Las cookies se utilizan para almacenar el consentimiento del usuario para las cookies en la categor\u00eda \"Necesarias\".<\/td><\/tr><tr class=\"cookielawinfo-row\"><td class=\"cookielawinfo-column-1\">cookielawinfo-checkbox-necessary<\/td><td class=\"cookielawinfo-column-2\">Own<\/td><td class=\"cookielawinfo-column-3\">11 months<\/td><td class=\"cookielawinfo-column-4\">This cookie is set by GDPR Cookie Consent plugin. The cookies is used to store the user consent for the cookies in the category \"Necessary\".<\/td><\/tr><tr class=\"cookielawinfo-row\"><td class=\"cookielawinfo-column-1\">PHPSESSID<\/td><td class=\"cookielawinfo-column-2\">Propias<\/td><td class=\"cookielawinfo-column-3\">sessi\u00f3n<\/td><td class=\"cookielawinfo-column-4\">Esta cookie es nativa de las aplicaciones PHP. La cookie se utiliza para almacenar e identificar la identificaci\u00f3n de sesi\u00f3n \u00fanica de un usuario con el fin de administrar la sesi\u00f3n del usuario en el sitio web. La cookie es una cookie de sesi\u00f3n y se elimina cuando se cierran todas las ventanas del navegador.<\/td><\/tr><tr class=\"cookielawinfo-row\"><td class=\"cookielawinfo-column-1\">PHPSESSID<\/td><td class=\"cookielawinfo-column-2\">Own<\/td><td class=\"cookielawinfo-column-3\">session<\/td><td class=\"cookielawinfo-column-4\">This cookie is native to PHP applications. The cookie is used to store and identify a users' unique session ID for the purpose of managing user session on the website. The cookie is a session cookies and is deleted when all the browser windows are closed.<\/td><\/tr><tr class=\"cookielawinfo-row\"><td class=\"cookielawinfo-column-1\">pll_language<\/td><td class=\"cookielawinfo-column-2\">Propias<\/td><td class=\"cookielawinfo-column-3\">1 a\u00f1o<\/td><td class=\"cookielawinfo-column-4\">Esta cookie est\u00e1 configurada por el complemento Polylang para sitios web con tecnolog\u00eda de WordPress. La cookie almacena el c\u00f3digo de idioma de la \u00faltima p\u00e1gina navegada.<\/td><\/tr><tr class=\"cookielawinfo-row\"><td class=\"cookielawinfo-column-1\">pll_language<\/td><td class=\"cookielawinfo-column-2\">Own<\/td><td class=\"cookielawinfo-column-3\">1 year<\/td><td class=\"cookielawinfo-column-4\">This cookie is set by Polylang plugin for WordPress powered websites. The cookie stores the language code of the last browsed page.<\/td><\/tr><tr class=\"cookielawinfo-row\"><td class=\"cookielawinfo-column-1\">viewed_cookie_policy<\/td><td class=\"cookielawinfo-column-2\">Propias<\/td><td class=\"cookielawinfo-column-3\">11 meses<\/td><td class=\"cookielawinfo-column-4\">La cookie est\u00e1 configurada por el complemento de consentimiento de cookies de GDPR y se utiliza para almacenar si el usuario ha dado su consentimiento o no para el uso de cookies. No almacena ning\u00fan dato personal.<\/td><\/tr><tr class=\"cookielawinfo-row\"><td class=\"cookielawinfo-column-1\">viewed_cookie_policy<\/td><td class=\"cookielawinfo-column-2\">Own<\/td><td class=\"cookielawinfo-column-3\">11 months<\/td><td class=\"cookielawinfo-column-4\">The cookie is set by the GDPR Cookie Consent plugin and is used to store whether or not user has consented to the use of cookies. It does not store any personal data.<\/td><\/tr><\/tbody><\/table>\n\n\n\n<h3>CAMBIAR LA ACEPTACI\u00d3N DE COOKIES<\/h3>\n\n\n\n<p>Puede cambiar la aceptaci\u00f3n de cookies pulsando en este enlace: <strong><a role='button' tabindex='0' class=\"medium cli-plugin-button cli-plugin-main-button cli_settings_button\">Configurar manualmente<\/a><\/strong><\/p>\n\n\n\n<h3>\u00bfC\u00d3MO RECHAZAR LAS COOKIES?<\/h3>\n\n\n\n<p>Puede configurar su navegador para aceptar o rechazar la instalaci\u00f3n de todas, o alg\u00fan tipo de cookie, o para solicitar que se le notifique cu\u00e1ndo se coloca una cookie.<\/p>\n\n\n\n<p>Cada navegador dispone de unas instrucciones espec\u00edficas de configuraci\u00f3n. A continuaci\u00f3n les proporcionamos los enlaces con la informaci\u00f3n concerniente a los navegadores m\u00e1s habituales:<\/p>\n\n\n\n<ul><li><a href=\"http:\/\/support.google.com\/chrome\/bin\/answer.py?hl=es&amp;hlrm=en&amp;answer=95647\">Google Chrome<\/a><\/li><li><a href=\"http:\/\/support.mozilla.org\/es\/kb\/cookies-informacion-que-los-sitios-web-guardan-en-?s=cookies&amp;r=1&amp;as=s\">Mozilla Firefox<\/a><\/li><li><a href=\"http:\/\/support.microsoft.com\/kb\/196955\">Internet Explorer<\/a><\/li><\/ul>\n\n\n\n<h3>CAMBIOS EN LA POLITICA DE COOKIES<\/h3>\n\n\n\n<p>Es posible que actualicemos la Pol\u00edtica de Cookies de nuestro Sitio Web, por ello le recomendamos revisar esta pol\u00edtica cada vez que acceda a nuestro Sitio Web con el objetivo de estar adecuadamente informado sobre c\u00f3mo y para qu\u00e9 usamos las cookies.<\/p>\n","protected":false},"excerpt":{"rendered":"<p>CONCEPTO DE COOKIES Durante la navegaci\u00f3n a trav\u00e9s de la nuestra Web es posible que recopilemos informaci\u00f3n relativa al flujo del tr\u00e1fico, as\u00ed como a patrones de visita de las P\u00e1ginas de nuestro dominio. Dicha informaci\u00f3n ser\u00e1 tratada a trav\u00e9s de cookies (peque\u00f1as cantidades de informaci\u00f3n en formato texto que la P\u00e1gina env\u00eda al ordenador &hellip; <a href=\"https:\/\/andaluciamejorconciencia.fundaciondescubre.es\/ciudad-neuroactiva\/en\/politica-de-cookies-2\/\" class=\"more-link\">Continuar leyendo<span class=\"screen-reader-text\"> &#8220;Pol\u00edtica de cookies&#8221;<\/span><\/a><\/p>\n","protected":false},"author":1,"featured_media":0,"parent":0,"menu_order":0,"comment_status":"closed","ping_status":"closed","template":"","meta":[],"yoast_head":"<!-- This site is optimized with the Yoast SEO plugin v16.4 - https:\/\/yoast.com\/wordpress\/plugins\/seo\/ -->\n<title>Pol\u00edtica de cookies - Ciudad Neuroactiva<\/title>\n<meta name=\"robots\" content=\"index, follow, max-snippet:-1, max-image-preview:large, max-video-preview:-1\" \/>\n<link rel=\"canonical\" href=\"https:\/\/andaluciamejorconciencia.fundaciondescubre.es\/ciudad-neuroactiva\/en\/politica-de-cookies-2\/\" \/>\n<meta property=\"og:locale\" content=\"es_ES\" \/>\n<meta property=\"og:type\" content=\"article\" \/>\n<meta property=\"og:title\" content=\"Pol\u00edtica de cookies - Ciudad Neuroactiva\" \/>\n<meta property=\"og:description\" content=\"CONCEPTO DE COOKIES Durante la navegaci\u00f3n a trav\u00e9s de la nuestra Web es posible que recopilemos informaci\u00f3n relativa al flujo del tr\u00e1fico, as\u00ed como a patrones de visita de las P\u00e1ginas de nuestro dominio. Dicha informaci\u00f3n ser\u00e1 tratada a trav\u00e9s de cookies (peque\u00f1as cantidades de informaci\u00f3n en formato texto que la P\u00e1gina env\u00eda al ordenador &hellip; Continuar leyendo &quot;Pol\u00edtica de cookies&quot;\" \/>\n<meta property=\"og:url\" content=\"https:\/\/andaluciamejorconciencia.fundaciondescubre.es\/ciudad-neuroactiva\/en\/politica-de-cookies-2\/\" \/>\n<meta property=\"og:site_name\" content=\"Ciudad Neuroactiva\" \/>\n<meta property=\"article:modified_time\" content=\"2021-06-14T11:26:32+00:00\" \/>\n<meta name=\"twitter:card\" content=\"summary\" \/>\n<script type=\"application\/ld+json\" class=\"yoast-schema-graph\">{\"@context\":\"https:\/\/schema.org\",\"@graph\":[{\"@type\":\"WebSite\",\"@id\":\"https:\/\/andaluciamejorconciencia.fundaciondescubre.es\/ciudad-neuroactiva\/#website\",\"url\":\"https:\/\/andaluciamejorconciencia.fundaciondescubre.es\/ciudad-neuroactiva\/\",\"name\":\"Ciudad Neuroactiva\",\"description\":\"\",\"potentialAction\":[{\"@type\":\"SearchAction\",\"target\":\"https:\/\/andaluciamejorconciencia.fundaciondescubre.es\/ciudad-neuroactiva\/?s={search_term_string}\",\"query-input\":\"required name=search_term_string\"}],\"inLanguage\":\"es\"},{\"@type\":\"WebPage\",\"@id\":\"https:\/\/andaluciamejorconciencia.fundaciondescubre.es\/ciudad-neuroactiva\/en\/politica-de-cookies-2\/#webpage\",\"url\":\"https:\/\/andaluciamejorconciencia.fundaciondescubre.es\/ciudad-neuroactiva\/en\/politica-de-cookies-2\/\",\"name\":\"Pol\\u00edtica de cookies - Ciudad Neuroactiva\",\"isPartOf\":{\"@id\":\"https:\/\/andaluciamejorconciencia.fundaciondescubre.es\/ciudad-neuroactiva\/#website\"},\"datePublished\":\"2021-06-14T11:26:31+00:00\",\"dateModified\":\"2021-06-14T11:26:32+00:00\",\"breadcrumb\":{\"@id\":\"https:\/\/andaluciamejorconciencia.fundaciondescubre.es\/ciudad-neuroactiva\/en\/politica-de-cookies-2\/#breadcrumb\"},\"inLanguage\":\"es\",\"potentialAction\":[{\"@type\":\"ReadAction\",\"target\":[\"https:\/\/andaluciamejorconciencia.fundaciondescubre.es\/ciudad-neuroactiva\/en\/politica-de-cookies-2\/\"]}]},{\"@type\":\"BreadcrumbList\",\"@id\":\"https:\/\/andaluciamejorconciencia.fundaciondescubre.es\/ciudad-neuroactiva\/en\/politica-de-cookies-2\/#breadcrumb\",\"itemListElement\":[{\"@type\":\"ListItem\",\"position\":1,\"item\":{\"@type\":\"WebPage\",\"@id\":\"https:\/\/andaluciamejorconciencia.fundaciondescubre.es\/ciudad-neuroactiva\/\",\"url\":\"https:\/\/andaluciamejorconciencia.fundaciondescubre.es\/ciudad-neuroactiva\/\",\"name\":\"Portada\"}},{\"@type\":\"ListItem\",\"position\":2,\"item\":{\"@id\":\"https:\/\/andaluciamejorconciencia.fundaciondescubre.es\/ciudad-neuroactiva\/en\/politica-de-cookies-2\/#webpage\"}}]}]}<\/script>\n<!-- \/ Yoast SEO plugin. -->","_links":{"self":[{"href":"https:\/\/andaluciamejorconciencia.fundaciondescubre.es\/ciudad-neuroactiva\/wp-json\/wp\/v2\/pages\/1651"}],"collection":[{"href":"https:\/\/andaluciamejorconciencia.fundaciondescubre.es\/ciudad-neuroactiva\/wp-json\/wp\/v2\/pages"}],"about":[{"href":"https:\/\/andaluciamejorconciencia.fundaciondescubre.es\/ciudad-neuroactiva\/wp-json\/wp\/v2\/types\/page"}],"author":[{"embeddable":true,"href":"https:\/\/andaluciamejorconciencia.fundaciondescubre.es\/ciudad-neuroactiva\/wp-json\/wp\/v2\/users\/1"}],"replies":[{"embeddable":true,"href":"https:\/\/andaluciamejorconciencia.fundaciondescubre.es\/ciudad-neuroactiva\/wp-json\/wp\/v2\/comments?post=1651"}],"version-history":[{"count":1,"href":"https:\/\/andaluciamejorconciencia.fundaciondescubre.es\/ciudad-neuroactiva\/wp-json\/wp\/v2\/pages\/1651\/revisions"}],"predecessor-version":[{"id":1652,"href":"https:\/\/andaluciamejorconciencia.fundaciondescubre.es\/ciudad-neuroactiva\/wp-json\/wp\/v2\/pages\/1651\/revisions\/1652"}],"wp:attachment":[{"href":"https:\/\/andaluciamejorconciencia.fundaciondescubre.es\/ciudad-neuroactiva\/wp-json\/wp\/v2\/media?parent=1651"}],"curies":[{"name":"wp","href":"https:\/\/api.w.org\/{rel}","templated":true}]}}