{"id":15,"date":"2019-12-11T12:56:31","date_gmt":"2019-12-11T12:56:31","guid":{"rendered":"http:\/\/andaluciamejorconciencia.fundaciondescubre.es\/ciudad-neuroactiva\/agentes-y-entidades-que-colaboran\/"},"modified":"2021-02-11T19:55:07","modified_gmt":"2021-02-11T19:55:07","slug":"agentes-y-entidades-que-colaboran","status":"publish","type":"page","link":"https:\/\/andaluciamejorconciencia.fundaciondescubre.es\/ciudad-neuroactiva\/es\/agentes-y-entidades-que-colaboran\/","title":{"rendered":"Agentes y entidades que colaboran"},"content":{"rendered":"<p><strong>Agentes sociales implicados<\/strong><\/p>\n<ul>\n<li style=\"font-weight: 400\"><span style=\"font-weight: 400\">Centro de Educaci\u00f3n Infantil, Primaria y Secundaria JUAN PABLO I (Valderrubio)\u00a0\u00a0<\/span><a href=\"https:\/\/blogsaverroes.juntadeandalucia.es\/valderrubio\/\">VISITAR BLOG\u00a0<\/a><\/li>\n<\/ul>\n<ul>\n<li style=\"font-weight: 400\"><span style=\"font-weight: 400\">Centro de D\u00eda para mayores en situaci\u00f3n de dependencia (Valderrubio)<\/span><\/li>\n<\/ul>\n<ul>\n<li style=\"font-weight: 400\"><span style=\"font-weight: 400\">Centro ocupacional para personas con deficiencias graves Frida Luna (Valderrubio)<\/span><\/li>\n<\/ul>\n<ul>\n<li style=\"font-weight: 400\"><span style=\"font-weight: 400\">Centro de Salud (Valderrubio)<\/span><\/li>\n<\/ul>\n<ul>\n<li style=\"font-weight: 400\"><span style=\"font-weight: 400\">Asociaci\u00f3n de Madres y Padres del Alumnado Darahali (Valderrubio)<\/span><\/li>\n<\/ul>\n<p><strong>Entidades colaboradoras y asesor\u00edas cient\u00edficas<\/strong><\/p>\n<ul>\n<li style=\"font-weight: 400\"><span style=\"font-weight: 400\">Centro de Rehabilitaci\u00f3n AISSE Sinergia (Granada)\u00a0\u00a0<\/span><a href=\"https:\/\/www.aisse.coop\/?gclid=Cj0KCQiAyJOBBhDCARIsAJG2h5dFD1beMcXhDS-OvnEDImog7eRBGuGkhhi2GKNvlTqNWGWg4sFVarkaAroKEALw_wcB\">VISITAR SITIO WEB<\/a><\/li>\n<\/ul>\n<ul>\n<li style=\"font-weight: 400\"><span style=\"font-weight: 400\">Centro de Neurorehabilitaci\u00f3n Neurocenter (Granada)\u00a0<\/span><a href=\"https:\/\/neurocenter.es\/\">VISITAR SITIO WEB\u00a0<\/a><\/li>\n<\/ul>\n<ul>\n<li style=\"font-weight: 400\"><span style=\"font-weight: 400\">Fundaci\u00f3n Descubre.\u00a0<\/span><a href=\"https:\/\/fundaciondescubre.es\/\">VISITAR SITIO WEB<\/a><\/li>\n<\/ul>\n<ul>\n<li style=\"font-weight: 400\">Centro de Investigaci\u00f3n Mente, Cerebro y Comportamiento de la Universidad de Granada\u00a0<a href=\"https:\/\/cimcyc.ugr.es\/pages\/centro\/presentacion\">VISITAR SITIO WEB<\/a><\/li>\n<\/ul>\n","protected":false},"excerpt":{"rendered":"<p>Agentes sociales implicados Centro de Educaci\u00f3n Infantil, Primaria y Secundaria JUAN PABLO I (Valderrubio)\u00a0\u00a0VISITAR BLOG\u00a0 Centro de D\u00eda para mayores en situaci\u00f3n de dependencia (Valderrubio) Centro ocupacional para personas con deficiencias graves Frida Luna (Valderrubio) Centro de Salud (Valderrubio) Asociaci\u00f3n de Madres y Padres del Alumnado Darahali (Valderrubio) Entidades colaboradoras y asesor\u00edas cient\u00edficas Centro de &hellip; <a href=\"https:\/\/andaluciamejorconciencia.fundaciondescubre.es\/ciudad-neuroactiva\/es\/agentes-y-entidades-que-colaboran\/\" class=\"more-link\">Continuar leyendo<span class=\"screen-reader-text\"> &#8220;Agentes y entidades que colaboran&#8221;<\/span><\/a><\/p>\n","protected":false},"author":1,"featured_media":0,"parent":0,"menu_order":0,"comment_status":"closed","ping_status":"closed","template":"","meta":[],"yoast_head":"<!-- This site is optimized with the Yoast SEO plugin v16.4 - https:\/\/yoast.com\/wordpress\/plugins\/seo\/ -->\n<title>Agentes y entidades que colaboran - Ciudad Neuroactiva<\/title>\n<meta name=\"robots\" content=\"index, follow, max-snippet:-1, max-image-preview:large, max-video-preview:-1\" \/>\n<link rel=\"canonical\" href=\"https:\/\/andaluciamejorconciencia.fundaciondescubre.es\/ciudad-neuroactiva\/es\/agentes-y-entidades-que-colaboran\/\" \/>\n<meta property=\"og:locale\" content=\"es_ES\" \/>\n<meta property=\"og:type\" content=\"article\" \/>\n<meta property=\"og:title\" content=\"Agentes y entidades que colaboran - Ciudad Neuroactiva\" \/>\n<meta property=\"og:description\" content=\"Agentes sociales implicados Centro de Educaci\u00f3n Infantil, Primaria y Secundaria JUAN PABLO I (Valderrubio)\u00a0\u00a0VISITAR BLOG\u00a0 Centro de D\u00eda para mayores en situaci\u00f3n de dependencia (Valderrubio) Centro ocupacional para personas con deficiencias graves Frida Luna (Valderrubio) Centro de Salud (Valderrubio) Asociaci\u00f3n de Madres y Padres del Alumnado Darahali (Valderrubio) Entidades colaboradoras y asesor\u00edas cient\u00edficas Centro de &hellip; Continuar leyendo &quot;Agentes y entidades que colaboran&quot;\" \/>\n<meta property=\"og:url\" content=\"https:\/\/andaluciamejorconciencia.fundaciondescubre.es\/ciudad-neuroactiva\/es\/agentes-y-entidades-que-colaboran\/\" \/>\n<meta property=\"og:site_name\" content=\"Ciudad Neuroactiva\" \/>\n<meta property=\"article:modified_time\" content=\"2021-02-11T19:55:07+00:00\" \/>\n<meta name=\"twitter:card\" content=\"summary\" \/>\n<script type=\"application\/ld+json\" class=\"yoast-schema-graph\">{\"@context\":\"https:\/\/schema.org\",\"@graph\":[{\"@type\":\"WebSite\",\"@id\":\"https:\/\/andaluciamejorconciencia.fundaciondescubre.es\/ciudad-neuroactiva\/#website\",\"url\":\"https:\/\/andaluciamejorconciencia.fundaciondescubre.es\/ciudad-neuroactiva\/\",\"name\":\"Ciudad Neuroactiva\",\"description\":\"\",\"potentialAction\":[{\"@type\":\"SearchAction\",\"target\":\"https:\/\/andaluciamejorconciencia.fundaciondescubre.es\/ciudad-neuroactiva\/?s={search_term_string}\",\"query-input\":\"required name=search_term_string\"}],\"inLanguage\":\"es\"},{\"@type\":\"WebPage\",\"@id\":\"https:\/\/andaluciamejorconciencia.fundaciondescubre.es\/ciudad-neuroactiva\/es\/agentes-y-entidades-que-colaboran\/#webpage\",\"url\":\"https:\/\/andaluciamejorconciencia.fundaciondescubre.es\/ciudad-neuroactiva\/es\/agentes-y-entidades-que-colaboran\/\",\"name\":\"Agentes y entidades que colaboran - Ciudad Neuroactiva\",\"isPartOf\":{\"@id\":\"https:\/\/andaluciamejorconciencia.fundaciondescubre.es\/ciudad-neuroactiva\/#website\"},\"datePublished\":\"2019-12-11T12:56:31+00:00\",\"dateModified\":\"2021-02-11T19:55:07+00:00\",\"breadcrumb\":{\"@id\":\"https:\/\/andaluciamejorconciencia.fundaciondescubre.es\/ciudad-neuroactiva\/es\/agentes-y-entidades-que-colaboran\/#breadcrumb\"},\"inLanguage\":\"es\",\"potentialAction\":[{\"@type\":\"ReadAction\",\"target\":[\"https:\/\/andaluciamejorconciencia.fundaciondescubre.es\/ciudad-neuroactiva\/es\/agentes-y-entidades-que-colaboran\/\"]}]},{\"@type\":\"BreadcrumbList\",\"@id\":\"https:\/\/andaluciamejorconciencia.fundaciondescubre.es\/ciudad-neuroactiva\/es\/agentes-y-entidades-que-colaboran\/#breadcrumb\",\"itemListElement\":[{\"@type\":\"ListItem\",\"position\":1,\"item\":{\"@type\":\"WebPage\",\"@id\":\"https:\/\/andaluciamejorconciencia.fundaciondescubre.es\/ciudad-neuroactiva\/\",\"url\":\"https:\/\/andaluciamejorconciencia.fundaciondescubre.es\/ciudad-neuroactiva\/\",\"name\":\"Portada\"}},{\"@type\":\"ListItem\",\"position\":2,\"item\":{\"@id\":\"https:\/\/andaluciamejorconciencia.fundaciondescubre.es\/ciudad-neuroactiva\/es\/agentes-y-entidades-que-colaboran\/#webpage\"}}]}]}<\/script>\n<!-- \/ Yoast SEO plugin. -->","_links":{"self":[{"href":"https:\/\/andaluciamejorconciencia.fundaciondescubre.es\/ciudad-neuroactiva\/wp-json\/wp\/v2\/pages\/15"}],"collection":[{"href":"https:\/\/andaluciamejorconciencia.fundaciondescubre.es\/ciudad-neuroactiva\/wp-json\/wp\/v2\/pages"}],"about":[{"href":"https:\/\/andaluciamejorconciencia.fundaciondescubre.es\/ciudad-neuroactiva\/wp-json\/wp\/v2\/types\/page"}],"author":[{"embeddable":true,"href":"https:\/\/andaluciamejorconciencia.fundaciondescubre.es\/ciudad-neuroactiva\/wp-json\/wp\/v2\/users\/1"}],"replies":[{"embeddable":true,"href":"https:\/\/andaluciamejorconciencia.fundaciondescubre.es\/ciudad-neuroactiva\/wp-json\/wp\/v2\/comments?post=15"}],"version-history":[{"count":4,"href":"https:\/\/andaluciamejorconciencia.fundaciondescubre.es\/ciudad-neuroactiva\/wp-json\/wp\/v2\/pages\/15\/revisions"}],"predecessor-version":[{"id":1532,"href":"https:\/\/andaluciamejorconciencia.fundaciondescubre.es\/ciudad-neuroactiva\/wp-json\/wp\/v2\/pages\/15\/revisions\/1532"}],"wp:attachment":[{"href":"https:\/\/andaluciamejorconciencia.fundaciondescubre.es\/ciudad-neuroactiva\/wp-json\/wp\/v2\/media?parent=15"}],"curies":[{"name":"wp","href":"https:\/\/api.w.org\/{rel}","templated":true}]}}