{"id":1460,"date":"2021-02-04T17:49:55","date_gmt":"2021-02-04T17:49:55","guid":{"rendered":"http:\/\/andaluciamejorconciencia.fundaciondescubre.es\/ciudad-neuroactiva\/?page_id=1460"},"modified":"2021-02-04T20:07:07","modified_gmt":"2021-02-04T20:07:07","slug":"nuestro-proyecto","status":"publish","type":"page","link":"https:\/\/andaluciamejorconciencia.fundaciondescubre.es\/ciudad-neuroactiva\/es\/nuestro-proyecto\/","title":{"rendered":"Nuestro proyecto"},"content":{"rendered":"<p style=\"text-align: justify\">El proyecto \u2018Valderrubio, Ciudad Neuroactiva 2020\u2019 pone su foco de trabajo en uno de los Objetivos de la ONU, concretamente el objetivo 3 (Salud y Bienestar). Un objetivo compartido por todos los paises del mundo. La Estrategia Mundial para la Salud de la Mujer, el Ni\u00f1o y el Adolescente 2016-2030 enfatiza, que cada ni\u00f1o y adolescente tiene derecho a alcanzar el <u>bienestar f\u00edsico y mental<\/u> e identifica a los adolescentes como un elemento central para alcanzar los Objetivos de Desarrollo Sostenible 2015-2030. Sin embargo, la salud mental es uno de los focos de salud m\u00e1s olvidado entre nuestros ni\u00f1os y j\u00f3venes.<\/p>\n<p style=\"text-align: justify\">&#8216;Valderrubio, Ciudad Neuroactiva&#8217;\u00a0est\u00e1 dirigido a la consecuci\u00f3n de los siguientes objetivos:<\/p>\n<p style=\"text-align: justify\">&#8211; Fomentar el emprendimiento, la innovaci\u00f3n y la b\u00fasqueda activa de soluciones implicando a nuestros chicos y chicas en la promoci\u00f3n de su propio bienestar y salud mental \u00a0y el de toda la comunidad. \u00a0La Comunidad trabaja en un proyecto de Ciencia Ciudadana para dise\u00f1ar un plan neuroactivo comunitario que aborde todas las etapas del ciclo vital coordinado de forma intergeneracional e impulsado desde la infancia como \u2018promotora de salud\u2019.<\/p>\n<p style=\"text-align: justify\">&#8211; Crear acciones contextualizadas y solventes (cient\u00edfica y did\u00e1cticamente) para contribuir al logro del objetivo de la ONU 3, reforzando un liderazgo social y una gobernanza eficaces en el \u00e1mbito de la salud mental.<\/p>\n<p style=\"text-align: justify\">&#8211; Generalizar y divulgar los conocimientos sobre el funcionamiento cerebral y su relaci\u00f3n con el neurodesarrollo y la salud, entre nuestros j\u00f3venes, para contribuir activamente a su cuidado apoy\u00e1ndose en evidencias cient\u00edficas.<\/p>\n<p style=\"text-align: justify\">&#8211; Incorporar la dimensi\u00f3n emocional entre los pilares de salud, vida y bienestar a trav\u00e9s de iniciativas como: \u2018Programa de neuropsicolog\u00eda para ni\u00f1os y j\u00f3venes\u2019; \u2018Me conozco y me cuido\u2019; \u2018Transformando la ciudad en <em>Neurolandia<\/em>\u2019, \u2018Jornadas: So\u00f1ar es salud\u2019, Seminarios: \u2018Tener metas es salud.<\/p>\n<p style=\"text-align: justify\">Para llevar a cabo este proyecto hemos empleado la metodolog\u00eda ECO (explorar, Crear, Ofrecer), que nos ayudara a compartir nuestro proyecto con otras ciudades y comunidades interesadas en el enfoque neuroactivo.<\/p>\n<p style=\"text-align: justify\">La evaluaci\u00f3n de este proyecto se llevar\u00e1 a cabo en colaboraci\u00f3n con las administraciones locales de salud p\u00fablica, la Universidad de Granada y los expertos y expertas en neuropsicolog\u00eda que colaboran como agentes asesores cient\u00edficos del proyecto y de las actuaciones.<\/p>\n<p style=\"text-align: justify\">En la \u00faltima fase (que se habr\u00eda implementado entre abril y septiembre de 2020, pero que se ha retraso por la Covid-19) es donde se comprobar\u00e1 la efectividad de las actuaciones. De esta forma obtendremos informaci\u00f3n muy relevante a la hora de discernir qu\u00e9 actuaciones han sido m\u00e1s efectivas y qu\u00e9 aspectos son susceptibles de ser mejorados. Esta informaci\u00f3n ser\u00e1 fundamental y servir\u00e1 como base para poder elaborar el Dec\u00e1logo de Ciudades Neuroactivas. Este dec\u00e1logo se concibe como un recurso necesario que reunir\u00e1 aquellos aspectos b\u00e1sicos y recomendaciones que permitan extrapolar el trabajo llevado a cabo en este proyecto a cualquier otra localidad o ciudad. El dec\u00e1logo ofrecer\u00e1 resultados a otras localidades que quieran mejorar el bienestar y la salud mental de sus ni\u00f1os y j\u00f3venes convirti\u00e9ndose en ciudades neuroactivas.<\/p>\n<p style=\"text-align: justify\">Un elemento que refuerza la \u2018transferibilidad\u2019 del proyecto es que ha sido elegido como \u2018buena pr\u00e1ctica\u2019 en el proyecto europeo <em>E-Cool: Entrepreneurial and Intrapreneurial Mindset in Young People through the Dynamisation of Competences, Teaching Methodologies and Entrepreneurial Ecosystem. Ha sido compartido en el Seminario Europeo \u2018Inspiration for entrepreneurial mindset creation\u2019 <\/em>(Holland, 2019), donde se expuso como \u2018Buena Pr\u00e1ctica\u2019<\/p>\n<p style=\"text-align: justify\">La sostenibilidad de este proyecto est\u00e1 basada en la importancia de la uni\u00f3n y las sinergias. Somos una comunidad educativa convencida al cien por cien del enorme poder transformador que tiene la escuela. La escuela constituye el grupo humano m\u00e1s numeroso, y con m\u00e1s fuerza, para poder conseguir que un objetivo como el bienestar y la salud mental de los ni\u00f1os y j\u00f3venes sea una prioridad. La clave de la sostenibilidad del proyecto radica en que se implican en \u00e9l diferentes agentes sociales que aportan valor y soporte, incrementando as\u00ed los recursos, sin necesidad de que suponga una quimera para ninguno de los implicados.<\/p>\n<p style=\"text-align: justify\">La ciudad Neuroactiva es un proyecto de ciencia ciudadana impulsado por la escuela, en el que se ha conseguido la implicaci\u00f3n de instituciones locales (Ayuntamiento y Centro de Salud), instituciones cient\u00edficas\u00a0 (Fundaci\u00f3n Descubre\u00a0y Universidad de Granada -Grupo de Investigaci\u00f3n Ciencia y Cerebro- ) y de centros de neurodesarrollo sin \u00e1nimo de lucro. La fuerza de los proyectos comunitarios radica en la suma de todos los agentes implicados, que comparten visi\u00f3n y misi\u00f3n. La clave de la sostenibilidad de los proyectos y la viabilidad de los mismos en diferentes ciudades est\u00e1 clara: las alianzas (objetivo de la ONU 17)<\/p>\n<p style=\"text-align: justify\">Uno de los enfoques m\u00e1s innovadores y creativos del proyecto ha sido el planteamiento de transformaci\u00f3n de la ciudad impulsado por la infancia. La Ciudad Neuroactiva ha sido impulsada y promovida por los estudiantes y sus propuestas (consensuadas con expertos y expertas) son las que se incluir\u00e1n en el dec\u00e1logo final que se emplear\u00e1 para la divulgaci\u00f3n de los h\u00e1bitos saludables de la poblaci\u00f3n. Nuestros chicos y chicas han impulsado numerosos cambios en el dise\u00f1o y las interacciones comunitarias para favorecer el neurodesarrollo y la prevenci\u00f3n del deterioro cognitivo temprano y de las enfermedades mentales en todas las edades. Es un privilegio poder impulsar iniciativas intergeneracionales para mejorar nuestra salud y bienestar. El enfoque de nuestros ni\u00f1os m\u00e1s peque\u00f1os (6-10 a\u00f1os) es crear una ciudad m\u00e1s amigable, porque las relaciones sociales mejoran la salud mental.<\/p>\n<p style=\"text-align: justify\">La raz\u00f3n de que el proyecto tenga un enfoque creativo y muy atractivo para los ni\u00f1os y j\u00f3venes es sencillamente, que est\u00e1n dise\u00f1ados por ellos, para ellos. Son brillantes pensando \u2018fuera de la caja\u2019.<\/p>\n","protected":false},"excerpt":{"rendered":"<p>El proyecto \u2018Valderrubio, Ciudad Neuroactiva 2020\u2019 pone su foco de trabajo en uno de los Objetivos de la ONU, concretamente el objetivo 3 (Salud y Bienestar). Un objetivo compartido por todos los paises del mundo. La Estrategia Mundial para la Salud de la Mujer, el Ni\u00f1o y el Adolescente 2016-2030 enfatiza, que cada ni\u00f1o y &hellip; <a href=\"https:\/\/andaluciamejorconciencia.fundaciondescubre.es\/ciudad-neuroactiva\/es\/nuestro-proyecto\/\" class=\"more-link\">Continuar leyendo<span class=\"screen-reader-text\"> &#8220;Nuestro proyecto&#8221;<\/span><\/a><\/p>\n","protected":false},"author":7,"featured_media":0,"parent":0,"menu_order":0,"comment_status":"closed","ping_status":"closed","template":"","meta":[],"yoast_head":"<!-- This site is optimized with the Yoast SEO plugin v16.4 - https:\/\/yoast.com\/wordpress\/plugins\/seo\/ -->\n<title>Nuestro proyecto - Ciudad Neuroactiva<\/title>\n<meta name=\"robots\" content=\"index, follow, max-snippet:-1, max-image-preview:large, max-video-preview:-1\" \/>\n<link rel=\"canonical\" href=\"https:\/\/andaluciamejorconciencia.fundaciondescubre.es\/ciudad-neuroactiva\/es\/nuestro-proyecto\/\" \/>\n<meta property=\"og:locale\" content=\"es_ES\" \/>\n<meta property=\"og:type\" content=\"article\" \/>\n<meta property=\"og:title\" content=\"Nuestro proyecto - Ciudad Neuroactiva\" \/>\n<meta property=\"og:description\" content=\"El proyecto \u2018Valderrubio, Ciudad Neuroactiva 2020\u2019 pone su foco de trabajo en uno de los Objetivos de la ONU, concretamente el objetivo 3 (Salud y Bienestar). Un objetivo compartido por todos los paises del mundo. La Estrategia Mundial para la Salud de la Mujer, el Ni\u00f1o y el Adolescente 2016-2030 enfatiza, que cada ni\u00f1o y &hellip; Continuar leyendo &quot;Nuestro proyecto&quot;\" \/>\n<meta property=\"og:url\" content=\"https:\/\/andaluciamejorconciencia.fundaciondescubre.es\/ciudad-neuroactiva\/es\/nuestro-proyecto\/\" \/>\n<meta property=\"og:site_name\" content=\"Ciudad Neuroactiva\" \/>\n<meta property=\"article:modified_time\" content=\"2021-02-04T20:07:07+00:00\" \/>\n<meta name=\"twitter:card\" content=\"summary\" \/>\n<script type=\"application\/ld+json\" class=\"yoast-schema-graph\">{\"@context\":\"https:\/\/schema.org\",\"@graph\":[{\"@type\":\"WebSite\",\"@id\":\"https:\/\/andaluciamejorconciencia.fundaciondescubre.es\/ciudad-neuroactiva\/#website\",\"url\":\"https:\/\/andaluciamejorconciencia.fundaciondescubre.es\/ciudad-neuroactiva\/\",\"name\":\"Ciudad Neuroactiva\",\"description\":\"\",\"potentialAction\":[{\"@type\":\"SearchAction\",\"target\":\"https:\/\/andaluciamejorconciencia.fundaciondescubre.es\/ciudad-neuroactiva\/?s={search_term_string}\",\"query-input\":\"required name=search_term_string\"}],\"inLanguage\":\"es\"},{\"@type\":\"WebPage\",\"@id\":\"https:\/\/andaluciamejorconciencia.fundaciondescubre.es\/ciudad-neuroactiva\/es\/nuestro-proyecto\/#webpage\",\"url\":\"https:\/\/andaluciamejorconciencia.fundaciondescubre.es\/ciudad-neuroactiva\/es\/nuestro-proyecto\/\",\"name\":\"Nuestro proyecto - Ciudad Neuroactiva\",\"isPartOf\":{\"@id\":\"https:\/\/andaluciamejorconciencia.fundaciondescubre.es\/ciudad-neuroactiva\/#website\"},\"datePublished\":\"2021-02-04T17:49:55+00:00\",\"dateModified\":\"2021-02-04T20:07:07+00:00\",\"breadcrumb\":{\"@id\":\"https:\/\/andaluciamejorconciencia.fundaciondescubre.es\/ciudad-neuroactiva\/es\/nuestro-proyecto\/#breadcrumb\"},\"inLanguage\":\"es\",\"potentialAction\":[{\"@type\":\"ReadAction\",\"target\":[\"https:\/\/andaluciamejorconciencia.fundaciondescubre.es\/ciudad-neuroactiva\/es\/nuestro-proyecto\/\"]}]},{\"@type\":\"BreadcrumbList\",\"@id\":\"https:\/\/andaluciamejorconciencia.fundaciondescubre.es\/ciudad-neuroactiva\/es\/nuestro-proyecto\/#breadcrumb\",\"itemListElement\":[{\"@type\":\"ListItem\",\"position\":1,\"item\":{\"@type\":\"WebPage\",\"@id\":\"https:\/\/andaluciamejorconciencia.fundaciondescubre.es\/ciudad-neuroactiva\/\",\"url\":\"https:\/\/andaluciamejorconciencia.fundaciondescubre.es\/ciudad-neuroactiva\/\",\"name\":\"Portada\"}},{\"@type\":\"ListItem\",\"position\":2,\"item\":{\"@id\":\"https:\/\/andaluciamejorconciencia.fundaciondescubre.es\/ciudad-neuroactiva\/es\/nuestro-proyecto\/#webpage\"}}]}]}<\/script>\n<!-- \/ Yoast SEO plugin. -->","_links":{"self":[{"href":"https:\/\/andaluciamejorconciencia.fundaciondescubre.es\/ciudad-neuroactiva\/wp-json\/wp\/v2\/pages\/1460"}],"collection":[{"href":"https:\/\/andaluciamejorconciencia.fundaciondescubre.es\/ciudad-neuroactiva\/wp-json\/wp\/v2\/pages"}],"about":[{"href":"https:\/\/andaluciamejorconciencia.fundaciondescubre.es\/ciudad-neuroactiva\/wp-json\/wp\/v2\/types\/page"}],"author":[{"embeddable":true,"href":"https:\/\/andaluciamejorconciencia.fundaciondescubre.es\/ciudad-neuroactiva\/wp-json\/wp\/v2\/users\/7"}],"replies":[{"embeddable":true,"href":"https:\/\/andaluciamejorconciencia.fundaciondescubre.es\/ciudad-neuroactiva\/wp-json\/wp\/v2\/comments?post=1460"}],"version-history":[{"count":6,"href":"https:\/\/andaluciamejorconciencia.fundaciondescubre.es\/ciudad-neuroactiva\/wp-json\/wp\/v2\/pages\/1460\/revisions"}],"predecessor-version":[{"id":1494,"href":"https:\/\/andaluciamejorconciencia.fundaciondescubre.es\/ciudad-neuroactiva\/wp-json\/wp\/v2\/pages\/1460\/revisions\/1494"}],"wp:attachment":[{"href":"https:\/\/andaluciamejorconciencia.fundaciondescubre.es\/ciudad-neuroactiva\/wp-json\/wp\/v2\/media?parent=1460"}],"curies":[{"name":"wp","href":"https:\/\/api.w.org\/{rel}","templated":true}]}}