{"id":11,"date":"2016-04-19T09:33:50","date_gmt":"2016-04-19T09:33:50","guid":{"rendered":"https:\/\/andaluciamejorconciencia.fundaciondescubre.es\/capacitados\/sobre-la-comunidad\/"},"modified":"2016-05-10T12:28:20","modified_gmt":"2016-05-10T12:28:20","slug":"sobre-la-comunidad","status":"publish","type":"page","link":"https:\/\/andaluciamejorconciencia.fundaciondescubre.es\/capacitados\/es\/sobre-la-comunidad\/","title":{"rendered":"Sobre la comunidad"},"content":{"rendered":"<header class=\"entry-header\">\n<h1 class=\"entry-title\">CEIP Atalaya<\/h1>\n<\/header>\n<div class=\"entry-content\">\n<p>El centro en el que se desarrolla este proyecto, CEIP Atalaya (Atarfe-Granada) es un Centro de Educaci\u00f3n Infantil y Primaria con la distinci\u00f3n de ser un centro de Educaci\u00f3n Compensatoria. Tenemos matriculados un total de 660 alumnos y alumnas, y contamos un porcentaje aproximado del 20% de alumnado en situaci\u00f3n de desventaja socio- cultural.<\/p>\n<p>Uno de los elementos m\u00e1s importantes de nuestra visi\u00f3n de escuela es la necesidad de colaboraci\u00f3n e interacci\u00f3n con el entorno, por lo que hemos formado comunidades de aprendizaje, investigaci\u00f3n y acci\u00f3n que implican a las familias y a expertos externos (especialmente cient\u00edficos y referentes en diferentes ramas tecnol\u00f3gicas) para la formaci\u00f3n de nuestro alumnado y tambi\u00e9n del profesorado.<\/p>\n<p>Hemos llevado a cabo varios proyectos de mejora del entorno y el proyecto CapaCITados es la \u00faltima aventura en la que nos hemos embarcado. Este proyecto nace de la necesidad de crear escuela realmente inclusiva y una ciudad universalmente accesible. Grandes objetivos para un equipo que trata de encontrar oportunidades en las dificultades.<\/p>\n<p><a href=\"http:\/\/andaluciamejorconciencia.fundaciondescubre.es\/capacitados\/wp-content\/uploads\/sites\/13\/2016\/04\/atalaya1.jpg\" rel=\"attachment wp-att-368\" data-rel=\"lightbox-image-0\" data-rl_title=\"\" data-rl_caption=\"\" title=\"\"><img loading=\"lazy\" class=\"alignnone size-full wp-image-368\" src=\"http:\/\/andaluciamejorconciencia.fundaciondescubre.es\/capacitados\/wp-content\/uploads\/sites\/13\/2016\/04\/atalaya1.jpg\" alt=\"atalaya1\" width=\"397\" height=\"281\" srcset=\"https:\/\/andaluciamejorconciencia.fundaciondescubre.es\/capacitados\/wp-content\/uploads\/sites\/13\/2016\/04\/atalaya1.jpg 397w, https:\/\/andaluciamejorconciencia.fundaciondescubre.es\/capacitados\/wp-content\/uploads\/sites\/13\/2016\/04\/atalaya1-300x212.jpg 300w\" sizes=\"(max-width: 397px) 85vw, 397px\" \/><\/a><\/p>\n<p><a href=\"http:\/\/andaluciamejorconciencia.fundaciondescubre.es\/capacitados\/wp-content\/uploads\/sites\/13\/2016\/04\/atalaya2.jpg\" rel=\"attachment wp-att-369\" data-rel=\"lightbox-image-1\" data-rl_title=\"\" data-rl_caption=\"\" title=\"\"><img loading=\"lazy\" class=\"alignnone size-full wp-image-369\" src=\"http:\/\/andaluciamejorconciencia.fundaciondescubre.es\/capacitados\/wp-content\/uploads\/sites\/13\/2016\/04\/atalaya2.jpg\" alt=\"atalaya2\" width=\"400\" height=\"281\" srcset=\"https:\/\/andaluciamejorconciencia.fundaciondescubre.es\/capacitados\/wp-content\/uploads\/sites\/13\/2016\/04\/atalaya2.jpg 400w, https:\/\/andaluciamejorconciencia.fundaciondescubre.es\/capacitados\/wp-content\/uploads\/sites\/13\/2016\/04\/atalaya2-300x211.jpg 300w\" sizes=\"(max-width: 400px) 85vw, 400px\" \/><\/a><\/p>\n<p><a href=\"http:\/\/andaluciamejorconciencia.fundaciondescubre.es\/capacitados\/wp-content\/uploads\/sites\/13\/2016\/04\/atalaya3.jpg\" rel=\"attachment wp-att-370\" data-rel=\"lightbox-image-2\" data-rl_title=\"\" data-rl_caption=\"\" title=\"\"><img loading=\"lazy\" class=\"alignnone size-full wp-image-370\" src=\"http:\/\/andaluciamejorconciencia.fundaciondescubre.es\/capacitados\/wp-content\/uploads\/sites\/13\/2016\/04\/atalaya3.jpg\" alt=\"atalaya3\" width=\"398\" height=\"281\" srcset=\"https:\/\/andaluciamejorconciencia.fundaciondescubre.es\/capacitados\/wp-content\/uploads\/sites\/13\/2016\/04\/atalaya3.jpg 398w, https:\/\/andaluciamejorconciencia.fundaciondescubre.es\/capacitados\/wp-content\/uploads\/sites\/13\/2016\/04\/atalaya3-300x212.jpg 300w\" sizes=\"(max-width: 398px) 85vw, 398px\" \/><\/a><\/p>\n<h1 class=\"entry-title\">Ayto. de Atarfe<\/h1>\n<\/div>\n<header class=\"entry-header\">\n<h1 class=\"entry-title\">Asoc. Cultural<\/h1>\n<\/header>\n<div class=\"entry-content\">\n<p>La asociaci\u00f3n de teatro que forma parte de la Asociaci\u00f3n Art\u00edstica y Cultural \u201cCiudad de Atarfe\u201d participa en el proyecto CapaCITados\u00a0aportando\u00a0una obra de teatro.<\/p>\n<p>La obra tendr\u00e1 como tem\u00e1tica\u00a0la inclusi\u00f3n y la necesidad de crear ciudades accesibles para todos y todas.<\/p>\n<p><a href=\"http:\/\/andaluciamejorconciencia.fundaciondescubre.es\/capacitados\/wp-content\/uploads\/sites\/13\/2016\/04\/teatro.jpg\" rel=\"attachment wp-att-371\" data-rel=\"lightbox-image-3\" data-rl_title=\"\" data-rl_caption=\"\" title=\"\"><img loading=\"lazy\" class=\"alignnone size-full wp-image-371\" src=\"http:\/\/andaluciamejorconciencia.fundaciondescubre.es\/capacitados\/wp-content\/uploads\/sites\/13\/2016\/04\/teatro.jpg\" alt=\"teatro\" width=\"723\" height=\"513\" srcset=\"https:\/\/andaluciamejorconciencia.fundaciondescubre.es\/capacitados\/wp-content\/uploads\/sites\/13\/2016\/04\/teatro.jpg 723w, https:\/\/andaluciamejorconciencia.fundaciondescubre.es\/capacitados\/wp-content\/uploads\/sites\/13\/2016\/04\/teatro-300x213.jpg 300w, https:\/\/andaluciamejorconciencia.fundaciondescubre.es\/capacitados\/wp-content\/uploads\/sites\/13\/2016\/04\/teatro-720x511.jpg 720w\" sizes=\"(max-width: 723px) 85vw, 723px\" \/><\/a><\/p>\n<h1 class=\"entry-title\">Asoc.\u00a0&#8220;Te doy la luna&#8221;<\/h1>\n<\/div>\n<header class=\"entry-header\">\n<h1 class=\"entry-title\">Ortopedia Gerardo Le\u00f3n<\/h1>\n<\/header>\n<div class=\"entry-content\">\n<p>Ortopedia Gerardo Le\u00f3n naci\u00f3 hace ya m\u00e1s de 20 a\u00f1os, del sue\u00f1o de dos trabajadores incansables, Gerardo y \u00c1ngeles. Gerardo a los mandos del departamento t\u00e9cnico y \u00c1ngeles a la cabeza de la direcci\u00f3n, formaron un equipo humano y t\u00e9cnico inmejorable, que en la actualidad, cuenta ya con 11 personas.<\/p>\n<p>Nuestra empresa nace en 1992 y desde ese momento, hemos trabajado incansablemente para mejorar nuestros servicios d\u00eda a d\u00eda, haciendo que nuestros clientes sean despu\u00e9s de tanto tiempo, no s\u00f3lo clientes sino amigos.<\/p>\n<p>Hoy Ortopedia Gerardo Le\u00f3n se ha convertido en un referente para toda la provincia de Sevilla, a todos los niveles.<\/p>\n<p>Contamos con m\u00e1s de 300 m\u00b2 de instalaciones, en las que se ofrecen todo tipo de productos y servicios relacionados con la rehabilitaci\u00f3n.<\/p>\n<p>Actualmente, los servicios t\u00e9cnicos se realizan en dos sucursales con taller propio, situadas en Lebrija y Los Palacios, ambas localidades Sevillanas. Pero nuestro \u00e9xito dentro del sector m\u00e1s t\u00e9cnico de la ortopedia no s\u00f3lo se debe a la ampliaci\u00f3n de sucursales, sino m\u00e1s bien, a la ampliaci\u00f3n en el abanico de servicios que ofrecemos a la comunidad, no s\u00f3lo comerciales, sino tambi\u00e9n de difusi\u00f3n de la cultura e informaci\u00f3n socio \u2013 sanitaria.<\/p>\n<p><a href=\"http:\/\/andaluciamejorconciencia.fundaciondescubre.es\/capacitados\/wp-content\/uploads\/sites\/13\/2016\/04\/Captura-de-pantalla-2016-05-10-a-las-14.22.48.png\" rel=\"attachment wp-att-373\" data-rel=\"lightbox-image-4\" data-rl_title=\"\" data-rl_caption=\"\" title=\"\"><img loading=\"lazy\" class=\"alignnone size-full wp-image-373\" src=\"http:\/\/andaluciamejorconciencia.fundaciondescubre.es\/capacitados\/wp-content\/uploads\/sites\/13\/2016\/04\/Captura-de-pantalla-2016-05-10-a-las-14.22.48.png\" alt=\"Captura de pantalla 2016-05-10 a las 14.22.48\" width=\"500\" height=\"964\" srcset=\"https:\/\/andaluciamejorconciencia.fundaciondescubre.es\/capacitados\/wp-content\/uploads\/sites\/13\/2016\/04\/Captura-de-pantalla-2016-05-10-a-las-14.22.48.png 500w, https:\/\/andaluciamejorconciencia.fundaciondescubre.es\/capacitados\/wp-content\/uploads\/sites\/13\/2016\/04\/Captura-de-pantalla-2016-05-10-a-las-14.22.48-156x300.png 156w\" sizes=\"(max-width: 500px) 85vw, 500px\" \/><\/a><\/p>\n<\/div>\n<header class=\"entry-header\">\n<h1 class=\"entry-title\">Sunrise Medical<\/h1>\n<\/header>\n<div class=\"entry-content\">\n<p>Nosotros en Sunrise Medical, formamos amplio equipo multidisciplinar, donde ingenieros, terapeutas ocupacionales, fisioterapeutas, m\u00e9dicos rehabilitadores y ortoprotesistas, trabajamos por y para las personal que tienen su capacidad de movilidad reducida, creando\u00a0 los equipos necesarios para facilitarles su vida, y poder ayudarles a superar las barreras que se encuentran en su d\u00eda a d\u00eda.<\/p>\n<p>Poder trabajar con ni\u00f1os, es para nosotros una gran oportunidad, dada\u00a0 la creatividad y capacidad de aceptaci\u00f3n de los ni\u00f1os, la ausencia de prejuicios hacia los dem\u00e1s, y por su puesto su espontaneidad. Este proyecto es muy interesante e ilusionante por ese motivo, porque los ni\u00f1os son los que nos van a ayudar con su especial perspectiva a mejorar nuestros equipos, y contribuir a una labor muy importante de mejoras dirigidas a los usuarios de sillas de ruedas.<\/p>\n<p><a href=\"http:\/\/andaluciamejorconciencia.fundaciondescubre.es\/capacitados\/wp-content\/uploads\/sites\/13\/2016\/04\/sunrise.jpg\" rel=\"attachment wp-att-374\" data-rel=\"lightbox-image-5\" data-rl_title=\"\" data-rl_caption=\"\" title=\"\"><img loading=\"lazy\" class=\"alignnone size-full wp-image-374\" src=\"http:\/\/andaluciamejorconciencia.fundaciondescubre.es\/capacitados\/wp-content\/uploads\/sites\/13\/2016\/04\/sunrise.jpg\" alt=\"sunrise\" width=\"710\" height=\"485\" srcset=\"https:\/\/andaluciamejorconciencia.fundaciondescubre.es\/capacitados\/wp-content\/uploads\/sites\/13\/2016\/04\/sunrise.jpg 710w, https:\/\/andaluciamejorconciencia.fundaciondescubre.es\/capacitados\/wp-content\/uploads\/sites\/13\/2016\/04\/sunrise-300x205.jpg 300w\" sizes=\"(max-width: 710px) 85vw, 710px\" \/><\/a><\/p>\n<\/div>\n","protected":false},"excerpt":{"rendered":"<p>CEIP Atalaya El centro en el que se desarrolla este proyecto, CEIP Atalaya (Atarfe-Granada) es un Centro de Educaci\u00f3n Infantil y Primaria con la distinci\u00f3n de ser un centro de Educaci\u00f3n Compensatoria. Tenemos matriculados un total de 660 alumnos y alumnas, y contamos un porcentaje aproximado del 20% de alumnado en situaci\u00f3n de desventaja socio- &hellip; <a href=\"https:\/\/andaluciamejorconciencia.fundaciondescubre.es\/capacitados\/es\/sobre-la-comunidad\/\" class=\"more-link\">Continuar leyendo<span class=\"screen-reader-text\"> &#8220;Sobre la comunidad&#8221;<\/span><\/a><\/p>\n","protected":false},"author":1,"featured_media":0,"parent":0,"menu_order":0,"comment_status":"closed","ping_status":"closed","template":"","meta":[],"yoast_head":"<!-- This site is optimized with the Yoast SEO plugin v16.4 - https:\/\/yoast.com\/wordpress\/plugins\/seo\/ -->\n<title>Sobre la comunidad - CapaCITados<\/title>\n<meta name=\"robots\" content=\"index, follow, max-snippet:-1, max-image-preview:large, max-video-preview:-1\" \/>\n<link rel=\"canonical\" href=\"https:\/\/andaluciamejorconciencia.fundaciondescubre.es\/capacitados\/es\/sobre-la-comunidad\/\" \/>\n<meta property=\"og:locale\" content=\"es_ES\" \/>\n<meta property=\"og:type\" content=\"article\" \/>\n<meta property=\"og:title\" content=\"Sobre la comunidad - CapaCITados\" \/>\n<meta property=\"og:description\" content=\"CEIP Atalaya El centro en el que se desarrolla este proyecto, CEIP Atalaya (Atarfe-Granada) es un Centro de Educaci\u00f3n Infantil y Primaria con la distinci\u00f3n de ser un centro de Educaci\u00f3n Compensatoria. Tenemos matriculados un total de 660 alumnos y alumnas, y contamos un porcentaje aproximado del 20% de alumnado en situaci\u00f3n de desventaja socio- &hellip; Continuar leyendo &quot;Sobre la comunidad&quot;\" \/>\n<meta property=\"og:url\" content=\"https:\/\/andaluciamejorconciencia.fundaciondescubre.es\/capacitados\/es\/sobre-la-comunidad\/\" \/>\n<meta property=\"og:site_name\" content=\"CapaCITados\" \/>\n<meta property=\"article:modified_time\" content=\"2016-05-10T12:28:20+00:00\" \/>\n<meta property=\"og:image\" content=\"http:\/\/andaluciamejorconciencia.fundaciondescubre.es\/capacitados\/wp-content\/uploads\/sites\/13\/2016\/04\/atalaya1.jpg\" \/>\n<meta name=\"twitter:card\" content=\"summary\" \/>\n<meta name=\"twitter:label1\" content=\"Tiempo de lectura\" \/>\n\t<meta name=\"twitter:data1\" content=\"3 minutos\" \/>\n<script type=\"application\/ld+json\" class=\"yoast-schema-graph\">{\"@context\":\"https:\/\/schema.org\",\"@graph\":[{\"@type\":\"WebSite\",\"@id\":\"https:\/\/andaluciamejorconciencia.fundaciondescubre.es\/capacitados\/#website\",\"url\":\"https:\/\/andaluciamejorconciencia.fundaciondescubre.es\/capacitados\/\",\"name\":\"CapaCITados\",\"description\":\"\",\"potentialAction\":[{\"@type\":\"SearchAction\",\"target\":\"https:\/\/andaluciamejorconciencia.fundaciondescubre.es\/capacitados\/?s={search_term_string}\",\"query-input\":\"required name=search_term_string\"}],\"inLanguage\":\"es\"},{\"@type\":\"ImageObject\",\"@id\":\"https:\/\/andaluciamejorconciencia.fundaciondescubre.es\/capacitados\/es\/sobre-la-comunidad\/#primaryimage\",\"inLanguage\":\"es\",\"url\":\"http:\/\/andaluciamejorconciencia.fundaciondescubre.es\/capacitados\/wp-content\/uploads\/sites\/13\/2016\/04\/atalaya1.jpg\",\"contentUrl\":\"http:\/\/andaluciamejorconciencia.fundaciondescubre.es\/capacitados\/wp-content\/uploads\/sites\/13\/2016\/04\/atalaya1.jpg\"},{\"@type\":\"WebPage\",\"@id\":\"https:\/\/andaluciamejorconciencia.fundaciondescubre.es\/capacitados\/es\/sobre-la-comunidad\/#webpage\",\"url\":\"https:\/\/andaluciamejorconciencia.fundaciondescubre.es\/capacitados\/es\/sobre-la-comunidad\/\",\"name\":\"Sobre la comunidad - CapaCITados\",\"isPartOf\":{\"@id\":\"https:\/\/andaluciamejorconciencia.fundaciondescubre.es\/capacitados\/#website\"},\"primaryImageOfPage\":{\"@id\":\"https:\/\/andaluciamejorconciencia.fundaciondescubre.es\/capacitados\/es\/sobre-la-comunidad\/#primaryimage\"},\"datePublished\":\"2016-04-19T09:33:50+00:00\",\"dateModified\":\"2016-05-10T12:28:20+00:00\",\"breadcrumb\":{\"@id\":\"https:\/\/andaluciamejorconciencia.fundaciondescubre.es\/capacitados\/es\/sobre-la-comunidad\/#breadcrumb\"},\"inLanguage\":\"es\",\"potentialAction\":[{\"@type\":\"ReadAction\",\"target\":[\"https:\/\/andaluciamejorconciencia.fundaciondescubre.es\/capacitados\/es\/sobre-la-comunidad\/\"]}]},{\"@type\":\"BreadcrumbList\",\"@id\":\"https:\/\/andaluciamejorconciencia.fundaciondescubre.es\/capacitados\/es\/sobre-la-comunidad\/#breadcrumb\",\"itemListElement\":[{\"@type\":\"ListItem\",\"position\":1,\"item\":{\"@type\":\"WebPage\",\"@id\":\"https:\/\/andaluciamejorconciencia.fundaciondescubre.es\/capacitados\/\",\"url\":\"https:\/\/andaluciamejorconciencia.fundaciondescubre.es\/capacitados\/\",\"name\":\"Home\"}},{\"@type\":\"ListItem\",\"position\":2,\"item\":{\"@id\":\"https:\/\/andaluciamejorconciencia.fundaciondescubre.es\/capacitados\/es\/sobre-la-comunidad\/#webpage\"}}]}]}<\/script>\n<!-- \/ Yoast SEO plugin. -->","_links":{"self":[{"href":"https:\/\/andaluciamejorconciencia.fundaciondescubre.es\/capacitados\/wp-json\/wp\/v2\/pages\/11"}],"collection":[{"href":"https:\/\/andaluciamejorconciencia.fundaciondescubre.es\/capacitados\/wp-json\/wp\/v2\/pages"}],"about":[{"href":"https:\/\/andaluciamejorconciencia.fundaciondescubre.es\/capacitados\/wp-json\/wp\/v2\/types\/page"}],"author":[{"embeddable":true,"href":"https:\/\/andaluciamejorconciencia.fundaciondescubre.es\/capacitados\/wp-json\/wp\/v2\/users\/1"}],"replies":[{"embeddable":true,"href":"https:\/\/andaluciamejorconciencia.fundaciondescubre.es\/capacitados\/wp-json\/wp\/v2\/comments?post=11"}],"version-history":[{"count":5,"href":"https:\/\/andaluciamejorconciencia.fundaciondescubre.es\/capacitados\/wp-json\/wp\/v2\/pages\/11\/revisions"}],"predecessor-version":[{"id":376,"href":"https:\/\/andaluciamejorconciencia.fundaciondescubre.es\/capacitados\/wp-json\/wp\/v2\/pages\/11\/revisions\/376"}],"wp:attachment":[{"href":"https:\/\/andaluciamejorconciencia.fundaciondescubre.es\/capacitados\/wp-json\/wp\/v2\/media?parent=11"}],"curies":[{"name":"wp","href":"https:\/\/api.w.org\/{rel}","templated":true}]}}