{"id":9,"date":"2017-07-28T08:18:02","date_gmt":"2017-07-28T08:18:02","guid":{"rendered":"http:\/\/andaluciamejorconciencia.fundaciondescubre.es\/apuesto-por-el-compost-dilar-cig\/sobre-la-comunidad\/"},"modified":"2018-03-02T09:39:36","modified_gmt":"2018-03-02T09:39:36","slug":"sobre-la-comunidad","status":"publish","type":"page","link":"https:\/\/andaluciamejorconciencia.fundaciondescubre.es\/apuesto-por-el-compost-dilar-cig\/es\/sobre-la-comunidad\/","title":{"rendered":"Sobre la comunidad"},"content":{"rendered":"<p>Colegio Internacional de Granada<\/p>\n<p><img loading=\"lazy\" class=\"size-full wp-image-41\" src=\"http:\/\/andaluciamejorconciencia.fundaciondescubre.es\/apuesto-por-el-compost-dilar-cig\/wp-content\/uploads\/sites\/22\/2017\/07\/logoCIG.jpg\" alt=\"Logo Colegio Internacional de Granada (CIG)\" width=\"196\" height=\"72\" \/><\/p>\n<p>Asociaci\u00f3n de padres\/madres de alumnos\/as del Colegio Internacional de Granada<\/p>\n<p>Ayuntamiento de D\u00edlar<\/p>\n<p><img loading=\"lazy\" class=\"size-full wp-image-228 alignleft\" src=\"http:\/\/andaluciamejorconciencia.fundaciondescubre.es\/apuesto-por-el-compost-dilar-cig\/wp-content\/uploads\/sites\/22\/2017\/07\/ayto_dilar.png\" alt=\"ayto_dilar\" width=\"101\" height=\"150\" \/><\/p>\n<p>&nbsp;<\/p>\n<p>&nbsp;<\/p>\n<p>&nbsp;<\/p>\n<p>&nbsp;<\/p>\n<p>Estaci\u00f3n Experimental de Zaid\u00edn<\/p>\n<p><img loading=\"lazy\" class=\"size-full wp-image-229 alignleft\" src=\"http:\/\/andaluciamejorconciencia.fundaciondescubre.es\/apuesto-por-el-compost-dilar-cig\/wp-content\/uploads\/sites\/22\/2017\/07\/logo-eez.png\" alt=\"logo-eez\" width=\"280\" height=\"90\" srcset=\"https:\/\/andaluciamejorconciencia.fundaciondescubre.es\/apuesto-por-el-compost-dilar-cig\/wp-content\/uploads\/sites\/22\/2017\/07\/logo-eez.png 280w, https:\/\/andaluciamejorconciencia.fundaciondescubre.es\/apuesto-por-el-compost-dilar-cig\/wp-content\/uploads\/sites\/22\/2017\/07\/logo-eez-276x90.png 276w\" sizes=\"(max-width: 280px) 85vw, 280px\" \/><\/p>\n","protected":false},"excerpt":{"rendered":"<p>Colegio Internacional de Granada Asociaci\u00f3n de padres\/madres de alumnos\/as del Colegio Internacional de Granada Ayuntamiento de D\u00edlar &nbsp; &nbsp; &nbsp; &nbsp; Estaci\u00f3n Experimental de Zaid\u00edn<\/p>\n","protected":false},"author":1,"featured_media":0,"parent":0,"menu_order":0,"comment_status":"closed","ping_status":"closed","template":"","meta":[],"yoast_head":"<!-- This site is optimized with the Yoast SEO plugin v16.4 - https:\/\/yoast.com\/wordpress\/plugins\/seo\/ -->\n<title>Sobre la comunidad - Apuesto por el Compost D\u00edlar-CIG<\/title>\n<meta name=\"robots\" content=\"index, follow, max-snippet:-1, max-image-preview:large, max-video-preview:-1\" \/>\n<link rel=\"canonical\" href=\"https:\/\/andaluciamejorconciencia.fundaciondescubre.es\/apuesto-por-el-compost-dilar-cig\/es\/sobre-la-comunidad\/\" \/>\n<meta property=\"og:locale\" content=\"es_ES\" \/>\n<meta property=\"og:type\" content=\"article\" \/>\n<meta property=\"og:title\" content=\"Sobre la comunidad - Apuesto por el Compost D\u00edlar-CIG\" \/>\n<meta property=\"og:description\" content=\"Colegio Internacional de Granada Asociaci\u00f3n de padres\/madres de alumnos\/as del Colegio Internacional de Granada Ayuntamiento de D\u00edlar &nbsp; &nbsp; &nbsp; &nbsp; Estaci\u00f3n Experimental de Zaid\u00edn\" \/>\n<meta property=\"og:url\" content=\"https:\/\/andaluciamejorconciencia.fundaciondescubre.es\/apuesto-por-el-compost-dilar-cig\/es\/sobre-la-comunidad\/\" \/>\n<meta property=\"og:site_name\" content=\"Apuesto por el Compost D\u00edlar-CIG\" \/>\n<meta property=\"article:modified_time\" content=\"2018-03-02T09:39:36+00:00\" \/>\n<meta property=\"og:image\" content=\"http:\/\/andaluciamejorconciencia.fundaciondescubre.es\/apuesto-por-el-compost-dilar-cig\/wp-content\/uploads\/sites\/22\/2017\/07\/logoCIG.jpg\" \/>\n<meta name=\"twitter:card\" content=\"summary\" \/>\n<script type=\"application\/ld+json\" class=\"yoast-schema-graph\">{\"@context\":\"https:\/\/schema.org\",\"@graph\":[{\"@type\":\"WebSite\",\"@id\":\"https:\/\/andaluciamejorconciencia.fundaciondescubre.es\/apuesto-por-el-compost-dilar-cig\/#website\",\"url\":\"https:\/\/andaluciamejorconciencia.fundaciondescubre.es\/apuesto-por-el-compost-dilar-cig\/\",\"name\":\"Apuesto por el Compost D\\u00edlar-CIG\",\"description\":\"\",\"potentialAction\":[{\"@type\":\"SearchAction\",\"target\":\"https:\/\/andaluciamejorconciencia.fundaciondescubre.es\/apuesto-por-el-compost-dilar-cig\/?s={search_term_string}\",\"query-input\":\"required name=search_term_string\"}],\"inLanguage\":\"es\"},{\"@type\":\"ImageObject\",\"@id\":\"https:\/\/andaluciamejorconciencia.fundaciondescubre.es\/apuesto-por-el-compost-dilar-cig\/es\/sobre-la-comunidad\/#primaryimage\",\"inLanguage\":\"es\",\"url\":\"http:\/\/andaluciamejorconciencia.fundaciondescubre.es\/apuesto-por-el-compost-dilar-cig\/wp-content\/uploads\/sites\/22\/2017\/07\/logoCIG.jpg\",\"contentUrl\":\"http:\/\/andaluciamejorconciencia.fundaciondescubre.es\/apuesto-por-el-compost-dilar-cig\/wp-content\/uploads\/sites\/22\/2017\/07\/logoCIG.jpg\"},{\"@type\":\"WebPage\",\"@id\":\"https:\/\/andaluciamejorconciencia.fundaciondescubre.es\/apuesto-por-el-compost-dilar-cig\/es\/sobre-la-comunidad\/#webpage\",\"url\":\"https:\/\/andaluciamejorconciencia.fundaciondescubre.es\/apuesto-por-el-compost-dilar-cig\/es\/sobre-la-comunidad\/\",\"name\":\"Sobre la comunidad - Apuesto por el Compost D\\u00edlar-CIG\",\"isPartOf\":{\"@id\":\"https:\/\/andaluciamejorconciencia.fundaciondescubre.es\/apuesto-por-el-compost-dilar-cig\/#website\"},\"primaryImageOfPage\":{\"@id\":\"https:\/\/andaluciamejorconciencia.fundaciondescubre.es\/apuesto-por-el-compost-dilar-cig\/es\/sobre-la-comunidad\/#primaryimage\"},\"datePublished\":\"2017-07-28T08:18:02+00:00\",\"dateModified\":\"2018-03-02T09:39:36+00:00\",\"breadcrumb\":{\"@id\":\"https:\/\/andaluciamejorconciencia.fundaciondescubre.es\/apuesto-por-el-compost-dilar-cig\/es\/sobre-la-comunidad\/#breadcrumb\"},\"inLanguage\":\"es\",\"potentialAction\":[{\"@type\":\"ReadAction\",\"target\":[\"https:\/\/andaluciamejorconciencia.fundaciondescubre.es\/apuesto-por-el-compost-dilar-cig\/es\/sobre-la-comunidad\/\"]}]},{\"@type\":\"BreadcrumbList\",\"@id\":\"https:\/\/andaluciamejorconciencia.fundaciondescubre.es\/apuesto-por-el-compost-dilar-cig\/es\/sobre-la-comunidad\/#breadcrumb\",\"itemListElement\":[{\"@type\":\"ListItem\",\"position\":1,\"item\":{\"@type\":\"WebPage\",\"@id\":\"https:\/\/andaluciamejorconciencia.fundaciondescubre.es\/apuesto-por-el-compost-dilar-cig\/\",\"url\":\"https:\/\/andaluciamejorconciencia.fundaciondescubre.es\/apuesto-por-el-compost-dilar-cig\/\",\"name\":\"Portada\"}},{\"@type\":\"ListItem\",\"position\":2,\"item\":{\"@id\":\"https:\/\/andaluciamejorconciencia.fundaciondescubre.es\/apuesto-por-el-compost-dilar-cig\/es\/sobre-la-comunidad\/#webpage\"}}]}]}<\/script>\n<!-- \/ Yoast SEO plugin. -->","_links":{"self":[{"href":"https:\/\/andaluciamejorconciencia.fundaciondescubre.es\/apuesto-por-el-compost-dilar-cig\/wp-json\/wp\/v2\/pages\/9"}],"collection":[{"href":"https:\/\/andaluciamejorconciencia.fundaciondescubre.es\/apuesto-por-el-compost-dilar-cig\/wp-json\/wp\/v2\/pages"}],"about":[{"href":"https:\/\/andaluciamejorconciencia.fundaciondescubre.es\/apuesto-por-el-compost-dilar-cig\/wp-json\/wp\/v2\/types\/page"}],"author":[{"embeddable":true,"href":"https:\/\/andaluciamejorconciencia.fundaciondescubre.es\/apuesto-por-el-compost-dilar-cig\/wp-json\/wp\/v2\/users\/1"}],"replies":[{"embeddable":true,"href":"https:\/\/andaluciamejorconciencia.fundaciondescubre.es\/apuesto-por-el-compost-dilar-cig\/wp-json\/wp\/v2\/comments?post=9"}],"version-history":[{"count":5,"href":"https:\/\/andaluciamejorconciencia.fundaciondescubre.es\/apuesto-por-el-compost-dilar-cig\/wp-json\/wp\/v2\/pages\/9\/revisions"}],"predecessor-version":[{"id":234,"href":"https:\/\/andaluciamejorconciencia.fundaciondescubre.es\/apuesto-por-el-compost-dilar-cig\/wp-json\/wp\/v2\/pages\/9\/revisions\/234"}],"wp:attachment":[{"href":"https:\/\/andaluciamejorconciencia.fundaciondescubre.es\/apuesto-por-el-compost-dilar-cig\/wp-json\/wp\/v2\/media?parent=9"}],"curies":[{"name":"wp","href":"https:\/\/api.w.org\/{rel}","templated":true}]}}