{"id":14,"date":"2020-01-27T08:58:30","date_gmt":"2020-01-27T08:58:30","guid":{"rendered":"http:\/\/andaluciamejorconciencia.fundaciondescubre.es\/acuaponiamurube\/agentes-y-entidades-que-colaboran\/"},"modified":"2020-02-07T10:36:31","modified_gmt":"2020-02-07T10:36:31","slug":"agentes-y-entidades-que-colaboran","status":"publish","type":"page","link":"https:\/\/andaluciamejorconciencia.fundaciondescubre.es\/acuaponiamurube\/es\/agentes-y-entidades-que-colaboran\/","title":{"rendered":"Agentes y entidades que colaboran"},"content":{"rendered":"<p>Agentes sociales implicados:<\/p>\n<p>Centros Educativos:<\/p>\n<ul>\n<li>IES JOAQU\u00cdN ROMERO MURUBE: en concreto con el alumnado de 1\u00ba, 2\u00ba, 3\u00ba y 4\u00ba de la ESO y un grupo de 5 profesores\/as.<\/li>\n<li>Centros que quieran venir a realizar la visita: tenemos varias peticiones ya hechas.<\/li>\n<\/ul>\n<p>Asociaciones:<\/p>\n<ul>\n<li>Plant\u00edo Chinampas: asociaci\u00f3n del barrio que pretende fomentar la acuapon\u00eda en todos los sectores y entidad del experto que nos asesorar\u00e1<\/li>\n<li>Entreamigos: asociaci\u00f3n que trabaja en el barrio con las familias y utiliza las instalaciones del centro para realizar actividades con ellas.<\/li>\n<\/ul>\n<p>Organismos P\u00fablicos:<\/p>\n<ul>\n<li>Comisionado para el Pol\u00edgono Sur: realiza una labor de apoyo institucional al proyecto.<\/li>\n<li>Universidad de Sevilla (Facultad de Agronom\u00eda): fundamentalmente son el origen del proyecto y nos apoyan en la realizaci\u00f3n de visitas a sus instalaciones, asesoramiento t\u00e9cnico, nos dan materiales dif\u00edciles de conseguir, plantas,\u2026<\/li>\n<\/ul>\n<p>Entidad colaboradora:<\/p>\n<ul>\n<li class=\"Listaconvietas1\">Fundaci\u00f3n Descubre.<\/li>\n<\/ul>\n","protected":false},"excerpt":{"rendered":"<p>Agentes sociales implicados: Centros Educativos: IES JOAQU\u00cdN ROMERO MURUBE: en concreto con el alumnado de 1\u00ba, 2\u00ba, 3\u00ba y 4\u00ba de la ESO y un grupo de 5 profesores\/as. Centros que quieran venir a realizar la visita: tenemos varias peticiones ya hechas. Asociaciones: Plant\u00edo Chinampas: asociaci\u00f3n del barrio que pretende fomentar la acuapon\u00eda en todos &hellip; <a href=\"https:\/\/andaluciamejorconciencia.fundaciondescubre.es\/acuaponiamurube\/es\/agentes-y-entidades-que-colaboran\/\" class=\"more-link\">Continuar leyendo<span class=\"screen-reader-text\"> &#8220;Agentes y entidades que colaboran&#8221;<\/span><\/a><\/p>\n","protected":false},"author":1,"featured_media":0,"parent":0,"menu_order":0,"comment_status":"closed","ping_status":"closed","template":"","meta":[],"yoast_head":"<!-- This site is optimized with the Yoast SEO plugin v16.4 - https:\/\/yoast.com\/wordpress\/plugins\/seo\/ -->\n<title>Agentes y entidades que colaboran - Acuapon\u00eda Murube<\/title>\n<meta name=\"robots\" content=\"index, follow, max-snippet:-1, max-image-preview:large, max-video-preview:-1\" \/>\n<link rel=\"canonical\" href=\"https:\/\/andaluciamejorconciencia.fundaciondescubre.es\/acuaponiamurube\/es\/agentes-y-entidades-que-colaboran\/\" \/>\n<meta property=\"og:locale\" content=\"es_ES\" \/>\n<meta property=\"og:type\" content=\"article\" \/>\n<meta property=\"og:title\" content=\"Agentes y entidades que colaboran - Acuapon\u00eda Murube\" \/>\n<meta property=\"og:description\" content=\"Agentes sociales implicados: Centros Educativos: IES JOAQU\u00cdN ROMERO MURUBE: en concreto con el alumnado de 1\u00ba, 2\u00ba, 3\u00ba y 4\u00ba de la ESO y un grupo de 5 profesores\/as. Centros que quieran venir a realizar la visita: tenemos varias peticiones ya hechas. Asociaciones: Plant\u00edo Chinampas: asociaci\u00f3n del barrio que pretende fomentar la acuapon\u00eda en todos &hellip; Continuar leyendo &quot;Agentes y entidades que colaboran&quot;\" \/>\n<meta property=\"og:url\" content=\"https:\/\/andaluciamejorconciencia.fundaciondescubre.es\/acuaponiamurube\/es\/agentes-y-entidades-que-colaboran\/\" \/>\n<meta property=\"og:site_name\" content=\"Acuapon\u00eda Murube\" \/>\n<meta property=\"article:modified_time\" content=\"2020-02-07T10:36:31+00:00\" \/>\n<meta name=\"twitter:card\" content=\"summary\" \/>\n<meta name=\"twitter:label1\" content=\"Tiempo de lectura\" \/>\n\t<meta name=\"twitter:data1\" content=\"1 minuto\" \/>\n<script type=\"application\/ld+json\" class=\"yoast-schema-graph\">{\"@context\":\"https:\/\/schema.org\",\"@graph\":[{\"@type\":\"WebSite\",\"@id\":\"https:\/\/andaluciamejorconciencia.fundaciondescubre.es\/acuaponiamurube\/#website\",\"url\":\"https:\/\/andaluciamejorconciencia.fundaciondescubre.es\/acuaponiamurube\/\",\"name\":\"Acuapon\\u00eda Murube\",\"description\":\"\",\"potentialAction\":[{\"@type\":\"SearchAction\",\"target\":\"https:\/\/andaluciamejorconciencia.fundaciondescubre.es\/acuaponiamurube\/?s={search_term_string}\",\"query-input\":\"required name=search_term_string\"}],\"inLanguage\":\"es\"},{\"@type\":\"WebPage\",\"@id\":\"https:\/\/andaluciamejorconciencia.fundaciondescubre.es\/acuaponiamurube\/es\/agentes-y-entidades-que-colaboran\/#webpage\",\"url\":\"https:\/\/andaluciamejorconciencia.fundaciondescubre.es\/acuaponiamurube\/es\/agentes-y-entidades-que-colaboran\/\",\"name\":\"Agentes y entidades que colaboran - Acuapon\\u00eda Murube\",\"isPartOf\":{\"@id\":\"https:\/\/andaluciamejorconciencia.fundaciondescubre.es\/acuaponiamurube\/#website\"},\"datePublished\":\"2020-01-27T08:58:30+00:00\",\"dateModified\":\"2020-02-07T10:36:31+00:00\",\"breadcrumb\":{\"@id\":\"https:\/\/andaluciamejorconciencia.fundaciondescubre.es\/acuaponiamurube\/es\/agentes-y-entidades-que-colaboran\/#breadcrumb\"},\"inLanguage\":\"es\",\"potentialAction\":[{\"@type\":\"ReadAction\",\"target\":[\"https:\/\/andaluciamejorconciencia.fundaciondescubre.es\/acuaponiamurube\/es\/agentes-y-entidades-que-colaboran\/\"]}]},{\"@type\":\"BreadcrumbList\",\"@id\":\"https:\/\/andaluciamejorconciencia.fundaciondescubre.es\/acuaponiamurube\/es\/agentes-y-entidades-que-colaboran\/#breadcrumb\",\"itemListElement\":[{\"@type\":\"ListItem\",\"position\":1,\"item\":{\"@type\":\"WebPage\",\"@id\":\"https:\/\/andaluciamejorconciencia.fundaciondescubre.es\/acuaponiamurube\/\",\"url\":\"https:\/\/andaluciamejorconciencia.fundaciondescubre.es\/acuaponiamurube\/\",\"name\":\"Portada\"}},{\"@type\":\"ListItem\",\"position\":2,\"item\":{\"@id\":\"https:\/\/andaluciamejorconciencia.fundaciondescubre.es\/acuaponiamurube\/es\/agentes-y-entidades-que-colaboran\/#webpage\"}}]}]}<\/script>\n<!-- \/ Yoast SEO plugin. -->","_links":{"self":[{"href":"https:\/\/andaluciamejorconciencia.fundaciondescubre.es\/acuaponiamurube\/wp-json\/wp\/v2\/pages\/14"}],"collection":[{"href":"https:\/\/andaluciamejorconciencia.fundaciondescubre.es\/acuaponiamurube\/wp-json\/wp\/v2\/pages"}],"about":[{"href":"https:\/\/andaluciamejorconciencia.fundaciondescubre.es\/acuaponiamurube\/wp-json\/wp\/v2\/types\/page"}],"author":[{"embeddable":true,"href":"https:\/\/andaluciamejorconciencia.fundaciondescubre.es\/acuaponiamurube\/wp-json\/wp\/v2\/users\/1"}],"replies":[{"embeddable":true,"href":"https:\/\/andaluciamejorconciencia.fundaciondescubre.es\/acuaponiamurube\/wp-json\/wp\/v2\/comments?post=14"}],"version-history":[{"count":2,"href":"https:\/\/andaluciamejorconciencia.fundaciondescubre.es\/acuaponiamurube\/wp-json\/wp\/v2\/pages\/14\/revisions"}],"predecessor-version":[{"id":47,"href":"https:\/\/andaluciamejorconciencia.fundaciondescubre.es\/acuaponiamurube\/wp-json\/wp\/v2\/pages\/14\/revisions\/47"}],"wp:attachment":[{"href":"https:\/\/andaluciamejorconciencia.fundaciondescubre.es\/acuaponiamurube\/wp-json\/wp\/v2\/media?parent=14"}],"curies":[{"name":"wp","href":"https:\/\/api.w.org\/{rel}","templated":true}]}}