{"id":10,"date":"2020-01-27T08:58:29","date_gmt":"2020-01-27T08:58:29","guid":{"rendered":"http:\/\/andaluciamejorconciencia.fundaciondescubre.es\/acuaponiamurube\/sobre-la-comunidad\/"},"modified":"2020-02-10T13:12:47","modified_gmt":"2020-02-10T13:12:47","slug":"sobre-la-comunidad","status":"publish","type":"page","link":"https:\/\/andaluciamejorconciencia.fundaciondescubre.es\/acuaponiamurube\/es\/sobre-la-comunidad\/","title":{"rendered":"Sobre la comunidad"},"content":{"rendered":"<p>Nuestro proyecto consiste en hacer un uso cient\u00edfico de una instalaci\u00f3n acuap\u00f3nica, de forma que el alumnado aprenda a realizar las t\u00e9cnicas de an\u00e1lisis, utilizar el instrumental de laboratorio, realice las actividades de mantenimiento y funcionamiento de un sistema acuap\u00f3nico que ya tenemos instalado en el centro gracias a un proyecto de investigaci\u00f3n previo de la Universidad de Sevilla (Facultad de Agronom\u00eda).<\/p>\n<p><img loading=\"lazy\" class=\"alignnone size-medium wp-image-64\" src=\"http:\/\/andaluciamejorconciencia.fundaciondescubre.es\/acuaponiamurube\/wp-content\/uploads\/sites\/28\/2020\/01\/5-1-225x300.jpg\" alt=\"5\" width=\"225\" height=\"300\" srcset=\"https:\/\/andaluciamejorconciencia.fundaciondescubre.es\/acuaponiamurube\/wp-content\/uploads\/sites\/28\/2020\/01\/5-1-225x300.jpg 225w, https:\/\/andaluciamejorconciencia.fundaciondescubre.es\/acuaponiamurube\/wp-content\/uploads\/sites\/28\/2020\/01\/5-1.jpg 400w\" sizes=\"(max-width: 225px) 85vw, 225px\" \/><\/p>\n<p>Queremos aprovechar esta experiencia para\u00a0 que nuestro alumnado aprenda a realizar las t\u00e9cnicas y usar los instrumentos necesarios para el funcionamiento de la instalaci\u00f3n. Para ello necesitaremos desarrollar t\u00e9cnicas de laboratorio, recopilaci\u00f3n de datos, elaboraci\u00f3n de gr\u00e1ficas, estudio de ciclos de vida, estudio de par\u00e1metros f\u00edsicos y qu\u00edmicos de agua, etc.<\/p>\n<p>Nuestro empe\u00f1o por acercar la ciencia ciudadana a nuestro alumnado es tambi\u00e9n por acercarles una forma de desarrollo profesional, en particular a nuestras alumnas, las cuales se plantean rara vez, realizar alg\u00fan estudio relacionado con la ciencia, inclin\u00e1ndose casi siempre por abandonar los estudios o realizar estudios encaminados\u00a0 con los cuidados. Surge aqu\u00ed la importancia de realizar un proyecto de ciencia ciudadana en nuestro entorno y con nuestro alumnado.<\/p>\n<p>&nbsp;<\/p>\n","protected":false},"excerpt":{"rendered":"<p>Nuestro proyecto consiste en hacer un uso cient\u00edfico de una instalaci\u00f3n acuap\u00f3nica, de forma que el alumnado aprenda a realizar las t\u00e9cnicas de an\u00e1lisis, utilizar el instrumental de laboratorio, realice las actividades de mantenimiento y funcionamiento de un sistema acuap\u00f3nico que ya tenemos instalado en el centro gracias a un proyecto de investigaci\u00f3n previo de &hellip; <a href=\"https:\/\/andaluciamejorconciencia.fundaciondescubre.es\/acuaponiamurube\/es\/sobre-la-comunidad\/\" class=\"more-link\">Continuar leyendo<span class=\"screen-reader-text\"> &#8220;Sobre la comunidad&#8221;<\/span><\/a><\/p>\n","protected":false},"author":1,"featured_media":0,"parent":0,"menu_order":0,"comment_status":"closed","ping_status":"closed","template":"","meta":[],"yoast_head":"<!-- This site is optimized with the Yoast SEO plugin v16.4 - https:\/\/yoast.com\/wordpress\/plugins\/seo\/ -->\n<title>Sobre la comunidad - Acuapon\u00eda Murube<\/title>\n<meta name=\"robots\" content=\"index, follow, max-snippet:-1, max-image-preview:large, max-video-preview:-1\" \/>\n<link rel=\"canonical\" href=\"https:\/\/andaluciamejorconciencia.fundaciondescubre.es\/acuaponiamurube\/es\/sobre-la-comunidad\/\" \/>\n<meta property=\"og:locale\" content=\"es_ES\" \/>\n<meta property=\"og:type\" content=\"article\" \/>\n<meta property=\"og:title\" content=\"Sobre la comunidad - Acuapon\u00eda Murube\" \/>\n<meta property=\"og:description\" content=\"Nuestro proyecto consiste en hacer un uso cient\u00edfico de una instalaci\u00f3n acuap\u00f3nica, de forma que el alumnado aprenda a realizar las t\u00e9cnicas de an\u00e1lisis, utilizar el instrumental de laboratorio, realice las actividades de mantenimiento y funcionamiento de un sistema acuap\u00f3nico que ya tenemos instalado en el centro gracias a un proyecto de investigaci\u00f3n previo de &hellip; Continuar leyendo &quot;Sobre la comunidad&quot;\" \/>\n<meta property=\"og:url\" content=\"https:\/\/andaluciamejorconciencia.fundaciondescubre.es\/acuaponiamurube\/es\/sobre-la-comunidad\/\" \/>\n<meta property=\"og:site_name\" content=\"Acuapon\u00eda Murube\" \/>\n<meta property=\"article:modified_time\" content=\"2020-02-10T13:12:47+00:00\" \/>\n<meta property=\"og:image\" content=\"http:\/\/andaluciamejorconciencia.fundaciondescubre.es\/acuaponiamurube\/wp-content\/uploads\/sites\/28\/2020\/01\/5-1-225x300.jpg\" \/>\n<meta name=\"twitter:card\" content=\"summary\" \/>\n<meta name=\"twitter:label1\" content=\"Tiempo de lectura\" \/>\n\t<meta name=\"twitter:data1\" content=\"1 minuto\" \/>\n<script type=\"application\/ld+json\" class=\"yoast-schema-graph\">{\"@context\":\"https:\/\/schema.org\",\"@graph\":[{\"@type\":\"WebSite\",\"@id\":\"https:\/\/andaluciamejorconciencia.fundaciondescubre.es\/acuaponiamurube\/#website\",\"url\":\"https:\/\/andaluciamejorconciencia.fundaciondescubre.es\/acuaponiamurube\/\",\"name\":\"Acuapon\\u00eda Murube\",\"description\":\"\",\"potentialAction\":[{\"@type\":\"SearchAction\",\"target\":\"https:\/\/andaluciamejorconciencia.fundaciondescubre.es\/acuaponiamurube\/?s={search_term_string}\",\"query-input\":\"required name=search_term_string\"}],\"inLanguage\":\"es\"},{\"@type\":\"ImageObject\",\"@id\":\"https:\/\/andaluciamejorconciencia.fundaciondescubre.es\/acuaponiamurube\/es\/sobre-la-comunidad\/#primaryimage\",\"inLanguage\":\"es\",\"url\":\"http:\/\/andaluciamejorconciencia.fundaciondescubre.es\/acuaponiamurube\/wp-content\/uploads\/sites\/28\/2020\/01\/5-1-225x300.jpg\",\"contentUrl\":\"http:\/\/andaluciamejorconciencia.fundaciondescubre.es\/acuaponiamurube\/wp-content\/uploads\/sites\/28\/2020\/01\/5-1-225x300.jpg\"},{\"@type\":\"WebPage\",\"@id\":\"https:\/\/andaluciamejorconciencia.fundaciondescubre.es\/acuaponiamurube\/es\/sobre-la-comunidad\/#webpage\",\"url\":\"https:\/\/andaluciamejorconciencia.fundaciondescubre.es\/acuaponiamurube\/es\/sobre-la-comunidad\/\",\"name\":\"Sobre la comunidad - Acuapon\\u00eda Murube\",\"isPartOf\":{\"@id\":\"https:\/\/andaluciamejorconciencia.fundaciondescubre.es\/acuaponiamurube\/#website\"},\"primaryImageOfPage\":{\"@id\":\"https:\/\/andaluciamejorconciencia.fundaciondescubre.es\/acuaponiamurube\/es\/sobre-la-comunidad\/#primaryimage\"},\"datePublished\":\"2020-01-27T08:58:29+00:00\",\"dateModified\":\"2020-02-10T13:12:47+00:00\",\"breadcrumb\":{\"@id\":\"https:\/\/andaluciamejorconciencia.fundaciondescubre.es\/acuaponiamurube\/es\/sobre-la-comunidad\/#breadcrumb\"},\"inLanguage\":\"es\",\"potentialAction\":[{\"@type\":\"ReadAction\",\"target\":[\"https:\/\/andaluciamejorconciencia.fundaciondescubre.es\/acuaponiamurube\/es\/sobre-la-comunidad\/\"]}]},{\"@type\":\"BreadcrumbList\",\"@id\":\"https:\/\/andaluciamejorconciencia.fundaciondescubre.es\/acuaponiamurube\/es\/sobre-la-comunidad\/#breadcrumb\",\"itemListElement\":[{\"@type\":\"ListItem\",\"position\":1,\"item\":{\"@type\":\"WebPage\",\"@id\":\"https:\/\/andaluciamejorconciencia.fundaciondescubre.es\/acuaponiamurube\/\",\"url\":\"https:\/\/andaluciamejorconciencia.fundaciondescubre.es\/acuaponiamurube\/\",\"name\":\"Portada\"}},{\"@type\":\"ListItem\",\"position\":2,\"item\":{\"@id\":\"https:\/\/andaluciamejorconciencia.fundaciondescubre.es\/acuaponiamurube\/es\/sobre-la-comunidad\/#webpage\"}}]}]}<\/script>\n<!-- \/ Yoast SEO plugin. -->","_links":{"self":[{"href":"https:\/\/andaluciamejorconciencia.fundaciondescubre.es\/acuaponiamurube\/wp-json\/wp\/v2\/pages\/10"}],"collection":[{"href":"https:\/\/andaluciamejorconciencia.fundaciondescubre.es\/acuaponiamurube\/wp-json\/wp\/v2\/pages"}],"about":[{"href":"https:\/\/andaluciamejorconciencia.fundaciondescubre.es\/acuaponiamurube\/wp-json\/wp\/v2\/types\/page"}],"author":[{"embeddable":true,"href":"https:\/\/andaluciamejorconciencia.fundaciondescubre.es\/acuaponiamurube\/wp-json\/wp\/v2\/users\/1"}],"replies":[{"embeddable":true,"href":"https:\/\/andaluciamejorconciencia.fundaciondescubre.es\/acuaponiamurube\/wp-json\/wp\/v2\/comments?post=10"}],"version-history":[{"count":9,"href":"https:\/\/andaluciamejorconciencia.fundaciondescubre.es\/acuaponiamurube\/wp-json\/wp\/v2\/pages\/10\/revisions"}],"predecessor-version":[{"id":97,"href":"https:\/\/andaluciamejorconciencia.fundaciondescubre.es\/acuaponiamurube\/wp-json\/wp\/v2\/pages\/10\/revisions\/97"}],"wp:attachment":[{"href":"https:\/\/andaluciamejorconciencia.fundaciondescubre.es\/acuaponiamurube\/wp-json\/wp\/v2\/media?parent=10"}],"curies":[{"name":"wp","href":"https:\/\/api.w.org\/{rel}","templated":true}]}}